{"id":573,"date":"2025-08-26T18:59:34","date_gmt":"2025-08-26T18:59:34","guid":{"rendered":"https:\/\/michigancelebrates.org\/mcsbv4\/?page_id=573"},"modified":"2026-02-10T23:54:33","modified_gmt":"2026-02-10T23:54:33","slug":"become-a-media-partner","status":"publish","type":"page","link":"https:\/\/michigancelebrates.org\/es\/become-a-media-partner\/","title":{"rendered":"Obtener credenciales de prensa"},"content":{"rendered":"\t\t<div data-elementor-type=\"wp-page\" data-elementor-id=\"573\" class=\"elementor elementor-573\" data-elementor-post-type=\"page\">\n\t\t\t\t<div class=\"elementor-element elementor-element-6b13412c e-flex e-con-boxed e-con e-parent\" data-id=\"6b13412c\" data-element_type=\"container\" data-e-type=\"container\" data-settings=\"{&quot;background_background&quot;:&quot;classic&quot;,&quot;background_motion_fx_motion_fx_scrolling&quot;:&quot;yes&quot;,&quot;background_motion_fx_translateY_effect&quot;:&quot;yes&quot;,&quot;background_motion_fx_translateY_speed&quot;:{&quot;unit&quot;:&quot;px&quot;,&quot;size&quot;:6.5,&quot;sizes&quot;:[]},&quot;background_motion_fx_translateY_affectedRange&quot;:{&quot;unit&quot;:&quot;%&quot;,&quot;size&quot;:&quot;&quot;,&quot;sizes&quot;:{&quot;start&quot;:0,&quot;end&quot;:100}},&quot;background_motion_fx_devices&quot;:[&quot;desktop&quot;,&quot;tablet&quot;,&quot;mobile&quot;]}\">\n\t\t\t\t\t<div class=\"e-con-inner\">\n\t\t\t\t<div class=\"elementor-element elementor-element-6855488b elementor-invisible elementor-widget elementor-widget-heading\" data-id=\"6855488b\" data-element_type=\"widget\" data-e-type=\"widget\" data-settings=\"{&quot;_animation&quot;:&quot;fadeIn&quot;}\" data-widget_type=\"heading.default\">\n\t\t\t\t\t<h1 class=\"elementor-heading-title elementor-size-default\">Request a media pass<\/h1>\t\t\t\t<\/div>\n\t\t\t\t<div class=\"elementor-element elementor-element-763e6dc7 elementor-invisible elementor-widget elementor-widget-text-editor\" data-id=\"763e6dc7\" data-element_type=\"widget\" data-e-type=\"widget\" data-settings=\"{&quot;_animation&quot;:&quot;fadeIn&quot;,&quot;_animation_delay&quot;:400}\" data-widget_type=\"text-editor.default\">\n\t\t\t\t\t\t\t\t\t<p>Every year, we are able to bring more people together to celebrate small business with the help of our media partners. Our media partners continue to create awareness for our event while demonstrating their belief in the importance of small business and economic growth in Michigan.<\/p><p><strong>For passes to cover the event, please click the button below and complete the form.<\/strong><\/p>\t\t\t\t\t\t\t\t<\/div>\n\t\t\t\t<div class=\"elementor-element elementor-element-f977fc5 elementor-align-center elementor-invisible elementor-widget elementor-widget-button\" data-id=\"f977fc5\" data-element_type=\"widget\" data-e-type=\"widget\" data-settings=\"{&quot;_animation&quot;:&quot;fadeIn&quot;,&quot;_animation_delay&quot;:600}\" data-widget_type=\"button.default\">\n\t\t\t\t\t\t\t\t\t\t<a class=\"elementor-button elementor-button-link elementor-size-sm elementor-animation-push\" href=\"https:\/\/docs.google.com\/forms\/d\/e\/1FAIpQLSe2A8Fb3i3G75MjxW7RUBmGq6R3cstd7Zyab0rEkM02Y41RDw\/viewform\" target=\"_blank\">\n\t\t\t\t\t\t<span class=\"elementor-button-content-wrapper\">\n\t\t\t\t\t\t\t\t\t<span class=\"elementor-button-text\">Apply For Media Passes<\/span>\n\t\t\t\t\t<\/span>\n\t\t\t\t\t<\/a>\n\t\t\t\t\t\t\t\t<\/div>\n\t\t\t\t\t<\/div>\n\t\t\t\t<\/div>\n\t\t<div class=\"elementor-element elementor-element-268c3338 e-flex e-con-boxed e-con e-parent\" data-id=\"268c3338\" data-element_type=\"container\" data-e-type=\"container\">\n\t\t\t\t\t<div class=\"e-con-inner\">\n\t\t\t\t<div class=\"elementor-element elementor-element-a18b44b elementor-widget elementor-widget-heading\" data-id=\"a18b44b\" data-element_type=\"widget\" data-e-type=\"widget\" data-widget_type=\"heading.default\">\n\t\t\t\t\t<h2 class=\"elementor-heading-title elementor-size-default\">Media Partner Contact Information<\/h2>\t\t\t\t<\/div>\n\t\t\t\t<div class=\"elementor-element elementor-element-a6f74a8 elementor-widget elementor-widget-image\" data-id=\"a6f74a8\" data-element_type=\"widget\" data-e-type=\"widget\" data-widget_type=\"image.default\">\n\t\t\t\t\t\t\t\t\t\t\t\t\t\t\t<img decoding=\"async\" width=\"300\" height=\"125\" src=\"https:\/\/michigancelebrates.org\/wp-content\/uploads\/2026\/02\/Resch-MCSB-Logo-300x125.png\" class=\"attachment-medium size-medium wp-image-1617\" alt=\"Resch MCSB Logo\" srcset=\"https:\/\/michigancelebrates.org\/wp-content\/uploads\/2026\/02\/Resch-MCSB-Logo-300x125.png 300w, https:\/\/michigancelebrates.org\/wp-content\/uploads\/2026\/02\/Resch-MCSB-Logo-1024x427.png 1024w, https:\/\/michigancelebrates.org\/wp-content\/uploads\/2026\/02\/Resch-MCSB-Logo-768x320.png 768w, https:\/\/michigancelebrates.org\/wp-content\/uploads\/2026\/02\/Resch-MCSB-Logo-1536x640.png 1536w, https:\/\/michigancelebrates.org\/wp-content\/uploads\/2026\/02\/Resch-MCSB-Logo-2048x853.png 2048w, https:\/\/michigancelebrates.org\/wp-content\/uploads\/2026\/02\/Resch-MCSB-Logo-18x8.png 18w\" sizes=\"(max-width: 300px) 100vw, 300px\" \/>\t\t\t\t\t\t\t\t\t\t\t\t\t\t\t<\/div>\n\t\t\t\t<div class=\"elementor-element elementor-element-180a7088 elementor-widget elementor-widget-text-editor\" data-id=\"180a7088\" data-element_type=\"widget\" data-e-type=\"widget\" data-widget_type=\"text-editor.default\">\n\t\t\t\t\t\t\t\t\t<p><strong>Official Media Partner: Resch Strategies<\/strong><\/p><p><strong><em>Contact<br \/><\/em><\/strong>Laura Biehl at\u00a0<a href=\"mailto:laura@reschstrategies.com\">laura@reschstrategies.com<\/a>.<\/p>\t\t\t\t\t\t\t\t<\/div>\n\t\t\t\t\t<\/div>\n\t\t\t\t<\/div>\n\t\t\t\t<\/div>\n\t\t","protected":false},"excerpt":{"rendered":"<p>Request a media pass Every year, we are able to bring more people together to celebrate small business with the help of our media partners. Our media partners continue to create awareness for our event while demonstrating their belief in the importance of small business and economic growth in Michigan. For passes to cover the [&hellip;]<\/p>\n","protected":false},"author":1,"featured_media":0,"parent":0,"menu_order":0,"comment_status":"closed","ping_status":"closed","template":"","meta":{"footnotes":""},"class_list":["post-573","page","type-page","status-publish","hentry"],"yoast_head":"<!-- This site is optimized with the Yoast SEO plugin v27.3 - https:\/\/yoast.com\/product\/yoast-seo-wordpress\/ -->\n<title>Obtain Media Credentials | Michigan Celebrates Small Business<\/title>\n<meta name=\"description\" content=\"Our media partners create awareness for our event while demonstrating their belief in the importance of small business and economic growth in Michigan.\" \/>\n<meta name=\"robots\" content=\"index, follow, max-snippet:-1, max-image-preview:large, max-video-preview:-1\" \/>\n<link rel=\"canonical\" href=\"https:\/\/michigancelebrates.org\/es\/become-a-media-partner\/\" \/>\n<meta property=\"og:locale\" content=\"es_MX\" \/>\n<meta property=\"og:type\" content=\"article\" \/>\n<meta property=\"og:title\" content=\"Obtain Media Credentials | Michigan Celebrates Small Business\" \/>\n<meta property=\"og:description\" content=\"Our media partners create awareness for our event while demonstrating their belief in the importance of small business and economic growth in Michigan.\" \/>\n<meta property=\"og:url\" content=\"https:\/\/michigancelebrates.org\/es\/become-a-media-partner\/\" \/>\n<meta property=\"og:site_name\" content=\"Michigan Celebrates Small Business\" \/>\n<meta property=\"article:publisher\" content=\"https:\/\/www.facebook.com\/theMCSB\" \/>\n<meta property=\"article:modified_time\" content=\"2026-02-10T23:54:33+00:00\" \/>\n<meta property=\"og:image\" content=\"https:\/\/michigancelebrates.org\/wp-content\/uploads\/2026\/02\/Resch-MCSB-Logo-300x125.png\" \/>\n<meta name=\"twitter:card\" content=\"summary_large_image\" \/>\n<meta name=\"twitter:site\" content=\"@theMCSB\" \/>\n<script type=\"application\/ld+json\" class=\"yoast-schema-graph\">{\"@context\":\"https:\\\/\\\/schema.org\",\"@graph\":[{\"@type\":\"WebPage\",\"@id\":\"https:\\\/\\\/michigancelebrates.org\\\/become-a-media-partner\\\/\",\"url\":\"https:\\\/\\\/michigancelebrates.org\\\/become-a-media-partner\\\/\",\"name\":\"Obtain Media Credentials | Michigan Celebrates Small Business\",\"isPartOf\":{\"@id\":\"https:\\\/\\\/michigancelebrates.org\\\/#website\"},\"primaryImageOfPage\":{\"@id\":\"https:\\\/\\\/michigancelebrates.org\\\/become-a-media-partner\\\/#primaryimage\"},\"image\":{\"@id\":\"https:\\\/\\\/michigancelebrates.org\\\/become-a-media-partner\\\/#primaryimage\"},\"thumbnailUrl\":\"https:\\\/\\\/michigancelebrates.org\\\/wp-content\\\/uploads\\\/2026\\\/02\\\/Resch-MCSB-Logo-300x125.png\",\"datePublished\":\"2025-08-26T18:59:34+00:00\",\"dateModified\":\"2026-02-10T23:54:33+00:00\",\"description\":\"Our media partners create awareness for our event while demonstrating their belief in the importance of small business and economic growth in Michigan.\",\"breadcrumb\":{\"@id\":\"https:\\\/\\\/michigancelebrates.org\\\/become-a-media-partner\\\/#breadcrumb\"},\"inLanguage\":\"es\",\"potentialAction\":[{\"@type\":\"ReadAction\",\"target\":[\"https:\\\/\\\/michigancelebrates.org\\\/become-a-media-partner\\\/\"]}]},{\"@type\":\"ImageObject\",\"inLanguage\":\"es\",\"@id\":\"https:\\\/\\\/michigancelebrates.org\\\/become-a-media-partner\\\/#primaryimage\",\"url\":\"https:\\\/\\\/michigancelebrates.org\\\/wp-content\\\/uploads\\\/2026\\\/02\\\/Resch-MCSB-Logo-300x125.png\",\"contentUrl\":\"https:\\\/\\\/michigancelebrates.org\\\/wp-content\\\/uploads\\\/2026\\\/02\\\/Resch-MCSB-Logo-300x125.png\"},{\"@type\":\"BreadcrumbList\",\"@id\":\"https:\\\/\\\/michigancelebrates.org\\\/become-a-media-partner\\\/#breadcrumb\",\"itemListElement\":[{\"@type\":\"ListItem\",\"position\":1,\"name\":\"Home\",\"item\":\"https:\\\/\\\/michigancelebrates.org\\\/\"},{\"@type\":\"ListItem\",\"position\":2,\"name\":\"Obtain Media Credentials\"}]},{\"@type\":\"WebSite\",\"@id\":\"https:\\\/\\\/michigancelebrates.org\\\/#website\",\"url\":\"https:\\\/\\\/michigancelebrates.org\\\/\",\"name\":\"Michigan Celebrates Small Business\",\"description\":\"\",\"publisher\":{\"@id\":\"https:\\\/\\\/michigancelebrates.org\\\/#organization\"},\"potentialAction\":[{\"@type\":\"SearchAction\",\"target\":{\"@type\":\"EntryPoint\",\"urlTemplate\":\"https:\\\/\\\/michigancelebrates.org\\\/?s={search_term_string}\"},\"query-input\":{\"@type\":\"PropertyValueSpecification\",\"valueRequired\":true,\"valueName\":\"search_term_string\"}}],\"inLanguage\":\"es\"},{\"@type\":\"Organization\",\"@id\":\"https:\\\/\\\/michigancelebrates.org\\\/#organization\",\"name\":\"Michigan Celebrates Small Business\",\"url\":\"https:\\\/\\\/michigancelebrates.org\\\/\",\"logo\":{\"@type\":\"ImageObject\",\"inLanguage\":\"es\",\"@id\":\"https:\\\/\\\/michigancelebrates.org\\\/#\\\/schema\\\/logo\\\/image\\\/\",\"url\":\"https:\\\/\\\/michigancelebrates.org\\\/wp-content\\\/uploads\\\/2025\\\/08\\\/MCSB-Logo.webp\",\"contentUrl\":\"https:\\\/\\\/michigancelebrates.org\\\/wp-content\\\/uploads\\\/2025\\\/08\\\/MCSB-Logo.webp\",\"width\":1200,\"height\":283,\"caption\":\"Michigan Celebrates Small Business\"},\"image\":{\"@id\":\"https:\\\/\\\/michigancelebrates.org\\\/#\\\/schema\\\/logo\\\/image\\\/\"},\"sameAs\":[\"https:\\\/\\\/www.facebook.com\\\/theMCSB\",\"https:\\\/\\\/x.com\\\/theMCSB\",\"https:\\\/\\\/www.linkedin.com\\\/company\\\/mcsb\\\/\",\"https:\\\/\\\/www.youtube.com\\\/channel\\\/UC03OWtnmxyjq_pKdOt8vDHg\\\/\"]}]}<\/script>\n<!-- \/ Yoast SEO plugin. -->","yoast_head_json":{"title":"Obtenga credenciales para medios de comunicaci\u00f3n | Michigan celebra las peque\u00f1as empresas","description":"Nuestros medios de comunicaci\u00f3n asociados dan a conocer nuestro evento al tiempo que demuestran su convicci\u00f3n en la importancia de las peque\u00f1as empresas y el crecimiento econ\u00f3mico de Michigan.","robots":{"index":"index","follow":"follow","max-snippet":"max-snippet:-1","max-image-preview":"max-image-preview:large","max-video-preview":"max-video-preview:-1"},"canonical":"https:\/\/michigancelebrates.org\/es\/become-a-media-partner\/","og_locale":"es_MX","og_type":"article","og_title":"Obtain Media Credentials | Michigan Celebrates Small Business","og_description":"Our media partners create awareness for our event while demonstrating their belief in the importance of small business and economic growth in Michigan.","og_url":"https:\/\/michigancelebrates.org\/es\/become-a-media-partner\/","og_site_name":"Michigan Celebrates Small Business","article_publisher":"https:\/\/www.facebook.com\/theMCSB","article_modified_time":"2026-02-10T23:54:33+00:00","og_image":[{"url":"https:\/\/michigancelebrates.org\/wp-content\/uploads\/2026\/02\/Resch-MCSB-Logo-300x125.png","type":"","width":"","height":""}],"twitter_card":"summary_large_image","twitter_site":"@theMCSB","schema":{"@context":"https:\/\/schema.org","@graph":[{"@type":"WebPage","@id":"https:\/\/michigancelebrates.org\/become-a-media-partner\/","url":"https:\/\/michigancelebrates.org\/become-a-media-partner\/","name":"Obtenga credenciales para medios de comunicaci\u00f3n | Michigan celebra las peque\u00f1as empresas","isPartOf":{"@id":"https:\/\/michigancelebrates.org\/#website"},"primaryImageOfPage":{"@id":"https:\/\/michigancelebrates.org\/become-a-media-partner\/#primaryimage"},"image":{"@id":"https:\/\/michigancelebrates.org\/become-a-media-partner\/#primaryimage"},"thumbnailUrl":"https:\/\/michigancelebrates.org\/wp-content\/uploads\/2026\/02\/Resch-MCSB-Logo-300x125.png","datePublished":"2025-08-26T18:59:34+00:00","dateModified":"2026-02-10T23:54:33+00:00","description":"Nuestros medios de comunicaci\u00f3n asociados dan a conocer nuestro evento al tiempo que demuestran su convicci\u00f3n en la importancia de las peque\u00f1as empresas y el crecimiento econ\u00f3mico de Michigan.","breadcrumb":{"@id":"https:\/\/michigancelebrates.org\/become-a-media-partner\/#breadcrumb"},"inLanguage":"es","potentialAction":[{"@type":"ReadAction","target":["https:\/\/michigancelebrates.org\/become-a-media-partner\/"]}]},{"@type":"ImageObject","inLanguage":"es","@id":"https:\/\/michigancelebrates.org\/become-a-media-partner\/#primaryimage","url":"https:\/\/michigancelebrates.org\/wp-content\/uploads\/2026\/02\/Resch-MCSB-Logo-300x125.png","contentUrl":"https:\/\/michigancelebrates.org\/wp-content\/uploads\/2026\/02\/Resch-MCSB-Logo-300x125.png"},{"@type":"BreadcrumbList","@id":"https:\/\/michigancelebrates.org\/become-a-media-partner\/#breadcrumb","itemListElement":[{"@type":"ListItem","position":1,"name":"Home","item":"https:\/\/michigancelebrates.org\/"},{"@type":"ListItem","position":2,"name":"Obtain Media Credentials"}]},{"@type":"WebSite","@id":"https:\/\/michigancelebrates.org\/#website","url":"https:\/\/michigancelebrates.org\/","name":"Michigan celebra la peque\u00f1a empresa","description":"","publisher":{"@id":"https:\/\/michigancelebrates.org\/#organization"},"potentialAction":[{"@type":"SearchAction","target":{"@type":"EntryPoint","urlTemplate":"https:\/\/michigancelebrates.org\/?s={search_term_string}"},"query-input":{"@type":"PropertyValueSpecification","valueRequired":true,"valueName":"search_term_string"}}],"inLanguage":"es"},{"@type":"Organization","@id":"https:\/\/michigancelebrates.org\/#organization","name":"Michigan celebra la peque\u00f1a empresa","url":"https:\/\/michigancelebrates.org\/","logo":{"@type":"ImageObject","inLanguage":"es","@id":"https:\/\/michigancelebrates.org\/#\/schema\/logo\/image\/","url":"https:\/\/michigancelebrates.org\/wp-content\/uploads\/2025\/08\/MCSB-Logo.webp","contentUrl":"https:\/\/michigancelebrates.org\/wp-content\/uploads\/2025\/08\/MCSB-Logo.webp","width":1200,"height":283,"caption":"Michigan Celebrates Small Business"},"image":{"@id":"https:\/\/michigancelebrates.org\/#\/schema\/logo\/image\/"},"sameAs":["https:\/\/www.facebook.com\/theMCSB","https:\/\/x.com\/theMCSB","https:\/\/www.linkedin.com\/company\/mcsb\/","https:\/\/www.youtube.com\/channel\/UC03OWtnmxyjq_pKdOt8vDHg\/"]}]}},"_links":{"self":[{"href":"https:\/\/michigancelebrates.org\/es\/wp-json\/wp\/v2\/pages\/573","targetHints":{"allow":["GET"]}}],"collection":[{"href":"https:\/\/michigancelebrates.org\/es\/wp-json\/wp\/v2\/pages"}],"about":[{"href":"https:\/\/michigancelebrates.org\/es\/wp-json\/wp\/v2\/types\/page"}],"author":[{"embeddable":true,"href":"https:\/\/michigancelebrates.org\/es\/wp-json\/wp\/v2\/users\/1"}],"replies":[{"embeddable":true,"href":"https:\/\/michigancelebrates.org\/es\/wp-json\/wp\/v2\/comments?post=573"}],"version-history":[{"count":32,"href":"https:\/\/michigancelebrates.org\/es\/wp-json\/wp\/v2\/pages\/573\/revisions"}],"predecessor-version":[{"id":1620,"href":"https:\/\/michigancelebrates.org\/es\/wp-json\/wp\/v2\/pages\/573\/revisions\/1620"}],"wp:attachment":[{"href":"https:\/\/michigancelebrates.org\/es\/wp-json\/wp\/v2\/media?parent=573"}],"curies":[{"name":"wp","href":"https:\/\/api.w.org\/{rel}","templated":true}]}}