{"id":568,"date":"2025-08-26T18:57:52","date_gmt":"2025-08-26T18:57:52","guid":{"rendered":"https:\/\/michigancelebrates.org\/mcsbv4\/?page_id=568"},"modified":"2026-01-05T16:39:48","modified_gmt":"2026-01-05T16:39:48","slug":"become-a-sponsor","status":"publish","type":"page","link":"https:\/\/michigancelebrates.org\/es\/become-a-sponsor\/","title":{"rendered":"Convi\u00e9rtase en patrocinador"},"content":{"rendered":"\t\t<div data-elementor-type=\"wp-page\" data-elementor-id=\"568\" class=\"elementor elementor-568\" data-elementor-post-type=\"page\">\n\t\t\t\t<div class=\"elementor-element elementor-element-f29dcd6 e-flex e-con-boxed e-con e-parent\" data-id=\"f29dcd6\" data-element_type=\"container\" data-e-type=\"container\" data-settings=\"{&quot;background_background&quot;:&quot;classic&quot;,&quot;background_motion_fx_motion_fx_scrolling&quot;:&quot;yes&quot;,&quot;background_motion_fx_translateY_effect&quot;:&quot;yes&quot;,&quot;background_motion_fx_translateY_speed&quot;:{&quot;unit&quot;:&quot;px&quot;,&quot;size&quot;:6.5,&quot;sizes&quot;:[]},&quot;background_motion_fx_translateY_affectedRange&quot;:{&quot;unit&quot;:&quot;%&quot;,&quot;size&quot;:&quot;&quot;,&quot;sizes&quot;:{&quot;start&quot;:0,&quot;end&quot;:100}},&quot;background_motion_fx_devices&quot;:[&quot;desktop&quot;,&quot;tablet&quot;,&quot;mobile&quot;]}\">\n\t\t\t\t\t<div class=\"e-con-inner\">\n\t\t\t\t<div class=\"elementor-element elementor-element-26ee4e2b elementor-invisible elementor-widget elementor-widget-heading\" data-id=\"26ee4e2b\" data-element_type=\"widget\" data-e-type=\"widget\" data-settings=\"{&quot;_animation&quot;:&quot;fadeIn&quot;}\" data-widget_type=\"heading.default\">\n\t\t\t\t\t<h1 class=\"elementor-heading-title elementor-size-default\">2026 Sponsorship Opportunities<\/h1>\t\t\t\t<\/div>\n\t\t\t\t<div class=\"elementor-element elementor-element-237672f elementor-invisible elementor-widget elementor-widget-text-editor\" data-id=\"237672f\" data-element_type=\"widget\" data-e-type=\"widget\" data-settings=\"{&quot;_animation&quot;:&quot;fadeIn&quot;,&quot;_animation_delay&quot;:400}\" data-widget_type=\"text-editor.default\">\n\t\t\t\t\t\t\t\t\tJoin us in supporting Michigan Celebrates Small Business and be part of honoring the entrepreneurs, champions, and advocates driving our state\u2019s economy. Sponsorship opportunities for 2026 allow you to showcase your commitment to Michigan\u2019s small business community while gaining visibility at one of the state\u2019s premier business celebrations.\t\t\t\t\t\t\t\t<\/div>\n\t\t\t\t\t<\/div>\n\t\t\t\t<\/div>\n\t\t<div class=\"elementor-element elementor-element-42d3bed e-flex e-con-boxed e-con e-parent\" data-id=\"42d3bed\" data-element_type=\"container\" data-e-type=\"container\">\n\t\t\t\t\t<div class=\"e-con-inner\">\n\t\t<div class=\"elementor-element elementor-element-283e198 e-con-full e-flex e-con e-child\" data-id=\"283e198\" data-element_type=\"container\" data-e-type=\"container\">\n\t\t\t\t<div class=\"elementor-element elementor-element-7e38d428 elementor-widget elementor-widget-heading\" data-id=\"7e38d428\" data-element_type=\"widget\" data-e-type=\"widget\" data-widget_type=\"heading.default\">\n\t\t\t\t\t<h2 class=\"elementor-heading-title elementor-size-default\">Become a MCSB GALA Sponsor<\/h2>\t\t\t\t<\/div>\n\t\t\t\t<div class=\"elementor-element elementor-element-7df98ad elementor-widget elementor-widget-heading\" data-id=\"7df98ad\" data-element_type=\"widget\" data-e-type=\"widget\" data-widget_type=\"heading.default\">\n\t\t\t\t\t<h3 class=\"elementor-heading-title elementor-size-default\">Thank You For Your Interest in Sponsoring the MCSB Annual Summit &amp; Awards Gala<\/h3>\t\t\t\t<\/div>\n\t\t\t\t<div class=\"elementor-element elementor-element-619a77fb elementor-widget elementor-widget-text-editor\" data-id=\"619a77fb\" data-element_type=\"widget\" data-e-type=\"widget\" data-widget_type=\"text-editor.default\">\n\t\t\t\t\t\t\t\t\t<p>If you would like more information about the Summit sponsorship opportunities, please contact Winston Larson at <a href=\"mailto:winston.larson@sbam.org\">winston.larson@sbam.org<\/a> or <a href=\"https:\/\/smallbusinessassociationofmichigan.pipedrive.com\/scheduler\/Y8GXmJTX\/michigan-celebrates-small-business-sponsorship-conversation\">schedule time to meet with him<\/a>.<\/p>\t\t\t\t\t\t\t\t<\/div>\n\t\t\t\t<div class=\"elementor-element elementor-element-ad72474 elementor-widget elementor-widget-button\" data-id=\"ad72474\" data-element_type=\"widget\" data-e-type=\"widget\" data-widget_type=\"button.default\">\n\t\t\t\t\t\t\t\t\t\t<a class=\"elementor-button elementor-button-link elementor-size-sm\" href=\"https:\/\/michigancelebrates.org\/wp-content\/uploads\/2025\/12\/2026-MCSB-Sponsor-Document.pdf\" target=\"_blank\">\n\t\t\t\t\t\t<span class=\"elementor-button-content-wrapper\">\n\t\t\t\t\t\t\t\t\t<span class=\"elementor-button-text\">View Sponsorship Opportunities<\/span>\n\t\t\t\t\t<\/span>\n\t\t\t\t\t<\/a>\n\t\t\t\t\t\t\t\t<\/div>\n\t\t\t\t<\/div>\n\t\t<div class=\"elementor-element elementor-element-8623336 e-con-full e-flex e-con e-child\" data-id=\"8623336\" data-element_type=\"container\" data-e-type=\"container\" data-settings=\"{&quot;background_background&quot;:&quot;classic&quot;}\">\n\t\t\t\t<div class=\"elementor-element elementor-element-acbdea2 elementor-widget elementor-widget-heading\" data-id=\"acbdea2\" data-element_type=\"widget\" data-e-type=\"widget\" data-widget_type=\"heading.default\">\n\t\t\t\t\t<h3 class=\"elementor-heading-title elementor-size-default\">MCSB 2026 | April 21-22, 2026<\/h3>\t\t\t\t<\/div>\n\t\t\t\t<div class=\"elementor-element elementor-element-3e9e112 elementor-widget elementor-widget-heading\" data-id=\"3e9e112\" data-element_type=\"widget\" data-e-type=\"widget\" data-widget_type=\"heading.default\">\n\t\t\t\t\t<h4 class=\"elementor-heading-title elementor-size-default\">Greater Lansing Area<\/h4>\t\t\t\t<\/div>\n\t\t\t\t<div class=\"elementor-element elementor-element-23fb43e elementor-widget elementor-widget-text-editor\" data-id=\"23fb43e\" data-element_type=\"widget\" data-e-type=\"widget\" data-widget_type=\"text-editor.default\">\n\t\t\t\t\t\t\t\t\t<p>Save the dates for a two-day event featuring the Michigan Celebrates Small Business Summit, VIP Reception, Capitol Day &amp; Awards Gala.<\/p>\t\t\t\t\t\t\t\t<\/div>\n\t\t\t\t<\/div>\n\t\t\t\t\t<\/div>\n\t\t\t\t<\/div>\n\t\t\t\t<\/div>\n\t\t","protected":false},"excerpt":{"rendered":"<p>2026 Sponsorship Opportunities Join us in supporting Michigan Celebrates Small Business and be part of honoring the entrepreneurs, champions, and advocates driving our state\u2019s economy. Sponsorship opportunities for 2026 allow you to showcase your commitment to Michigan\u2019s small business community while gaining visibility at one of the state\u2019s premier business celebrations. Become a MCSB GALA [&hellip;]<\/p>\n","protected":false},"author":1,"featured_media":0,"parent":0,"menu_order":0,"comment_status":"closed","ping_status":"closed","template":"","meta":{"footnotes":""},"class_list":["post-568","page","type-page","status-publish","hentry"],"yoast_head":"<!-- This site is optimized with the Yoast SEO plugin v27.3 - https:\/\/yoast.com\/product\/yoast-seo-wordpress\/ -->\n<title>Become a Sponsor | Michigan Celebrates Small Business<\/title>\n<meta name=\"description\" content=\"Show your support and acknowledgement for Michigan small businesses throughout the year as well as at an event of over 800 people.\" \/>\n<meta name=\"robots\" content=\"index, follow, max-snippet:-1, max-image-preview:large, max-video-preview:-1\" \/>\n<link rel=\"canonical\" href=\"https:\/\/michigancelebrates.org\/es\/become-a-sponsor\/\" \/>\n<meta property=\"og:locale\" content=\"es_MX\" \/>\n<meta property=\"og:type\" content=\"article\" \/>\n<meta property=\"og:title\" content=\"Become a Sponsor | Michigan Celebrates Small Business\" \/>\n<meta property=\"og:description\" content=\"Show your support and acknowledgement for Michigan small businesses throughout the year as well as at an event of over 800 people.\" \/>\n<meta property=\"og:url\" content=\"https:\/\/michigancelebrates.org\/es\/become-a-sponsor\/\" \/>\n<meta property=\"og:site_name\" content=\"Michigan Celebrates Small Business\" \/>\n<meta property=\"article:publisher\" content=\"https:\/\/www.facebook.com\/theMCSB\" \/>\n<meta property=\"article:modified_time\" content=\"2026-01-05T16:39:48+00:00\" \/>\n<meta property=\"og:image\" content=\"https:\/\/michigancelebrates.org\/wp-content\/uploads\/2025\/09\/MCSB-Default-Featured-Image.webp\" \/>\n\t<meta property=\"og:image:width\" content=\"1200\" \/>\n\t<meta property=\"og:image:height\" content=\"675\" \/>\n\t<meta property=\"og:image:type\" content=\"image\/webp\" \/>\n<meta name=\"twitter:card\" content=\"summary_large_image\" \/>\n<meta name=\"twitter:site\" content=\"@theMCSB\" \/>\n<meta name=\"twitter:label1\" content=\"Tiempo de lectura\" \/>\n\t<meta name=\"twitter:data1\" content=\"1 minuto\" \/>\n<script type=\"application\/ld+json\" class=\"yoast-schema-graph\">{\"@context\":\"https:\\\/\\\/schema.org\",\"@graph\":[{\"@type\":\"WebPage\",\"@id\":\"https:\\\/\\\/michigancelebrates.org\\\/become-a-sponsor\\\/\",\"url\":\"https:\\\/\\\/michigancelebrates.org\\\/become-a-sponsor\\\/\",\"name\":\"Become a Sponsor | Michigan Celebrates Small Business\",\"isPartOf\":{\"@id\":\"https:\\\/\\\/michigancelebrates.org\\\/#website\"},\"datePublished\":\"2025-08-26T18:57:52+00:00\",\"dateModified\":\"2026-01-05T16:39:48+00:00\",\"description\":\"Show your support and acknowledgement for Michigan small businesses throughout the year as well as at an event of over 800 people.\",\"breadcrumb\":{\"@id\":\"https:\\\/\\\/michigancelebrates.org\\\/become-a-sponsor\\\/#breadcrumb\"},\"inLanguage\":\"es\",\"potentialAction\":[{\"@type\":\"ReadAction\",\"target\":[\"https:\\\/\\\/michigancelebrates.org\\\/become-a-sponsor\\\/\"]}]},{\"@type\":\"BreadcrumbList\",\"@id\":\"https:\\\/\\\/michigancelebrates.org\\\/become-a-sponsor\\\/#breadcrumb\",\"itemListElement\":[{\"@type\":\"ListItem\",\"position\":1,\"name\":\"Home\",\"item\":\"https:\\\/\\\/michigancelebrates.org\\\/\"},{\"@type\":\"ListItem\",\"position\":2,\"name\":\"Become a Sponsor\"}]},{\"@type\":\"WebSite\",\"@id\":\"https:\\\/\\\/michigancelebrates.org\\\/#website\",\"url\":\"https:\\\/\\\/michigancelebrates.org\\\/\",\"name\":\"Michigan Celebrates Small Business\",\"description\":\"\",\"publisher\":{\"@id\":\"https:\\\/\\\/michigancelebrates.org\\\/#organization\"},\"potentialAction\":[{\"@type\":\"SearchAction\",\"target\":{\"@type\":\"EntryPoint\",\"urlTemplate\":\"https:\\\/\\\/michigancelebrates.org\\\/?s={search_term_string}\"},\"query-input\":{\"@type\":\"PropertyValueSpecification\",\"valueRequired\":true,\"valueName\":\"search_term_string\"}}],\"inLanguage\":\"es\"},{\"@type\":\"Organization\",\"@id\":\"https:\\\/\\\/michigancelebrates.org\\\/#organization\",\"name\":\"Michigan Celebrates Small Business\",\"url\":\"https:\\\/\\\/michigancelebrates.org\\\/\",\"logo\":{\"@type\":\"ImageObject\",\"inLanguage\":\"es\",\"@id\":\"https:\\\/\\\/michigancelebrates.org\\\/#\\\/schema\\\/logo\\\/image\\\/\",\"url\":\"https:\\\/\\\/michigancelebrates.org\\\/wp-content\\\/uploads\\\/2025\\\/08\\\/MCSB-Logo.webp\",\"contentUrl\":\"https:\\\/\\\/michigancelebrates.org\\\/wp-content\\\/uploads\\\/2025\\\/08\\\/MCSB-Logo.webp\",\"width\":1200,\"height\":283,\"caption\":\"Michigan Celebrates Small Business\"},\"image\":{\"@id\":\"https:\\\/\\\/michigancelebrates.org\\\/#\\\/schema\\\/logo\\\/image\\\/\"},\"sameAs\":[\"https:\\\/\\\/www.facebook.com\\\/theMCSB\",\"https:\\\/\\\/x.com\\\/theMCSB\",\"https:\\\/\\\/www.linkedin.com\\\/company\\\/mcsb\\\/\",\"https:\\\/\\\/www.youtube.com\\\/channel\\\/UC03OWtnmxyjq_pKdOt8vDHg\\\/\"]}]}<\/script>\n<!-- \/ Yoast SEO plugin. -->","yoast_head_json":{"title":"Convi\u00e9rtase en patrocinador | Michigan celebra la peque\u00f1a empresa","description":"Muestre su apoyo y reconocimiento a las peque\u00f1as empresas de Michigan durante todo el a\u00f1o, as\u00ed como en un acto al que asistir\u00e1n m\u00e1s de 800 personas.","robots":{"index":"index","follow":"follow","max-snippet":"max-snippet:-1","max-image-preview":"max-image-preview:large","max-video-preview":"max-video-preview:-1"},"canonical":"https:\/\/michigancelebrates.org\/es\/become-a-sponsor\/","og_locale":"es_MX","og_type":"article","og_title":"Become a Sponsor | Michigan Celebrates Small Business","og_description":"Show your support and acknowledgement for Michigan small businesses throughout the year as well as at an event of over 800 people.","og_url":"https:\/\/michigancelebrates.org\/es\/become-a-sponsor\/","og_site_name":"Michigan Celebrates Small Business","article_publisher":"https:\/\/www.facebook.com\/theMCSB","article_modified_time":"2026-01-05T16:39:48+00:00","og_image":[{"width":1200,"height":675,"url":"https:\/\/michigancelebrates.org\/wp-content\/uploads\/2025\/09\/MCSB-Default-Featured-Image.webp","type":"image\/webp"}],"twitter_card":"summary_large_image","twitter_site":"@theMCSB","twitter_misc":{"Tiempo de lectura":"1 minuto"},"schema":{"@context":"https:\/\/schema.org","@graph":[{"@type":"WebPage","@id":"https:\/\/michigancelebrates.org\/become-a-sponsor\/","url":"https:\/\/michigancelebrates.org\/become-a-sponsor\/","name":"Convi\u00e9rtase en patrocinador | Michigan celebra la peque\u00f1a empresa","isPartOf":{"@id":"https:\/\/michigancelebrates.org\/#website"},"datePublished":"2025-08-26T18:57:52+00:00","dateModified":"2026-01-05T16:39:48+00:00","description":"Muestre su apoyo y reconocimiento a las peque\u00f1as empresas de Michigan durante todo el a\u00f1o, as\u00ed como en un acto al que asistir\u00e1n m\u00e1s de 800 personas.","breadcrumb":{"@id":"https:\/\/michigancelebrates.org\/become-a-sponsor\/#breadcrumb"},"inLanguage":"es","potentialAction":[{"@type":"ReadAction","target":["https:\/\/michigancelebrates.org\/become-a-sponsor\/"]}]},{"@type":"BreadcrumbList","@id":"https:\/\/michigancelebrates.org\/become-a-sponsor\/#breadcrumb","itemListElement":[{"@type":"ListItem","position":1,"name":"Home","item":"https:\/\/michigancelebrates.org\/"},{"@type":"ListItem","position":2,"name":"Become a Sponsor"}]},{"@type":"WebSite","@id":"https:\/\/michigancelebrates.org\/#website","url":"https:\/\/michigancelebrates.org\/","name":"Michigan celebra la peque\u00f1a empresa","description":"","publisher":{"@id":"https:\/\/michigancelebrates.org\/#organization"},"potentialAction":[{"@type":"SearchAction","target":{"@type":"EntryPoint","urlTemplate":"https:\/\/michigancelebrates.org\/?s={search_term_string}"},"query-input":{"@type":"PropertyValueSpecification","valueRequired":true,"valueName":"search_term_string"}}],"inLanguage":"es"},{"@type":"Organization","@id":"https:\/\/michigancelebrates.org\/#organization","name":"Michigan celebra la peque\u00f1a empresa","url":"https:\/\/michigancelebrates.org\/","logo":{"@type":"ImageObject","inLanguage":"es","@id":"https:\/\/michigancelebrates.org\/#\/schema\/logo\/image\/","url":"https:\/\/michigancelebrates.org\/wp-content\/uploads\/2025\/08\/MCSB-Logo.webp","contentUrl":"https:\/\/michigancelebrates.org\/wp-content\/uploads\/2025\/08\/MCSB-Logo.webp","width":1200,"height":283,"caption":"Michigan Celebrates Small Business"},"image":{"@id":"https:\/\/michigancelebrates.org\/#\/schema\/logo\/image\/"},"sameAs":["https:\/\/www.facebook.com\/theMCSB","https:\/\/x.com\/theMCSB","https:\/\/www.linkedin.com\/company\/mcsb\/","https:\/\/www.youtube.com\/channel\/UC03OWtnmxyjq_pKdOt8vDHg\/"]}]}},"_links":{"self":[{"href":"https:\/\/michigancelebrates.org\/es\/wp-json\/wp\/v2\/pages\/568","targetHints":{"allow":["GET"]}}],"collection":[{"href":"https:\/\/michigancelebrates.org\/es\/wp-json\/wp\/v2\/pages"}],"about":[{"href":"https:\/\/michigancelebrates.org\/es\/wp-json\/wp\/v2\/types\/page"}],"author":[{"embeddable":true,"href":"https:\/\/michigancelebrates.org\/es\/wp-json\/wp\/v2\/users\/1"}],"replies":[{"embeddable":true,"href":"https:\/\/michigancelebrates.org\/es\/wp-json\/wp\/v2\/comments?post=568"}],"version-history":[{"count":50,"href":"https:\/\/michigancelebrates.org\/es\/wp-json\/wp\/v2\/pages\/568\/revisions"}],"predecessor-version":[{"id":1484,"href":"https:\/\/michigancelebrates.org\/es\/wp-json\/wp\/v2\/pages\/568\/revisions\/1484"}],"wp:attachment":[{"href":"https:\/\/michigancelebrates.org\/es\/wp-json\/wp\/v2\/media?parent=568"}],"curies":[{"name":"wp","href":"https:\/\/api.w.org\/{rel}","templated":true}]}}