{"id":551,"date":"2025-08-26T18:51:37","date_gmt":"2025-08-26T18:51:37","guid":{"rendered":"https:\/\/michigancelebrates.org\/mcsbv4\/?page_id=551"},"modified":"2026-04-14T12:34:07","modified_gmt":"2026-04-14T12:34:07","slug":"supporters","status":"publish","type":"page","link":"https:\/\/michigancelebrates.org\/es\/supporters\/","title":{"rendered":"Nuestros colaboradores"},"content":{"rendered":"\t\t<div data-elementor-type=\"wp-page\" data-elementor-id=\"551\" class=\"elementor elementor-551\" data-elementor-post-type=\"page\">\n\t\t\t\t<div class=\"elementor-element elementor-element-3e113b e-flex e-con-boxed e-con e-parent\" data-id=\"3e113b\" data-element_type=\"container\" data-e-type=\"container\" data-settings=\"{&quot;background_background&quot;:&quot;classic&quot;,&quot;background_motion_fx_motion_fx_scrolling&quot;:&quot;yes&quot;,&quot;background_motion_fx_translateY_effect&quot;:&quot;yes&quot;,&quot;background_motion_fx_translateY_speed&quot;:{&quot;unit&quot;:&quot;px&quot;,&quot;size&quot;:6.5,&quot;sizes&quot;:[]},&quot;background_motion_fx_translateY_affectedRange&quot;:{&quot;unit&quot;:&quot;%&quot;,&quot;size&quot;:&quot;&quot;,&quot;sizes&quot;:{&quot;start&quot;:0,&quot;end&quot;:100}},&quot;background_motion_fx_devices&quot;:[&quot;desktop&quot;,&quot;tablet&quot;,&quot;mobile&quot;]}\">\n\t\t\t\t\t<div class=\"e-con-inner\">\n\t\t\t\t<div class=\"elementor-element elementor-element-5cb94af7 elementor-invisible elementor-widget elementor-widget-heading\" data-id=\"5cb94af7\" data-element_type=\"widget\" data-e-type=\"widget\" data-settings=\"{&quot;_animation&quot;:&quot;fadeIn&quot;}\" data-widget_type=\"heading.default\">\n\t\t\t\t\t<h1 class=\"elementor-heading-title elementor-size-default\">Our Supporters<\/h1>\t\t\t\t<\/div>\n\t\t\t\t<div class=\"elementor-element elementor-element-2a3603e4 elementor-invisible elementor-widget elementor-widget-text-editor\" data-id=\"2a3603e4\" data-element_type=\"widget\" data-e-type=\"widget\" data-settings=\"{&quot;_animation&quot;:&quot;fadeIn&quot;,&quot;_animation_delay&quot;:400}\" data-widget_type=\"text-editor.default\">\n\t\t\t\t\t\t\t\t\t<p>Michigan Celebrates Small Business is made possible through the dedication of our annual sponsors, founding organizations, and advisory committee. Their commitment helps us honor entrepreneurs, foster growth, and keep Michigan\u2019s small business community thriving.<\/p>\t\t\t\t\t\t\t\t<\/div>\n\t\t\t\t\t<\/div>\n\t\t\t\t<\/div>\n\t\t<div class=\"elementor-element elementor-element-13a94c58 e-flex e-con-boxed e-con e-parent\" data-id=\"13a94c58\" data-element_type=\"container\" data-e-type=\"container\">\n\t\t\t\t\t<div class=\"e-con-inner\">\n\t\t\t\t<div class=\"elementor-element elementor-element-633d8ce0 elementor-widget elementor-widget-heading\" data-id=\"633d8ce0\" data-element_type=\"widget\" data-e-type=\"widget\" data-widget_type=\"heading.default\">\n\t\t\t\t\t<h2 class=\"elementor-heading-title elementor-size-default\">2026 Sponsors<\/h2>\t\t\t\t<\/div>\n\t\t\t\t<div class=\"elementor-element elementor-element-d73d033 elementor-widget elementor-widget-image\" data-id=\"d73d033\" data-element_type=\"widget\" data-e-type=\"widget\" data-widget_type=\"image.default\">\n\t\t\t\t\t\t\t\t\t\t\t\t\t\t\t<img fetchpriority=\"high\" decoding=\"async\" width=\"650\" height=\"1000\" src=\"https:\/\/michigancelebrates.org\/wp-content\/uploads\/2026\/04\/Email-Thank-You-Sponsors-2.png\" class=\"attachment-large size-large wp-image-1994\" alt=\"\" srcset=\"https:\/\/michigancelebrates.org\/wp-content\/uploads\/2026\/04\/Email-Thank-You-Sponsors-2.png 650w, https:\/\/michigancelebrates.org\/wp-content\/uploads\/2026\/04\/Email-Thank-You-Sponsors-2-195x300.png 195w, https:\/\/michigancelebrates.org\/wp-content\/uploads\/2026\/04\/Email-Thank-You-Sponsors-2-8x12.png 8w\" sizes=\"(max-width: 650px) 100vw, 650px\" \/>\t\t\t\t\t\t\t\t\t\t\t\t\t\t\t<\/div>\n\t\t\t\t\t<\/div>\n\t\t\t\t<\/div>\n\t\t<div class=\"elementor-element elementor-element-3e2ea874 e-flex e-con-boxed e-con e-parent\" data-id=\"3e2ea874\" data-element_type=\"container\" data-e-type=\"container\" data-settings=\"{&quot;background_background&quot;:&quot;classic&quot;}\">\n\t\t\t\t\t<div class=\"e-con-inner\">\n\t\t\t\t<div class=\"elementor-element elementor-element-170e1c04 elementor-widget elementor-widget-heading\" data-id=\"170e1c04\" data-element_type=\"widget\" data-e-type=\"widget\" data-widget_type=\"heading.default\">\n\t\t\t\t\t<h2 class=\"elementor-heading-title elementor-size-default\">MCSB Advisory Committee &amp; founding partners<\/h2>\t\t\t\t<\/div>\n\t\t\t\t<div class=\"elementor-element elementor-element-6e7702a elementor-widget elementor-widget-image\" data-id=\"6e7702a\" data-element_type=\"widget\" data-e-type=\"widget\" data-widget_type=\"image.default\">\n\t\t\t\t\t\t\t\t\t\t\t\t\t\t\t<img decoding=\"async\" width=\"650\" height=\"675\" src=\"https:\/\/michigancelebrates.org\/wp-content\/uploads\/2026\/03\/MCSB-Advisory-Committee_Branded.png\" class=\"attachment-large size-large wp-image-1949\" alt=\"\" srcset=\"https:\/\/michigancelebrates.org\/wp-content\/uploads\/2026\/03\/MCSB-Advisory-Committee_Branded.png 650w, https:\/\/michigancelebrates.org\/wp-content\/uploads\/2026\/03\/MCSB-Advisory-Committee_Branded-289x300.png 289w, https:\/\/michigancelebrates.org\/wp-content\/uploads\/2026\/03\/MCSB-Advisory-Committee_Branded-12x12.png 12w\" sizes=\"(max-width: 650px) 100vw, 650px\" \/>\t\t\t\t\t\t\t\t\t\t\t\t\t\t\t<\/div>\n\t\t\t\t\t<\/div>\n\t\t\t\t<\/div>\n\t\t\t\t<\/div>\n\t\t","protected":false},"excerpt":{"rendered":"<p>Our Supporters Michigan Celebrates Small Business is made possible through the dedication of our annual sponsors, founding organizations, and advisory committee. Their commitment helps us honor entrepreneurs, foster growth, and keep Michigan\u2019s small business community thriving. 2026 Sponsors MCSB Advisory Committee &amp; founding partners<\/p>","protected":false},"author":1,"featured_media":0,"parent":0,"menu_order":0,"comment_status":"closed","ping_status":"closed","template":"","meta":{"footnotes":""},"class_list":["post-551","page","type-page","status-publish","hentry"],"yoast_head":"<!-- This site is optimized with the Yoast SEO plugin v27.3 - https:\/\/yoast.com\/product\/yoast-seo-wordpress\/ -->\n<title>Our Supporters | Michigan Celebrates Small Business<\/title>\n<meta name=\"description\" content=\"Michigan Celebrates Small Business founders, founding sponsors, contributing sponsors, media partners, and community partners.\" \/>\n<meta name=\"robots\" content=\"index, follow, max-snippet:-1, max-image-preview:large, max-video-preview:-1\" \/>\n<link rel=\"canonical\" href=\"https:\/\/michigancelebrates.org\/es\/supporters\/\" \/>\n<meta property=\"og:locale\" content=\"es_MX\" \/>\n<meta property=\"og:type\" content=\"article\" \/>\n<meta property=\"og:title\" content=\"Our Supporters | Michigan Celebrates Small Business\" \/>\n<meta property=\"og:description\" content=\"Michigan Celebrates Small Business founders, founding sponsors, contributing sponsors, media partners, and community partners.\" \/>\n<meta property=\"og:url\" content=\"https:\/\/michigancelebrates.org\/es\/supporters\/\" \/>\n<meta property=\"og:site_name\" content=\"Michigan Celebrates Small Business\" \/>\n<meta property=\"article:publisher\" content=\"https:\/\/www.facebook.com\/theMCSB\" \/>\n<meta property=\"article:modified_time\" content=\"2026-04-14T12:34:07+00:00\" \/>\n<meta property=\"og:image\" content=\"https:\/\/michigancelebrates.org\/wp-content\/uploads\/2026\/04\/Email-Thank-You-Sponsors-2.png\" \/>\n<meta name=\"twitter:card\" content=\"summary_large_image\" \/>\n<meta name=\"twitter:site\" content=\"@theMCSB\" \/>\n<script type=\"application\/ld+json\" class=\"yoast-schema-graph\">{\"@context\":\"https:\\\/\\\/schema.org\",\"@graph\":[{\"@type\":\"WebPage\",\"@id\":\"https:\\\/\\\/michigancelebrates.org\\\/supporters\\\/\",\"url\":\"https:\\\/\\\/michigancelebrates.org\\\/supporters\\\/\",\"name\":\"Our Supporters | Michigan Celebrates Small Business\",\"isPartOf\":{\"@id\":\"https:\\\/\\\/michigancelebrates.org\\\/#website\"},\"primaryImageOfPage\":{\"@id\":\"https:\\\/\\\/michigancelebrates.org\\\/supporters\\\/#primaryimage\"},\"image\":{\"@id\":\"https:\\\/\\\/michigancelebrates.org\\\/supporters\\\/#primaryimage\"},\"thumbnailUrl\":\"https:\\\/\\\/michigancelebrates.org\\\/wp-content\\\/uploads\\\/2026\\\/04\\\/Email-Thank-You-Sponsors-2.png\",\"datePublished\":\"2025-08-26T18:51:37+00:00\",\"dateModified\":\"2026-04-14T12:34:07+00:00\",\"description\":\"Michigan Celebrates Small Business founders, founding sponsors, contributing sponsors, media partners, and community partners.\",\"breadcrumb\":{\"@id\":\"https:\\\/\\\/michigancelebrates.org\\\/supporters\\\/#breadcrumb\"},\"inLanguage\":\"es\",\"potentialAction\":[{\"@type\":\"ReadAction\",\"target\":[\"https:\\\/\\\/michigancelebrates.org\\\/supporters\\\/\"]}]},{\"@type\":\"ImageObject\",\"inLanguage\":\"es\",\"@id\":\"https:\\\/\\\/michigancelebrates.org\\\/supporters\\\/#primaryimage\",\"url\":\"https:\\\/\\\/michigancelebrates.org\\\/wp-content\\\/uploads\\\/2026\\\/04\\\/Email-Thank-You-Sponsors-2.png\",\"contentUrl\":\"https:\\\/\\\/michigancelebrates.org\\\/wp-content\\\/uploads\\\/2026\\\/04\\\/Email-Thank-You-Sponsors-2.png\"},{\"@type\":\"BreadcrumbList\",\"@id\":\"https:\\\/\\\/michigancelebrates.org\\\/supporters\\\/#breadcrumb\",\"itemListElement\":[{\"@type\":\"ListItem\",\"position\":1,\"name\":\"Home\",\"item\":\"https:\\\/\\\/michigancelebrates.org\\\/\"},{\"@type\":\"ListItem\",\"position\":2,\"name\":\"Our Supporters\"}]},{\"@type\":\"WebSite\",\"@id\":\"https:\\\/\\\/michigancelebrates.org\\\/#website\",\"url\":\"https:\\\/\\\/michigancelebrates.org\\\/\",\"name\":\"Michigan Celebrates Small Business\",\"description\":\"\",\"publisher\":{\"@id\":\"https:\\\/\\\/michigancelebrates.org\\\/#organization\"},\"potentialAction\":[{\"@type\":\"SearchAction\",\"target\":{\"@type\":\"EntryPoint\",\"urlTemplate\":\"https:\\\/\\\/michigancelebrates.org\\\/?s={search_term_string}\"},\"query-input\":{\"@type\":\"PropertyValueSpecification\",\"valueRequired\":true,\"valueName\":\"search_term_string\"}}],\"inLanguage\":\"es\"},{\"@type\":\"Organization\",\"@id\":\"https:\\\/\\\/michigancelebrates.org\\\/#organization\",\"name\":\"Michigan Celebrates Small Business\",\"url\":\"https:\\\/\\\/michigancelebrates.org\\\/\",\"logo\":{\"@type\":\"ImageObject\",\"inLanguage\":\"es\",\"@id\":\"https:\\\/\\\/michigancelebrates.org\\\/#\\\/schema\\\/logo\\\/image\\\/\",\"url\":\"https:\\\/\\\/michigancelebrates.org\\\/wp-content\\\/uploads\\\/2025\\\/08\\\/MCSB-Logo.webp\",\"contentUrl\":\"https:\\\/\\\/michigancelebrates.org\\\/wp-content\\\/uploads\\\/2025\\\/08\\\/MCSB-Logo.webp\",\"width\":1200,\"height\":283,\"caption\":\"Michigan Celebrates Small Business\"},\"image\":{\"@id\":\"https:\\\/\\\/michigancelebrates.org\\\/#\\\/schema\\\/logo\\\/image\\\/\"},\"sameAs\":[\"https:\\\/\\\/www.facebook.com\\\/theMCSB\",\"https:\\\/\\\/x.com\\\/theMCSB\",\"https:\\\/\\\/www.linkedin.com\\\/company\\\/mcsb\\\/\",\"https:\\\/\\\/www.youtube.com\\\/channel\\\/UC03OWtnmxyjq_pKdOt8vDHg\\\/\"]}]}<\/script>\n<!-- \/ Yoast SEO plugin. -->","yoast_head_json":{"title":"Nuestros partidarios | Michigan celebra la peque\u00f1a empresa","description":"Fundadores de Michigan Celebra la Peque\u00f1a Empresa, patrocinadores fundadores, patrocinadores colaboradores, socios de los medios de comunicaci\u00f3n y socios de la comunidad.","robots":{"index":"index","follow":"follow","max-snippet":"max-snippet:-1","max-image-preview":"max-image-preview:large","max-video-preview":"max-video-preview:-1"},"canonical":"https:\/\/michigancelebrates.org\/es\/supporters\/","og_locale":"es_MX","og_type":"article","og_title":"Our Supporters | Michigan Celebrates Small Business","og_description":"Michigan Celebrates Small Business founders, founding sponsors, contributing sponsors, media partners, and community partners.","og_url":"https:\/\/michigancelebrates.org\/es\/supporters\/","og_site_name":"Michigan Celebrates Small Business","article_publisher":"https:\/\/www.facebook.com\/theMCSB","article_modified_time":"2026-04-14T12:34:07+00:00","og_image":[{"url":"https:\/\/michigancelebrates.org\/wp-content\/uploads\/2026\/04\/Email-Thank-You-Sponsors-2.png","type":"","width":"","height":""}],"twitter_card":"summary_large_image","twitter_site":"@theMCSB","schema":{"@context":"https:\/\/schema.org","@graph":[{"@type":"WebPage","@id":"https:\/\/michigancelebrates.org\/supporters\/","url":"https:\/\/michigancelebrates.org\/supporters\/","name":"Nuestros partidarios | Michigan celebra la peque\u00f1a empresa","isPartOf":{"@id":"https:\/\/michigancelebrates.org\/#website"},"primaryImageOfPage":{"@id":"https:\/\/michigancelebrates.org\/supporters\/#primaryimage"},"image":{"@id":"https:\/\/michigancelebrates.org\/supporters\/#primaryimage"},"thumbnailUrl":"https:\/\/michigancelebrates.org\/wp-content\/uploads\/2026\/04\/Email-Thank-You-Sponsors-2.png","datePublished":"2025-08-26T18:51:37+00:00","dateModified":"2026-04-14T12:34:07+00:00","description":"Fundadores de Michigan Celebra la Peque\u00f1a Empresa, patrocinadores fundadores, patrocinadores colaboradores, socios de los medios de comunicaci\u00f3n y socios de la comunidad.","breadcrumb":{"@id":"https:\/\/michigancelebrates.org\/supporters\/#breadcrumb"},"inLanguage":"es","potentialAction":[{"@type":"ReadAction","target":["https:\/\/michigancelebrates.org\/supporters\/"]}]},{"@type":"ImageObject","inLanguage":"es","@id":"https:\/\/michigancelebrates.org\/supporters\/#primaryimage","url":"https:\/\/michigancelebrates.org\/wp-content\/uploads\/2026\/04\/Email-Thank-You-Sponsors-2.png","contentUrl":"https:\/\/michigancelebrates.org\/wp-content\/uploads\/2026\/04\/Email-Thank-You-Sponsors-2.png"},{"@type":"BreadcrumbList","@id":"https:\/\/michigancelebrates.org\/supporters\/#breadcrumb","itemListElement":[{"@type":"ListItem","position":1,"name":"Home","item":"https:\/\/michigancelebrates.org\/"},{"@type":"ListItem","position":2,"name":"Our Supporters"}]},{"@type":"WebSite","@id":"https:\/\/michigancelebrates.org\/#website","url":"https:\/\/michigancelebrates.org\/","name":"Michigan celebra la peque\u00f1a empresa","description":"","publisher":{"@id":"https:\/\/michigancelebrates.org\/#organization"},"potentialAction":[{"@type":"SearchAction","target":{"@type":"EntryPoint","urlTemplate":"https:\/\/michigancelebrates.org\/?s={search_term_string}"},"query-input":{"@type":"PropertyValueSpecification","valueRequired":true,"valueName":"search_term_string"}}],"inLanguage":"es"},{"@type":"Organization","@id":"https:\/\/michigancelebrates.org\/#organization","name":"Michigan celebra la peque\u00f1a empresa","url":"https:\/\/michigancelebrates.org\/","logo":{"@type":"ImageObject","inLanguage":"es","@id":"https:\/\/michigancelebrates.org\/#\/schema\/logo\/image\/","url":"https:\/\/michigancelebrates.org\/wp-content\/uploads\/2025\/08\/MCSB-Logo.webp","contentUrl":"https:\/\/michigancelebrates.org\/wp-content\/uploads\/2025\/08\/MCSB-Logo.webp","width":1200,"height":283,"caption":"Michigan Celebrates Small Business"},"image":{"@id":"https:\/\/michigancelebrates.org\/#\/schema\/logo\/image\/"},"sameAs":["https:\/\/www.facebook.com\/theMCSB","https:\/\/x.com\/theMCSB","https:\/\/www.linkedin.com\/company\/mcsb\/","https:\/\/www.youtube.com\/channel\/UC03OWtnmxyjq_pKdOt8vDHg\/"]}]}},"_links":{"self":[{"href":"https:\/\/michigancelebrates.org\/es\/wp-json\/wp\/v2\/pages\/551","targetHints":{"allow":["GET"]}}],"collection":[{"href":"https:\/\/michigancelebrates.org\/es\/wp-json\/wp\/v2\/pages"}],"about":[{"href":"https:\/\/michigancelebrates.org\/es\/wp-json\/wp\/v2\/types\/page"}],"author":[{"embeddable":true,"href":"https:\/\/michigancelebrates.org\/es\/wp-json\/wp\/v2\/users\/1"}],"replies":[{"embeddable":true,"href":"https:\/\/michigancelebrates.org\/es\/wp-json\/wp\/v2\/comments?post=551"}],"version-history":[{"count":50,"href":"https:\/\/michigancelebrates.org\/es\/wp-json\/wp\/v2\/pages\/551\/revisions"}],"predecessor-version":[{"id":1997,"href":"https:\/\/michigancelebrates.org\/es\/wp-json\/wp\/v2\/pages\/551\/revisions\/1997"}],"wp:attachment":[{"href":"https:\/\/michigancelebrates.org\/es\/wp-json\/wp\/v2\/media?parent=551"}],"curies":[{"name":"wp","href":"https:\/\/api.w.org\/{rel}","templated":true}]}}