{"id":3,"date":"2025-08-13T20:21:45","date_gmt":"2025-08-13T20:21:45","guid":{"rendered":"https:\/\/michigancelebrates.org\/mcsbv4\/?page_id=3"},"modified":"2025-09-03T20:16:03","modified_gmt":"2025-09-03T20:16:03","slug":"privacy-policy","status":"publish","type":"page","link":"https:\/\/michigancelebrates.org\/es\/privacy-policy\/","title":{"rendered":"Pol\u00edtica de privacidad"},"content":{"rendered":"<div data-elementor-type=\"wp-page\" data-elementor-id=\"3\" class=\"elementor elementor-3\" data-elementor-post-type=\"page\">\n\t\t\t\t<div class=\"elementor-element elementor-element-1f4949d0 e-flex e-con-boxed e-con e-parent\" data-id=\"1f4949d0\" data-element_type=\"container\" data-e-type=\"container\">\n\t\t\t\t\t<div class=\"e-con-inner\">\n\t\t\t\t<div class=\"elementor-element elementor-element-797ecdce elementor-widget elementor-widget-text-editor\" data-id=\"797ecdce\" data-element_type=\"widget\" data-e-type=\"widget\" data-widget_type=\"text-editor.default\">\n\t\t\t\t\t\t\t\t\t<h2>Pol\u00edtica de privacidad<\/h2><h3>Recogida de informaci\u00f3n<\/h3><p>Recopilamos informaci\u00f3n no personal sobre usted de varias maneras, incluido el seguimiento de sus actividades a trav\u00e9s de su direcci\u00f3n IP o la URL visitada m\u00e1s recientemente. Sin embargo, no recopilamos ninguna informaci\u00f3n personal identificable sobre usted a menos que nos env\u00ede voluntariamente informaci\u00f3n de contacto, como nombre, tel\u00e9fono, direcci\u00f3n de correo electr\u00f3nico y direcci\u00f3n postal rellenando un formulario o encuesta, registrando su direcci\u00f3n de correo electr\u00f3nico con nosotros o envi\u00e1ndonos un correo electr\u00f3nico. Tambi\u00e9n podemos recoger informaci\u00f3n personal suya en otros puntos de nuestro sitio que indiquen que se est\u00e1 recogiendo informaci\u00f3n personal.<\/p><h3>Divulgaci\u00f3n de informaci\u00f3n<\/h3><p>No vendemos ni alquilamos sus datos personales a terceros.<\/p><h3>Uso de la informaci\u00f3n<\/h3><p>Utilizamos la informaci\u00f3n personal y no personal para fines de marketing interno, an\u00e1lisis de tendencias, detecci\u00f3n de patrones y administraci\u00f3n del sitio. Sin embargo, no utilizamos la informaci\u00f3n de identificaci\u00f3n personal recogida en el sitio web para enviarle correos no solicitados. Por supuesto, si procede, utilizamos la informaci\u00f3n de identificaci\u00f3n personal para prestar los servicios para los que se recogieron dichos datos (es decir, si se suscribe a un bolet\u00edn por correo electr\u00f3nico, le enviaremos el bolet\u00edn por correo electr\u00f3nico a la direcci\u00f3n que nos facilite).<\/p><p>Le ofrecemos la oportunidad de \"darse de baja\" para que su informaci\u00f3n personal no sea utilizada para determinados fines, cuando se la solicitemos. Por ejemplo, si adquiere un producto o servicio pero no desea recibir m\u00e1s material publicitario nuestro, puede indicar su preferencia haciendo clic en el enlace para darse de baja que figura a pie de p\u00e1gina del correo electr\u00f3nico.<\/p><p>Si no desea seguir recibiendo nuestros boletines y comunicaciones promocionales, puede optar por dejar de recibirlos haciendo clic en el enlace para darse de baja que aparece a pie de p\u00e1gina incluido en cada bolet\u00edn o comunicaci\u00f3n o envi\u00e1ndonos un correo electr\u00f3nico a la direcci\u00f3n de respuesta del correo electr\u00f3nico o puede ponerse en contacto con nosotros por tel\u00e9fono llamando al (734) 316-6654.<\/p><h3>Sitios de terceros<\/h3><p>Esta pol\u00edtica s\u00f3lo se refiere a nuestras actividades desde nuestros servidores. Otros sitios (incluidos aquellos a los que enlazamos en un anuncio, art\u00edculo o de otro modo, y sitios o servicios de terceros con los que ofrecemos o compartimos marca) pueden tener sus propias pol\u00edticas, que no controlamos, y por lo tanto no se abordan en esta pol\u00edtica.<\/p><h3>Revisi\u00f3n y eliminaci\u00f3n de sus datos de identificaci\u00f3n personal<\/h3><p>Si nos proporciona informaci\u00f3n personal identificable para que le prestemos servicios continuados, le proporcionaremos una forma de revisar la informaci\u00f3n que tenemos archivada y de cambiar o eliminar dichos datos. Para ello, notif\u00edquenoslo por correo postal o electr\u00f3nico a la direcci\u00f3n arriba indicada y le facilitaremos sus datos de contacto para que los revise. Para realizar cambios, env\u00edenos los cambios y responderemos a su solicitud de acceso en un plazo de treinta (30) d\u00edas a partir de la solicitud. Lamentablemente, en la medida en que dicha informaci\u00f3n tambi\u00e9n se almacena en otras bases de datos, no siempre podemos garantizar que dichas correcciones o supresiones lleguen a las otras bases de datos. Si desea que la informaci\u00f3n que nos proporcion\u00f3 en l\u00ednea sea eliminada de nuestros registros, facil\u00edtenos la informaci\u00f3n tal y como nos la envi\u00f3 a la direcci\u00f3n arriba indicada. Haremos todos los esfuerzos razonables para garantizar que su informaci\u00f3n sea eliminada de nuestros registros.<\/p><h3>Cookies y otros m\u00e9todos de seguimiento<\/h3><p>Cuando visite nuestro sitio web, es posible que almacenemos cierta informaci\u00f3n en su ordenador. Esta informaci\u00f3n estar\u00e1 en forma de \"cookie\" o archivo similar. Las cookies son peque\u00f1os fragmentos de informaci\u00f3n que se almacenan en su disco duro, no en nuestro sitio web. Las cookies, que est\u00e1n vinculadas a informaci\u00f3n personal, no le esp\u00edan ni invaden su privacidad de ninguna otra forma, y no pueden invadir su disco duro y robar informaci\u00f3n. M\u00e1s bien, le ayudan a navegar por un sitio web con la mayor facilidad posible. Las cookies pueden ayudarnos a proporcionar informaci\u00f3n dirigida a sus intereses y nos permiten comprender mejor c\u00f3mo utilizan los usuarios nuestro sitio, lo que a su vez nos ayuda a concentrar nuestros recursos en las funciones m\u00e1s populares entre nuestros usuarios. Puede rechazar nuestras cookies si su navegador se lo permite, pero algunas partes de nuestro sitio, incluidos los sitios web de cuentas de clientes registrados, pueden no funcionar correctamente en ese caso. Si desea excluirse de futuras comunicaciones, visite la p\u00e1gina de Google\u00a0<a href=\"https:\/\/tools.google.com\/dlpage\/gaoptout\/\">opciones de exclusi\u00f3n disponibles actualmente<\/a>\u00a0para la web.<\/p><h3>Seguimiento por terceros<\/h3><p>Utilizamos un servicio de seguimiento de terceros de Google Analytics que utiliza cookies para rastrear informaci\u00f3n sobre los visitantes de nuestro sitio en el agregado de visitas a la p\u00e1gina, el tiempo en la p\u00e1gina, y las tasas de rebote de visitantes para permitirnos hacer el sitio mejor y m\u00e1s informativo para nuestros visitantes.<\/p><h3>Aviso legal<\/h3><p>Nos reservamos el derecho a revelar su informaci\u00f3n de identificaci\u00f3n personal seg\u00fan lo exija la ley y cuando consideremos que dicha revelaci\u00f3n es necesaria para proteger nuestros derechos y\/o cumplir con un procedimiento judicial, una orden judicial o un proceso legal notificado en nuestro sitio web.<\/p><h3>Seguridad<\/h3><p>Utilizamos m\u00e9todos est\u00e1ndar de la industria para proteger su informaci\u00f3n personal identificable del acceso no autorizado. Entre otras t\u00e9cnicas, solemos almacenar dicha informaci\u00f3n en un ordenador detr\u00e1s de nuestro \"cortafuegos\" en un lugar seguro, y a menudo restringimos el n\u00famero de empleados internos que pueden acceder a dichos datos. Por supuesto, no existe la \"seguridad perfecta\" en Internet.<\/p><h3>Enmiendas<\/h3><p>Las modificaciones de esta pol\u00edtica se publicar\u00e1n en esta URL y entrar\u00e1n en vigor en el momento de su publicaci\u00f3n.<\/p><h3>Cambios en esta declaraci\u00f3n de confidencialidad<\/h3><p>Si decidimos cambiar nuestra pol\u00edtica de privacidad, publicaremos dichos cambios en esta declaraci\u00f3n de privacidad, en la p\u00e1gina de inicio y en otros lugares que consideremos apropiados para que usted sepa qu\u00e9 informaci\u00f3n recogemos, c\u00f3mo la utilizamos y en qu\u00e9 circunstancias, si las hubiera, la revelamos.<\/p><p>Nos reservamos el derecho a modificar esta declaraci\u00f3n de privacidad en cualquier momento, por lo que le rogamos que la revise con frecuencia. Si realizamos cambios sustanciales en esta pol\u00edtica, se lo notificaremos aqu\u00ed, por correo electr\u00f3nico o mediante un aviso en nuestra p\u00e1gina de inicio.<\/p>\t\t\t\t\t\t\t\t<\/div>\n\t\t\t\t\t<\/div>\n\t\t\t\t<\/div>\n\t\t\t\t<\/div>","protected":false},"excerpt":{"rendered":"<p>Privacy Policy Collection of Information We collect non-personally identifiable information about you in a number of ways, including tracking your activities through your IP address or most-recently-visited URL. However, we do not collect any personally identifiable information about you unless you voluntarily submit contact information to us, such as name, phone, email address, and mailing [&hellip;]<\/p>\n","protected":false},"author":1,"featured_media":0,"parent":0,"menu_order":999,"comment_status":"closed","ping_status":"closed","template":"","meta":{"footnotes":""},"class_list":["post-3","page","type-page","status-publish","hentry"],"yoast_head":"<!-- This site is optimized with the Yoast SEO plugin v27.3 - https:\/\/yoast.com\/product\/yoast-seo-wordpress\/ -->\n<title>Privacy Policy | Michigan Celebrates Small Business<\/title>\n<meta name=\"description\" content=\"Michigan Celebrates Small Business website privacy policy\" \/>\n<meta name=\"robots\" content=\"noindex, nofollow\" \/>\n<meta property=\"og:locale\" content=\"es_MX\" \/>\n<meta property=\"og:type\" content=\"article\" \/>\n<meta property=\"og:title\" content=\"Privacy Policy | Michigan Celebrates Small Business\" \/>\n<meta property=\"og:description\" content=\"Michigan Celebrates Small Business website privacy policy\" \/>\n<meta property=\"og:url\" content=\"https:\/\/michigancelebrates.org\/es\/privacy-policy\/\" \/>\n<meta property=\"og:site_name\" content=\"Michigan Celebrates Small Business\" \/>\n<meta property=\"article:publisher\" content=\"https:\/\/www.facebook.com\/theMCSB\" \/>\n<meta property=\"article:modified_time\" content=\"2025-09-03T20:16:03+00:00\" \/>\n<meta property=\"og:image\" content=\"https:\/\/michigancelebrates.org\/wp-content\/uploads\/2025\/09\/MCSB-Default-Featured-Image.webp\" \/>\n\t<meta property=\"og:image:width\" content=\"1200\" \/>\n\t<meta property=\"og:image:height\" content=\"675\" \/>\n\t<meta property=\"og:image:type\" content=\"image\/webp\" \/>\n<meta name=\"twitter:card\" content=\"summary_large_image\" \/>\n<meta name=\"twitter:site\" content=\"@theMCSB\" \/>\n<meta name=\"twitter:label1\" content=\"Tiempo de lectura\" \/>\n\t<meta name=\"twitter:data1\" content=\"5 minutos\" \/>\n<script type=\"application\/ld+json\" class=\"yoast-schema-graph\">{\"@context\":\"https:\\\/\\\/schema.org\",\"@graph\":[{\"@type\":\"WebPage\",\"@id\":\"https:\\\/\\\/michigancelebrates.org\\\/privacy-policy\\\/\",\"url\":\"https:\\\/\\\/michigancelebrates.org\\\/privacy-policy\\\/\",\"name\":\"Privacy Policy | Michigan Celebrates Small Business\",\"isPartOf\":{\"@id\":\"https:\\\/\\\/michigancelebrates.org\\\/#website\"},\"datePublished\":\"2025-08-13T20:21:45+00:00\",\"dateModified\":\"2025-09-03T20:16:03+00:00\",\"description\":\"Michigan Celebrates Small Business website privacy policy\",\"breadcrumb\":{\"@id\":\"https:\\\/\\\/michigancelebrates.org\\\/privacy-policy\\\/#breadcrumb\"},\"inLanguage\":\"es\",\"potentialAction\":[{\"@type\":\"ReadAction\",\"target\":[\"https:\\\/\\\/michigancelebrates.org\\\/privacy-policy\\\/\"]}]},{\"@type\":\"BreadcrumbList\",\"@id\":\"https:\\\/\\\/michigancelebrates.org\\\/privacy-policy\\\/#breadcrumb\",\"itemListElement\":[{\"@type\":\"ListItem\",\"position\":1,\"name\":\"Home\",\"item\":\"https:\\\/\\\/michigancelebrates.org\\\/\"},{\"@type\":\"ListItem\",\"position\":2,\"name\":\"Privacy Policy\"}]},{\"@type\":\"WebSite\",\"@id\":\"https:\\\/\\\/michigancelebrates.org\\\/#website\",\"url\":\"https:\\\/\\\/michigancelebrates.org\\\/\",\"name\":\"Michigan Celebrates Small Business\",\"description\":\"\",\"publisher\":{\"@id\":\"https:\\\/\\\/michigancelebrates.org\\\/#organization\"},\"potentialAction\":[{\"@type\":\"SearchAction\",\"target\":{\"@type\":\"EntryPoint\",\"urlTemplate\":\"https:\\\/\\\/michigancelebrates.org\\\/?s={search_term_string}\"},\"query-input\":{\"@type\":\"PropertyValueSpecification\",\"valueRequired\":true,\"valueName\":\"search_term_string\"}}],\"inLanguage\":\"es\"},{\"@type\":\"Organization\",\"@id\":\"https:\\\/\\\/michigancelebrates.org\\\/#organization\",\"name\":\"Michigan Celebrates Small Business\",\"url\":\"https:\\\/\\\/michigancelebrates.org\\\/\",\"logo\":{\"@type\":\"ImageObject\",\"inLanguage\":\"es\",\"@id\":\"https:\\\/\\\/michigancelebrates.org\\\/#\\\/schema\\\/logo\\\/image\\\/\",\"url\":\"https:\\\/\\\/michigancelebrates.org\\\/wp-content\\\/uploads\\\/2025\\\/08\\\/MCSB-Logo.webp\",\"contentUrl\":\"https:\\\/\\\/michigancelebrates.org\\\/wp-content\\\/uploads\\\/2025\\\/08\\\/MCSB-Logo.webp\",\"width\":1200,\"height\":283,\"caption\":\"Michigan Celebrates Small Business\"},\"image\":{\"@id\":\"https:\\\/\\\/michigancelebrates.org\\\/#\\\/schema\\\/logo\\\/image\\\/\"},\"sameAs\":[\"https:\\\/\\\/www.facebook.com\\\/theMCSB\",\"https:\\\/\\\/x.com\\\/theMCSB\",\"https:\\\/\\\/www.linkedin.com\\\/company\\\/mcsb\\\/\",\"https:\\\/\\\/www.youtube.com\\\/channel\\\/UC03OWtnmxyjq_pKdOt8vDHg\\\/\"]}]}<\/script>\n<!-- \/ Yoast SEO plugin. -->","yoast_head_json":{"title":"Pol\u00edtica de privacidad | Michigan celebra la peque\u00f1a empresa","description":"Pol\u00edtica de privacidad del sitio web Michigan Celebrates Small Business","robots":{"index":"noindex","follow":"nofollow"},"og_locale":"es_MX","og_type":"article","og_title":"Privacy Policy | Michigan Celebrates Small Business","og_description":"Michigan Celebrates Small Business website privacy policy","og_url":"https:\/\/michigancelebrates.org\/es\/privacy-policy\/","og_site_name":"Michigan Celebrates Small Business","article_publisher":"https:\/\/www.facebook.com\/theMCSB","article_modified_time":"2025-09-03T20:16:03+00:00","og_image":[{"width":1200,"height":675,"url":"https:\/\/michigancelebrates.org\/wp-content\/uploads\/2025\/09\/MCSB-Default-Featured-Image.webp","type":"image\/webp"}],"twitter_card":"summary_large_image","twitter_site":"@theMCSB","twitter_misc":{"Tiempo de lectura":"5 minutos"},"schema":{"@context":"https:\/\/schema.org","@graph":[{"@type":"WebPage","@id":"https:\/\/michigancelebrates.org\/privacy-policy\/","url":"https:\/\/michigancelebrates.org\/privacy-policy\/","name":"Pol\u00edtica de privacidad | Michigan celebra la peque\u00f1a empresa","isPartOf":{"@id":"https:\/\/michigancelebrates.org\/#website"},"datePublished":"2025-08-13T20:21:45+00:00","dateModified":"2025-09-03T20:16:03+00:00","description":"Pol\u00edtica de privacidad del sitio web Michigan Celebrates Small Business","breadcrumb":{"@id":"https:\/\/michigancelebrates.org\/privacy-policy\/#breadcrumb"},"inLanguage":"es","potentialAction":[{"@type":"ReadAction","target":["https:\/\/michigancelebrates.org\/privacy-policy\/"]}]},{"@type":"BreadcrumbList","@id":"https:\/\/michigancelebrates.org\/privacy-policy\/#breadcrumb","itemListElement":[{"@type":"ListItem","position":1,"name":"Home","item":"https:\/\/michigancelebrates.org\/"},{"@type":"ListItem","position":2,"name":"Privacy Policy"}]},{"@type":"WebSite","@id":"https:\/\/michigancelebrates.org\/#website","url":"https:\/\/michigancelebrates.org\/","name":"Michigan celebra la peque\u00f1a empresa","description":"","publisher":{"@id":"https:\/\/michigancelebrates.org\/#organization"},"potentialAction":[{"@type":"SearchAction","target":{"@type":"EntryPoint","urlTemplate":"https:\/\/michigancelebrates.org\/?s={search_term_string}"},"query-input":{"@type":"PropertyValueSpecification","valueRequired":true,"valueName":"search_term_string"}}],"inLanguage":"es"},{"@type":"Organization","@id":"https:\/\/michigancelebrates.org\/#organization","name":"Michigan celebra la peque\u00f1a empresa","url":"https:\/\/michigancelebrates.org\/","logo":{"@type":"ImageObject","inLanguage":"es","@id":"https:\/\/michigancelebrates.org\/#\/schema\/logo\/image\/","url":"https:\/\/michigancelebrates.org\/wp-content\/uploads\/2025\/08\/MCSB-Logo.webp","contentUrl":"https:\/\/michigancelebrates.org\/wp-content\/uploads\/2025\/08\/MCSB-Logo.webp","width":1200,"height":283,"caption":"Michigan Celebrates Small Business"},"image":{"@id":"https:\/\/michigancelebrates.org\/#\/schema\/logo\/image\/"},"sameAs":["https:\/\/www.facebook.com\/theMCSB","https:\/\/x.com\/theMCSB","https:\/\/www.linkedin.com\/company\/mcsb\/","https:\/\/www.youtube.com\/channel\/UC03OWtnmxyjq_pKdOt8vDHg\/"]}]}},"_links":{"self":[{"href":"https:\/\/michigancelebrates.org\/es\/wp-json\/wp\/v2\/pages\/3","targetHints":{"allow":["GET"]}}],"collection":[{"href":"https:\/\/michigancelebrates.org\/es\/wp-json\/wp\/v2\/pages"}],"about":[{"href":"https:\/\/michigancelebrates.org\/es\/wp-json\/wp\/v2\/types\/page"}],"author":[{"embeddable":true,"href":"https:\/\/michigancelebrates.org\/es\/wp-json\/wp\/v2\/users\/1"}],"replies":[{"embeddable":true,"href":"https:\/\/michigancelebrates.org\/es\/wp-json\/wp\/v2\/comments?post=3"}],"version-history":[{"count":13,"href":"https:\/\/michigancelebrates.org\/es\/wp-json\/wp\/v2\/pages\/3\/revisions"}],"predecessor-version":[{"id":1034,"href":"https:\/\/michigancelebrates.org\/es\/wp-json\/wp\/v2\/pages\/3\/revisions\/1034"}],"wp:attachment":[{"href":"https:\/\/michigancelebrates.org\/es\/wp-json\/wp\/v2\/media?parent=3"}],"curies":[{"name":"wp","href":"https:\/\/api.w.org\/{rel}","templated":true}]}}