{"id":1730,"date":"2026-02-11T18:24:08","date_gmt":"2026-02-11T18:24:08","guid":{"rendered":"https:\/\/michigancelebrates.org\/?page_id=1730"},"modified":"2026-04-16T12:54:29","modified_gmt":"2026-04-16T12:54:29","slug":"mcsb-gala","status":"publish","type":"page","link":"https:\/\/michigancelebrates.org\/es\/2026-events\/mcsb-gala\/","title":{"rendered":"Gala MCSB"},"content":{"rendered":"\t\t<div data-elementor-type=\"wp-page\" data-elementor-id=\"1730\" class=\"elementor elementor-1730\" data-elementor-post-type=\"page\">\n\t\t\t\t<div class=\"elementor-element elementor-element-59005db9 e-flex e-con-boxed e-con e-parent\" data-id=\"59005db9\" data-element_type=\"container\" data-e-type=\"container\" data-settings=\"{&quot;background_background&quot;:&quot;classic&quot;,&quot;background_motion_fx_motion_fx_scrolling&quot;:&quot;yes&quot;,&quot;background_motion_fx_translateY_effect&quot;:&quot;yes&quot;,&quot;background_motion_fx_translateY_speed&quot;:{&quot;unit&quot;:&quot;px&quot;,&quot;size&quot;:6.5,&quot;sizes&quot;:[]},&quot;background_motion_fx_translateY_affectedRange&quot;:{&quot;unit&quot;:&quot;%&quot;,&quot;size&quot;:&quot;&quot;,&quot;sizes&quot;:{&quot;start&quot;:0,&quot;end&quot;:100}},&quot;background_motion_fx_devices&quot;:[&quot;desktop&quot;,&quot;tablet&quot;,&quot;mobile&quot;]}\">\n\t\t\t\t\t<div class=\"e-con-inner\">\n\t\t\t\t<div class=\"elementor-element elementor-element-fd1d582 elementor-invisible elementor-widget elementor-widget-heading\" data-id=\"fd1d582\" data-element_type=\"widget\" data-e-type=\"widget\" data-settings=\"{&quot;_animation&quot;:&quot;fadeIn&quot;}\" data-widget_type=\"heading.default\">\n\t\t\t\t\t<h1 class=\"elementor-heading-title elementor-size-default\">MCSB Gala<\/h1>\t\t\t\t<\/div>\n\t\t\t\t<div class=\"elementor-element elementor-element-79eb26ea elementor-invisible elementor-widget elementor-widget-text-editor\" data-id=\"79eb26ea\" data-element_type=\"widget\" data-e-type=\"widget\" data-settings=\"{&quot;_animation&quot;:&quot;fadeIn&quot;,&quot;_animation_delay&quot;:400}\" data-widget_type=\"text-editor.default\">\n\t\t\t\t\t\t\t\t\t<div>Where Michigan\u2019s small businesses take center stage.<\/div><div><br \/><div>The Gala transforms momentum into a moment, celebrating Michigan\u2019s small businesses and what they\u2019ve accomplished.<\/div><\/div>\t\t\t\t\t\t\t\t<\/div>\n\t\t\t\t\t<\/div>\n\t\t\t\t<\/div>\n\t\t<div class=\"elementor-element elementor-element-5c901b8 e-flex e-con-boxed e-con e-parent\" data-id=\"5c901b8\" data-element_type=\"container\" data-e-type=\"container\">\n\t\t\t\t\t<div class=\"e-con-inner\">\n\t\t\t\t<div class=\"elementor-element elementor-element-4e5202a elementor-widget elementor-widget-text-editor\" data-id=\"4e5202a\" data-element_type=\"widget\" data-e-type=\"widget\" data-widget_type=\"text-editor.default\">\n\t\t\t\t\t\t\t\t\t<h2>MCSB Gala | April 22, 2026<\/h2><p><strong>April 22, 2026<\/strong><br \/><strong>5pm &#8211; 9:30pm<\/strong><br \/><strong>Breslin Center, East Lansing<\/strong><\/p><div>The Awards Gala is a moment to pause, reflect, and celebrate the achievements of Michigan\u2019s most impactful small businesses. It honors the innovation, leadership, and resilience behind each awardee\u2014while bringing together the people, partners, and supporters who help make that success possible. Here&#8217;s who should attend:<\/div><div>\u00a0<\/div><ul><li><strong>2026 MCSB awardees<\/strong> and the teams who helped make their success possible<\/li><li><strong>Summit and Capitol Day attendees<\/strong> ready to celebrate and connect<\/li><li><strong>Partners, sponsors, and supporters<\/strong> of Michigan\u2019s small business community<\/li><li><strong>Community and business leaders<\/strong> who believe in celebrating entrepreneurial impact<\/li><\/ul><div>\u00a0<\/div><h2>Here&#8217;s what to expect:<\/h2><ul><li>A <strong>formal, high\u2011energy awards celebration<\/strong> honoring 2026 MCSB awardees<\/li><li>A <strong>red\u2011carpet\u2011style experience<\/strong> and dinner on the arena floor<\/li><li>Inspiring stories of <strong>growth, impact, and entrepreneurship<\/strong> from across Michigan<\/li><li>An unforgettable opportunity for awardees and guests to <strong>celebrate together on stage<\/strong><\/li><\/ul>\t\t\t\t\t\t\t\t<\/div>\n\t\t\t\t\t<\/div>\n\t\t\t\t<\/div>\n\t\t<div class=\"elementor-element elementor-element-d25ac51 e-flex e-con-boxed e-con e-parent\" data-id=\"d25ac51\" data-element_type=\"container\" data-e-type=\"container\" data-settings=\"{&quot;background_background&quot;:&quot;classic&quot;}\">\n\t\t\t\t\t<div class=\"e-con-inner\">\n\t\t\t\t<div class=\"elementor-element elementor-element-83b8203 elementor-widget elementor-widget-heading\" data-id=\"83b8203\" data-element_type=\"widget\" data-e-type=\"widget\" data-widget_type=\"heading.default\">\n\t\t\t\t\t<h3 class=\"elementor-heading-title elementor-size-default\">full schedule of events<\/h3>\t\t\t\t<\/div>\n\t\t\t\t<div class=\"elementor-element elementor-element-fb59ca4 elementor-widget elementor-widget-text-editor\" data-id=\"fb59ca4\" data-element_type=\"widget\" data-e-type=\"widget\" data-widget_type=\"text-editor.default\">\n\t\t\t\t\t\t\t\t\t<p>Agenda:<\/p><p>5pm &#8211; Registration Opens<\/p><p>5pm &#8211; 6pm &#8211; Pre-Reception<\/p><p>5:15pm &#8211; 6pm &#8211; Live on the Red Carpet Begins<\/p><p>6:30pm &#8211; 8:30pm &#8211; Awards Gala<\/p><p>8:30 &#8211; 9:30pm &#8211; Afterglow Reception<\/p><p>Ticket prices start at $189.<\/p><p>Online registration has closed. If you&#8217;d like to register please contact us at (517) 482-8788 or <a href=\"mailto:info@michigancelebrates.org\">info@michigancelebrates.org<\/a>.<\/p>\t\t\t\t\t\t\t\t<\/div>\n\t\t\t\t<div class=\"elementor-element elementor-element-92185c0 elementor-align-left elementor-widget elementor-widget-button\" data-id=\"92185c0\" data-element_type=\"widget\" data-e-type=\"widget\" data-widget_type=\"button.default\">\n\t\t\t\t\t\t\t\t\t\t<a class=\"elementor-button elementor-button-link elementor-size-sm\" href=\"https:\/\/app.resultsathand.com\/mcsb26#home\" target=\"_blank\">\n\t\t\t\t\t\t<span class=\"elementor-button-content-wrapper\">\n\t\t\t\t\t\t\t\t\t<span class=\"elementor-button-text\">Get the Event App<\/span>\n\t\t\t\t\t<\/span>\n\t\t\t\t\t<\/a>\n\t\t\t\t\t\t\t\t<\/div>\n\t\t\t\t\t<\/div>\n\t\t\t\t<\/div>\n\t\t<div class=\"elementor-element elementor-element-84dcf24 e-flex e-con-boxed e-con e-parent\" data-id=\"84dcf24\" data-element_type=\"container\" data-e-type=\"container\">\n\t\t\t\t\t<div class=\"e-con-inner\">\n\t\t\t\t\t<\/div>\n\t\t\t\t<\/div>\n\t\t<div class=\"elementor-element elementor-element-c53abe3 e-flex e-con-boxed e-con e-parent\" data-id=\"c53abe3\" data-element_type=\"container\" data-e-type=\"container\">\n\t\t\t\t\t<div class=\"e-con-inner\">\n\t\t\t\t\t<\/div>\n\t\t\t\t<\/div>\n\t\t\t\t<\/div>\n\t\t","protected":false},"excerpt":{"rendered":"<p>MCSB Gala Where Michigan\u2019s small businesses take center stage.The Gala transforms momentum into a moment, celebrating Michigan\u2019s small businesses and what they\u2019ve accomplished. MCSB Gala | April 22, 2026 April 22, 20265pm &#8211; 9:30pmBreslin Center, East Lansing The Awards Gala is a moment to pause, reflect, and celebrate the achievements of Michigan\u2019s most impactful small [&hellip;]<\/p>\n","protected":false},"author":2,"featured_media":0,"parent":593,"menu_order":0,"comment_status":"closed","ping_status":"closed","template":"","meta":{"footnotes":""},"class_list":["post-1730","page","type-page","status-publish","hentry"],"yoast_head":"<!-- This site is optimized with the Yoast SEO plugin v27.3 - https:\/\/yoast.com\/product\/yoast-seo-wordpress\/ -->\n<title>MCSB Gala | Michigan Celebrates Small Business<\/title>\n<meta name=\"description\" content=\"Gain exposure at Michigan\u2019s premier small business event. Connect with leaders, investors, and entrepreneurs while competing to win $10,000.\" \/>\n<meta name=\"robots\" content=\"index, follow, max-snippet:-1, max-image-preview:large, max-video-preview:-1\" \/>\n<link rel=\"canonical\" href=\"https:\/\/michigancelebrates.org\/es\/2026-events\/mcsb-gala\/\" \/>\n<meta property=\"og:locale\" content=\"es_MX\" \/>\n<meta property=\"og:type\" content=\"article\" \/>\n<meta property=\"og:title\" content=\"MCSB Gala | Michigan Celebrates Small Business\" \/>\n<meta property=\"og:description\" content=\"Gain exposure at Michigan\u2019s premier small business event. Connect with leaders, investors, and entrepreneurs while competing to win $10,000.\" \/>\n<meta property=\"og:url\" content=\"https:\/\/michigancelebrates.org\/es\/2026-events\/mcsb-gala\/\" \/>\n<meta property=\"og:site_name\" content=\"Michigan Celebrates Small Business\" \/>\n<meta property=\"article:publisher\" content=\"https:\/\/www.facebook.com\/theMCSB\" \/>\n<meta property=\"article:modified_time\" content=\"2026-04-16T12:54:29+00:00\" \/>\n<meta property=\"og:image\" content=\"https:\/\/michigancelebrates.org\/wp-content\/uploads\/2025\/09\/MCSB-Default-Featured-Image.webp\" \/>\n\t<meta property=\"og:image:width\" content=\"1200\" \/>\n\t<meta property=\"og:image:height\" content=\"675\" \/>\n\t<meta property=\"og:image:type\" content=\"image\/webp\" \/>\n<meta name=\"twitter:card\" content=\"summary_large_image\" \/>\n<meta name=\"twitter:site\" content=\"@theMCSB\" \/>\n<meta name=\"twitter:label1\" content=\"Tiempo de lectura\" \/>\n\t<meta name=\"twitter:data1\" content=\"1 minuto\" \/>\n<script type=\"application\/ld+json\" class=\"yoast-schema-graph\">{\"@context\":\"https:\\\/\\\/schema.org\",\"@graph\":[{\"@type\":\"WebPage\",\"@id\":\"https:\\\/\\\/michigancelebrates.org\\\/2026-events\\\/mcsb-gala\\\/\",\"url\":\"https:\\\/\\\/michigancelebrates.org\\\/2026-events\\\/mcsb-gala\\\/\",\"name\":\"MCSB Gala | Michigan Celebrates Small Business\",\"isPartOf\":{\"@id\":\"https:\\\/\\\/michigancelebrates.org\\\/#website\"},\"datePublished\":\"2026-02-11T18:24:08+00:00\",\"dateModified\":\"2026-04-16T12:54:29+00:00\",\"description\":\"Gain exposure at Michigan\u2019s premier small business event. Connect with leaders, investors, and entrepreneurs while competing to win $10,000.\",\"breadcrumb\":{\"@id\":\"https:\\\/\\\/michigancelebrates.org\\\/2026-events\\\/mcsb-gala\\\/#breadcrumb\"},\"inLanguage\":\"es\",\"potentialAction\":[{\"@type\":\"ReadAction\",\"target\":[\"https:\\\/\\\/michigancelebrates.org\\\/2026-events\\\/mcsb-gala\\\/\"]}]},{\"@type\":\"BreadcrumbList\",\"@id\":\"https:\\\/\\\/michigancelebrates.org\\\/2026-events\\\/mcsb-gala\\\/#breadcrumb\",\"itemListElement\":[{\"@type\":\"ListItem\",\"position\":1,\"name\":\"Home\",\"item\":\"https:\\\/\\\/michigancelebrates.org\\\/\"},{\"@type\":\"ListItem\",\"position\":2,\"name\":\"2026 Events\",\"item\":\"https:\\\/\\\/michigancelebrates.org\\\/2026-events\\\/\"},{\"@type\":\"ListItem\",\"position\":3,\"name\":\"MCSB Gala\"}]},{\"@type\":\"WebSite\",\"@id\":\"https:\\\/\\\/michigancelebrates.org\\\/#website\",\"url\":\"https:\\\/\\\/michigancelebrates.org\\\/\",\"name\":\"Michigan Celebrates Small Business\",\"description\":\"\",\"publisher\":{\"@id\":\"https:\\\/\\\/michigancelebrates.org\\\/#organization\"},\"potentialAction\":[{\"@type\":\"SearchAction\",\"target\":{\"@type\":\"EntryPoint\",\"urlTemplate\":\"https:\\\/\\\/michigancelebrates.org\\\/?s={search_term_string}\"},\"query-input\":{\"@type\":\"PropertyValueSpecification\",\"valueRequired\":true,\"valueName\":\"search_term_string\"}}],\"inLanguage\":\"es\"},{\"@type\":\"Organization\",\"@id\":\"https:\\\/\\\/michigancelebrates.org\\\/#organization\",\"name\":\"Michigan Celebrates Small Business\",\"url\":\"https:\\\/\\\/michigancelebrates.org\\\/\",\"logo\":{\"@type\":\"ImageObject\",\"inLanguage\":\"es\",\"@id\":\"https:\\\/\\\/michigancelebrates.org\\\/#\\\/schema\\\/logo\\\/image\\\/\",\"url\":\"https:\\\/\\\/michigancelebrates.org\\\/wp-content\\\/uploads\\\/2025\\\/08\\\/MCSB-Logo.webp\",\"contentUrl\":\"https:\\\/\\\/michigancelebrates.org\\\/wp-content\\\/uploads\\\/2025\\\/08\\\/MCSB-Logo.webp\",\"width\":1200,\"height\":283,\"caption\":\"Michigan Celebrates Small Business\"},\"image\":{\"@id\":\"https:\\\/\\\/michigancelebrates.org\\\/#\\\/schema\\\/logo\\\/image\\\/\"},\"sameAs\":[\"https:\\\/\\\/www.facebook.com\\\/theMCSB\",\"https:\\\/\\\/x.com\\\/theMCSB\",\"https:\\\/\\\/www.linkedin.com\\\/company\\\/mcsb\\\/\",\"https:\\\/\\\/www.youtube.com\\\/channel\\\/UC03OWtnmxyjq_pKdOt8vDHg\\\/\"]}]}<\/script>\n<!-- \/ Yoast SEO plugin. -->","yoast_head_json":{"title":"MCSB Gala | Michigan Celebrates Small Business","description":"Consigue visibilidad en el evento m\u00e1s importante para peque\u00f1as empresas de Michigan. Conecta con l\u00edderes, inversionistas y emprendedores mientras compites por ganar $10,000.","robots":{"index":"index","follow":"follow","max-snippet":"max-snippet:-1","max-image-preview":"max-image-preview:large","max-video-preview":"max-video-preview:-1"},"canonical":"https:\/\/michigancelebrates.org\/es\/2026-events\/mcsb-gala\/","og_locale":"es_MX","og_type":"article","og_title":"MCSB Gala | Michigan Celebrates Small Business","og_description":"Gain exposure at Michigan\u2019s premier small business event. Connect with leaders, investors, and entrepreneurs while competing to win $10,000.","og_url":"https:\/\/michigancelebrates.org\/es\/2026-events\/mcsb-gala\/","og_site_name":"Michigan Celebrates Small Business","article_publisher":"https:\/\/www.facebook.com\/theMCSB","article_modified_time":"2026-04-16T12:54:29+00:00","og_image":[{"width":1200,"height":675,"url":"https:\/\/michigancelebrates.org\/wp-content\/uploads\/2025\/09\/MCSB-Default-Featured-Image.webp","type":"image\/webp"}],"twitter_card":"summary_large_image","twitter_site":"@theMCSB","twitter_misc":{"Tiempo de lectura":"1 minuto"},"schema":{"@context":"https:\/\/schema.org","@graph":[{"@type":"WebPage","@id":"https:\/\/michigancelebrates.org\/2026-events\/mcsb-gala\/","url":"https:\/\/michigancelebrates.org\/2026-events\/mcsb-gala\/","name":"MCSB Gala | Michigan Celebrates Small Business","isPartOf":{"@id":"https:\/\/michigancelebrates.org\/#website"},"datePublished":"2026-02-11T18:24:08+00:00","dateModified":"2026-04-16T12:54:29+00:00","description":"Consigue visibilidad en el evento m\u00e1s importante para peque\u00f1as empresas de Michigan. Conecta con l\u00edderes, inversionistas y emprendedores mientras compites por ganar $10,000.","breadcrumb":{"@id":"https:\/\/michigancelebrates.org\/2026-events\/mcsb-gala\/#breadcrumb"},"inLanguage":"es","potentialAction":[{"@type":"ReadAction","target":["https:\/\/michigancelebrates.org\/2026-events\/mcsb-gala\/"]}]},{"@type":"BreadcrumbList","@id":"https:\/\/michigancelebrates.org\/2026-events\/mcsb-gala\/#breadcrumb","itemListElement":[{"@type":"ListItem","position":1,"name":"Home","item":"https:\/\/michigancelebrates.org\/"},{"@type":"ListItem","position":2,"name":"2026 Events","item":"https:\/\/michigancelebrates.org\/2026-events\/"},{"@type":"ListItem","position":3,"name":"MCSB Gala"}]},{"@type":"WebSite","@id":"https:\/\/michigancelebrates.org\/#website","url":"https:\/\/michigancelebrates.org\/","name":"Michigan celebra la peque\u00f1a empresa","description":"","publisher":{"@id":"https:\/\/michigancelebrates.org\/#organization"},"potentialAction":[{"@type":"SearchAction","target":{"@type":"EntryPoint","urlTemplate":"https:\/\/michigancelebrates.org\/?s={search_term_string}"},"query-input":{"@type":"PropertyValueSpecification","valueRequired":true,"valueName":"search_term_string"}}],"inLanguage":"es"},{"@type":"Organization","@id":"https:\/\/michigancelebrates.org\/#organization","name":"Michigan celebra la peque\u00f1a empresa","url":"https:\/\/michigancelebrates.org\/","logo":{"@type":"ImageObject","inLanguage":"es","@id":"https:\/\/michigancelebrates.org\/#\/schema\/logo\/image\/","url":"https:\/\/michigancelebrates.org\/wp-content\/uploads\/2025\/08\/MCSB-Logo.webp","contentUrl":"https:\/\/michigancelebrates.org\/wp-content\/uploads\/2025\/08\/MCSB-Logo.webp","width":1200,"height":283,"caption":"Michigan Celebrates Small Business"},"image":{"@id":"https:\/\/michigancelebrates.org\/#\/schema\/logo\/image\/"},"sameAs":["https:\/\/www.facebook.com\/theMCSB","https:\/\/x.com\/theMCSB","https:\/\/www.linkedin.com\/company\/mcsb\/","https:\/\/www.youtube.com\/channel\/UC03OWtnmxyjq_pKdOt8vDHg\/"]}]}},"_links":{"self":[{"href":"https:\/\/michigancelebrates.org\/es\/wp-json\/wp\/v2\/pages\/1730","targetHints":{"allow":["GET"]}}],"collection":[{"href":"https:\/\/michigancelebrates.org\/es\/wp-json\/wp\/v2\/pages"}],"about":[{"href":"https:\/\/michigancelebrates.org\/es\/wp-json\/wp\/v2\/types\/page"}],"author":[{"embeddable":true,"href":"https:\/\/michigancelebrates.org\/es\/wp-json\/wp\/v2\/users\/2"}],"replies":[{"embeddable":true,"href":"https:\/\/michigancelebrates.org\/es\/wp-json\/wp\/v2\/comments?post=1730"}],"version-history":[{"count":34,"href":"https:\/\/michigancelebrates.org\/es\/wp-json\/wp\/v2\/pages\/1730\/revisions"}],"predecessor-version":[{"id":2023,"href":"https:\/\/michigancelebrates.org\/es\/wp-json\/wp\/v2\/pages\/1730\/revisions\/2023"}],"up":[{"embeddable":true,"href":"https:\/\/michigancelebrates.org\/es\/wp-json\/wp\/v2\/pages\/593"}],"wp:attachment":[{"href":"https:\/\/michigancelebrates.org\/es\/wp-json\/wp\/v2\/media?parent=1730"}],"curies":[{"name":"wp","href":"https:\/\/api.w.org\/{rel}","templated":true}]}}