{"id":1682,"date":"2026-02-11T16:16:19","date_gmt":"2026-02-11T16:16:19","guid":{"rendered":"https:\/\/michigancelebrates.org\/?page_id=1682"},"modified":"2026-04-16T19:22:15","modified_gmt":"2026-04-16T19:22:15","slug":"vip-reception","status":"publish","type":"page","link":"https:\/\/michigancelebrates.org\/es\/2026-events\/vip-reception\/","title":{"rendered":"Recepci\u00f3n VIP de MCSB"},"content":{"rendered":"\t\t<div data-elementor-type=\"wp-page\" data-elementor-id=\"1682\" class=\"elementor elementor-1682\" data-elementor-post-type=\"page\">\n\t\t\t\t<div class=\"elementor-element elementor-element-59005db9 e-flex e-con-boxed e-con e-parent\" data-id=\"59005db9\" data-element_type=\"container\" data-e-type=\"container\" data-settings=\"{&quot;background_background&quot;:&quot;classic&quot;,&quot;background_motion_fx_motion_fx_scrolling&quot;:&quot;yes&quot;,&quot;background_motion_fx_translateY_effect&quot;:&quot;yes&quot;,&quot;background_motion_fx_translateY_speed&quot;:{&quot;unit&quot;:&quot;px&quot;,&quot;size&quot;:6.5,&quot;sizes&quot;:[]},&quot;background_motion_fx_opacity_effect&quot;:&quot;yes&quot;,&quot;background_motion_fx_opacity_range&quot;:{&quot;unit&quot;:&quot;%&quot;,&quot;size&quot;:&quot;&quot;,&quot;sizes&quot;:{&quot;start&quot;:20,&quot;end&quot;:90}},&quot;background_motion_fx_translateY_affectedRange&quot;:{&quot;unit&quot;:&quot;%&quot;,&quot;size&quot;:&quot;&quot;,&quot;sizes&quot;:{&quot;start&quot;:0,&quot;end&quot;:100}},&quot;background_motion_fx_opacity_direction&quot;:&quot;out-in&quot;,&quot;background_motion_fx_opacity_level&quot;:{&quot;unit&quot;:&quot;px&quot;,&quot;size&quot;:10,&quot;sizes&quot;:[]},&quot;background_motion_fx_devices&quot;:[&quot;desktop&quot;,&quot;tablet&quot;,&quot;mobile&quot;]}\">\n\t\t\t\t\t<div class=\"e-con-inner\">\n\t\t\t\t<div class=\"elementor-element elementor-element-fd1d582 elementor-invisible elementor-widget elementor-widget-heading\" data-id=\"fd1d582\" data-element_type=\"widget\" data-e-type=\"widget\" data-settings=\"{&quot;_animation&quot;:&quot;fadeIn&quot;}\" data-widget_type=\"heading.default\">\n\t\t\t\t\t<h1 class=\"elementor-heading-title elementor-size-default\">MCSB VIP Reception<\/h1>\t\t\t\t<\/div>\n\t\t\t\t<div class=\"elementor-element elementor-element-79eb26ea elementor-invisible elementor-widget elementor-widget-text-editor\" data-id=\"79eb26ea\" data-element_type=\"widget\" data-e-type=\"widget\" data-settings=\"{&quot;_animation&quot;:&quot;fadeIn&quot;,&quot;_animation_delay&quot;:400}\" data-widget_type=\"text-editor.default\">\n\t\t\t\t\t\t\t\t\t<div>Where connection meets celebration.<\/div><div>\u00a0<\/div><div>The VIP Reception is your chance to continue the momentum and conversations of the Summit while raising a glass to Michigan\u2019s 2026 award\u2011winning businesses.<\/div>\t\t\t\t\t\t\t\t<\/div>\n\t\t\t\t\t<\/div>\n\t\t\t\t<\/div>\n\t\t<div class=\"elementor-element elementor-element-5c901b8 e-flex e-con-boxed e-con e-parent\" data-id=\"5c901b8\" data-element_type=\"container\" data-e-type=\"container\">\n\t\t\t\t\t<div class=\"e-con-inner\">\n\t\t\t\t<div class=\"elementor-element elementor-element-4e5202a elementor-widget elementor-widget-text-editor\" data-id=\"4e5202a\" data-element_type=\"widget\" data-e-type=\"widget\" data-widget_type=\"text-editor.default\">\n\t\t\t\t\t\t\t\t\t<h2>MCSB VIP Reception<\/h2><p><strong>April 21, 2026<\/strong><br \/><strong>5:45pm &#8211; 7:15pm<br \/>Kellogg Hotel &amp; Conference Center<\/strong><\/p><div>The VIP Reception offers a more intimate way to connect with <strong>Michigan Celebrates Small Business awardees, partners, and leaders<\/strong> in a setting designed for meaningful conversation and connection. It\u2019s where the momentum of the Summit continues, bringing together the people behind Michigan\u2019s small business success to recognize achievement, strengthen relationships, and celebrate what\u2019s next!<\/div><div>\u00a0<\/div><div>Here&#8217;s who should attend.<\/div><ul><li><strong style=\"font-size: 16px;\">2026 MCSB awardees<\/strong><span style=\"font-size: 16px;\"> and the teams who support their success<\/span><\/li><li><strong>Summit attendees<\/strong> looking to extend the day\u2019s conversations in a more intimate setting<\/li><li><strong>Partners, sponsors, and ecosystem leaders<\/strong> committed to Michigan small businesses<\/li><\/ul><p>\u00a0<\/p><p>Online registration has closed. Please contact us at (517) 482-8788 or <a href=\"mailto:info@michigancelebrates.org\">info@michigancelebrates.org<\/a> for assistance.<\/p>\t\t\t\t\t\t\t\t<\/div>\n\t\t\t\t<div class=\"elementor-element elementor-element-e9355ca elementor-align-left elementor-widget elementor-widget-button\" data-id=\"e9355ca\" data-element_type=\"widget\" data-e-type=\"widget\" data-widget_type=\"button.default\">\n\t\t\t\t\t\t\t\t\t\t<a class=\"elementor-button elementor-button-link elementor-size-sm\" href=\"https:\/\/app.resultsathand.com\/mcsb26#home\" target=\"_blank\">\n\t\t\t\t\t\t<span class=\"elementor-button-content-wrapper\">\n\t\t\t\t\t\t\t\t\t<span class=\"elementor-button-text\">Get the Event App<\/span>\n\t\t\t\t\t<\/span>\n\t\t\t\t\t<\/a>\n\t\t\t\t\t\t\t\t<\/div>\n\t\t\t\t\t<\/div>\n\t\t\t\t<\/div>\n\t\t\t\t<\/div>\n\t\t","protected":false},"excerpt":{"rendered":"<p>MCSB VIP Reception Where connection meets celebration.\u00a0The VIP Reception is your chance to continue the momentum and conversations of the Summit while raising a glass to Michigan\u2019s 2026 award\u2011winning businesses. MCSB VIP Reception April 21, 20265:45pm &#8211; 7:15pmKellogg Hotel &amp; Conference Center The VIP Reception offers a more intimate way to connect with Michigan Celebrates [&hellip;]<\/p>\n","protected":false},"author":2,"featured_media":0,"parent":593,"menu_order":0,"comment_status":"closed","ping_status":"closed","template":"","meta":{"footnotes":""},"class_list":["post-1682","page","type-page","status-publish","hentry"],"yoast_head":"<!-- This site is optimized with the Yoast SEO plugin v27.3 - https:\/\/yoast.com\/product\/yoast-seo-wordpress\/ -->\n<title>MCSB VIP Reception | Michigan Celebrates Small Business<\/title>\n<meta name=\"description\" content=\"Gain exposure at Michigan\u2019s premier small business event. Connect with leaders, investors, and entrepreneurs while competing to win $10,000.\" \/>\n<meta name=\"robots\" content=\"index, follow, max-snippet:-1, max-image-preview:large, max-video-preview:-1\" \/>\n<link rel=\"canonical\" href=\"https:\/\/michigancelebrates.org\/es\/2026-events\/vip-reception\/\" \/>\n<meta property=\"og:locale\" content=\"es_MX\" \/>\n<meta property=\"og:type\" content=\"article\" \/>\n<meta property=\"og:title\" content=\"MCSB VIP Reception | Michigan Celebrates Small Business\" \/>\n<meta property=\"og:description\" content=\"Gain exposure at Michigan\u2019s premier small business event. Connect with leaders, investors, and entrepreneurs while competing to win $10,000.\" \/>\n<meta property=\"og:url\" content=\"https:\/\/michigancelebrates.org\/es\/2026-events\/vip-reception\/\" \/>\n<meta property=\"og:site_name\" content=\"Michigan Celebrates Small Business\" \/>\n<meta property=\"article:publisher\" content=\"https:\/\/www.facebook.com\/theMCSB\" \/>\n<meta property=\"article:modified_time\" content=\"2026-04-16T19:22:15+00:00\" \/>\n<meta property=\"og:image\" content=\"https:\/\/michigancelebrates.org\/wp-content\/uploads\/2025\/09\/MCSB-Default-Featured-Image.webp\" \/>\n\t<meta property=\"og:image:width\" content=\"1200\" \/>\n\t<meta property=\"og:image:height\" content=\"675\" \/>\n\t<meta property=\"og:image:type\" content=\"image\/webp\" \/>\n<meta name=\"twitter:card\" content=\"summary_large_image\" \/>\n<meta name=\"twitter:site\" content=\"@theMCSB\" \/>\n<meta name=\"twitter:label1\" content=\"Tiempo de lectura\" \/>\n\t<meta name=\"twitter:data1\" content=\"1 minuto\" \/>\n<script type=\"application\/ld+json\" class=\"yoast-schema-graph\">{\"@context\":\"https:\\\/\\\/schema.org\",\"@graph\":[{\"@type\":\"WebPage\",\"@id\":\"https:\\\/\\\/michigancelebrates.org\\\/2026-events\\\/vip-reception\\\/\",\"url\":\"https:\\\/\\\/michigancelebrates.org\\\/2026-events\\\/vip-reception\\\/\",\"name\":\"MCSB VIP Reception | Michigan Celebrates Small Business\",\"isPartOf\":{\"@id\":\"https:\\\/\\\/michigancelebrates.org\\\/#website\"},\"datePublished\":\"2026-02-11T16:16:19+00:00\",\"dateModified\":\"2026-04-16T19:22:15+00:00\",\"description\":\"Gain exposure at Michigan\u2019s premier small business event. Connect with leaders, investors, and entrepreneurs while competing to win $10,000.\",\"breadcrumb\":{\"@id\":\"https:\\\/\\\/michigancelebrates.org\\\/2026-events\\\/vip-reception\\\/#breadcrumb\"},\"inLanguage\":\"es\",\"potentialAction\":[{\"@type\":\"ReadAction\",\"target\":[\"https:\\\/\\\/michigancelebrates.org\\\/2026-events\\\/vip-reception\\\/\"]}]},{\"@type\":\"BreadcrumbList\",\"@id\":\"https:\\\/\\\/michigancelebrates.org\\\/2026-events\\\/vip-reception\\\/#breadcrumb\",\"itemListElement\":[{\"@type\":\"ListItem\",\"position\":1,\"name\":\"Home\",\"item\":\"https:\\\/\\\/michigancelebrates.org\\\/\"},{\"@type\":\"ListItem\",\"position\":2,\"name\":\"2026 Events\",\"item\":\"https:\\\/\\\/michigancelebrates.org\\\/2026-events\\\/\"},{\"@type\":\"ListItem\",\"position\":3,\"name\":\"MCSB VIP Reception\"}]},{\"@type\":\"WebSite\",\"@id\":\"https:\\\/\\\/michigancelebrates.org\\\/#website\",\"url\":\"https:\\\/\\\/michigancelebrates.org\\\/\",\"name\":\"Michigan Celebrates Small Business\",\"description\":\"\",\"publisher\":{\"@id\":\"https:\\\/\\\/michigancelebrates.org\\\/#organization\"},\"potentialAction\":[{\"@type\":\"SearchAction\",\"target\":{\"@type\":\"EntryPoint\",\"urlTemplate\":\"https:\\\/\\\/michigancelebrates.org\\\/?s={search_term_string}\"},\"query-input\":{\"@type\":\"PropertyValueSpecification\",\"valueRequired\":true,\"valueName\":\"search_term_string\"}}],\"inLanguage\":\"es\"},{\"@type\":\"Organization\",\"@id\":\"https:\\\/\\\/michigancelebrates.org\\\/#organization\",\"name\":\"Michigan Celebrates Small Business\",\"url\":\"https:\\\/\\\/michigancelebrates.org\\\/\",\"logo\":{\"@type\":\"ImageObject\",\"inLanguage\":\"es\",\"@id\":\"https:\\\/\\\/michigancelebrates.org\\\/#\\\/schema\\\/logo\\\/image\\\/\",\"url\":\"https:\\\/\\\/michigancelebrates.org\\\/wp-content\\\/uploads\\\/2025\\\/08\\\/MCSB-Logo.webp\",\"contentUrl\":\"https:\\\/\\\/michigancelebrates.org\\\/wp-content\\\/uploads\\\/2025\\\/08\\\/MCSB-Logo.webp\",\"width\":1200,\"height\":283,\"caption\":\"Michigan Celebrates Small Business\"},\"image\":{\"@id\":\"https:\\\/\\\/michigancelebrates.org\\\/#\\\/schema\\\/logo\\\/image\\\/\"},\"sameAs\":[\"https:\\\/\\\/www.facebook.com\\\/theMCSB\",\"https:\\\/\\\/x.com\\\/theMCSB\",\"https:\\\/\\\/www.linkedin.com\\\/company\\\/mcsb\\\/\",\"https:\\\/\\\/www.youtube.com\\\/channel\\\/UC03OWtnmxyjq_pKdOt8vDHg\\\/\"]}]}<\/script>\n<!-- \/ Yoast SEO plugin. -->","yoast_head_json":{"title":"MCSB VIP Reception | Michigan Celebrates Small Business","description":"Consigue visibilidad en el evento m\u00e1s importante para peque\u00f1as empresas de Michigan. Conecta con l\u00edderes, inversionistas y emprendedores mientras compites por ganar $10,000.","robots":{"index":"index","follow":"follow","max-snippet":"max-snippet:-1","max-image-preview":"max-image-preview:large","max-video-preview":"max-video-preview:-1"},"canonical":"https:\/\/michigancelebrates.org\/es\/2026-events\/vip-reception\/","og_locale":"es_MX","og_type":"article","og_title":"MCSB VIP Reception | Michigan Celebrates Small Business","og_description":"Gain exposure at Michigan\u2019s premier small business event. Connect with leaders, investors, and entrepreneurs while competing to win $10,000.","og_url":"https:\/\/michigancelebrates.org\/es\/2026-events\/vip-reception\/","og_site_name":"Michigan Celebrates Small Business","article_publisher":"https:\/\/www.facebook.com\/theMCSB","article_modified_time":"2026-04-16T19:22:15+00:00","og_image":[{"width":1200,"height":675,"url":"https:\/\/michigancelebrates.org\/wp-content\/uploads\/2025\/09\/MCSB-Default-Featured-Image.webp","type":"image\/webp"}],"twitter_card":"summary_large_image","twitter_site":"@theMCSB","twitter_misc":{"Tiempo de lectura":"1 minuto"},"schema":{"@context":"https:\/\/schema.org","@graph":[{"@type":"WebPage","@id":"https:\/\/michigancelebrates.org\/2026-events\/vip-reception\/","url":"https:\/\/michigancelebrates.org\/2026-events\/vip-reception\/","name":"MCSB VIP Reception | Michigan Celebrates Small Business","isPartOf":{"@id":"https:\/\/michigancelebrates.org\/#website"},"datePublished":"2026-02-11T16:16:19+00:00","dateModified":"2026-04-16T19:22:15+00:00","description":"Consigue visibilidad en el evento m\u00e1s importante para peque\u00f1as empresas de Michigan. Conecta con l\u00edderes, inversionistas y emprendedores mientras compites por ganar $10,000.","breadcrumb":{"@id":"https:\/\/michigancelebrates.org\/2026-events\/vip-reception\/#breadcrumb"},"inLanguage":"es","potentialAction":[{"@type":"ReadAction","target":["https:\/\/michigancelebrates.org\/2026-events\/vip-reception\/"]}]},{"@type":"BreadcrumbList","@id":"https:\/\/michigancelebrates.org\/2026-events\/vip-reception\/#breadcrumb","itemListElement":[{"@type":"ListItem","position":1,"name":"Home","item":"https:\/\/michigancelebrates.org\/"},{"@type":"ListItem","position":2,"name":"2026 Events","item":"https:\/\/michigancelebrates.org\/2026-events\/"},{"@type":"ListItem","position":3,"name":"MCSB VIP Reception"}]},{"@type":"WebSite","@id":"https:\/\/michigancelebrates.org\/#website","url":"https:\/\/michigancelebrates.org\/","name":"Michigan celebra la peque\u00f1a empresa","description":"","publisher":{"@id":"https:\/\/michigancelebrates.org\/#organization"},"potentialAction":[{"@type":"SearchAction","target":{"@type":"EntryPoint","urlTemplate":"https:\/\/michigancelebrates.org\/?s={search_term_string}"},"query-input":{"@type":"PropertyValueSpecification","valueRequired":true,"valueName":"search_term_string"}}],"inLanguage":"es"},{"@type":"Organization","@id":"https:\/\/michigancelebrates.org\/#organization","name":"Michigan celebra la peque\u00f1a empresa","url":"https:\/\/michigancelebrates.org\/","logo":{"@type":"ImageObject","inLanguage":"es","@id":"https:\/\/michigancelebrates.org\/#\/schema\/logo\/image\/","url":"https:\/\/michigancelebrates.org\/wp-content\/uploads\/2025\/08\/MCSB-Logo.webp","contentUrl":"https:\/\/michigancelebrates.org\/wp-content\/uploads\/2025\/08\/MCSB-Logo.webp","width":1200,"height":283,"caption":"Michigan Celebrates Small Business"},"image":{"@id":"https:\/\/michigancelebrates.org\/#\/schema\/logo\/image\/"},"sameAs":["https:\/\/www.facebook.com\/theMCSB","https:\/\/x.com\/theMCSB","https:\/\/www.linkedin.com\/company\/mcsb\/","https:\/\/www.youtube.com\/channel\/UC03OWtnmxyjq_pKdOt8vDHg\/"]}]}},"_links":{"self":[{"href":"https:\/\/michigancelebrates.org\/es\/wp-json\/wp\/v2\/pages\/1682","targetHints":{"allow":["GET"]}}],"collection":[{"href":"https:\/\/michigancelebrates.org\/es\/wp-json\/wp\/v2\/pages"}],"about":[{"href":"https:\/\/michigancelebrates.org\/es\/wp-json\/wp\/v2\/types\/page"}],"author":[{"embeddable":true,"href":"https:\/\/michigancelebrates.org\/es\/wp-json\/wp\/v2\/users\/2"}],"replies":[{"embeddable":true,"href":"https:\/\/michigancelebrates.org\/es\/wp-json\/wp\/v2\/comments?post=1682"}],"version-history":[{"count":25,"href":"https:\/\/michigancelebrates.org\/es\/wp-json\/wp\/v2\/pages\/1682\/revisions"}],"predecessor-version":[{"id":2027,"href":"https:\/\/michigancelebrates.org\/es\/wp-json\/wp\/v2\/pages\/1682\/revisions\/2027"}],"up":[{"embeddable":true,"href":"https:\/\/michigancelebrates.org\/es\/wp-json\/wp\/v2\/pages\/593"}],"wp:attachment":[{"href":"https:\/\/michigancelebrates.org\/es\/wp-json\/wp\/v2\/media?parent=1682"}],"curies":[{"name":"wp","href":"https:\/\/api.w.org\/{rel}","templated":true}]}}