{"id":1610,"date":"2026-02-11T16:04:29","date_gmt":"2026-02-11T16:04:29","guid":{"rendered":"https:\/\/michigancelebrates.org\/?page_id=1610"},"modified":"2026-04-16T12:45:12","modified_gmt":"2026-04-16T12:45:12","slug":"mcsb-summit","status":"publish","type":"page","link":"https:\/\/michigancelebrates.org\/es\/2026-events\/mcsb-summit\/","title":{"rendered":"Cumbre MCSB"},"content":{"rendered":"\t\t<div data-elementor-type=\"wp-page\" data-elementor-id=\"1610\" class=\"elementor elementor-1610\" data-elementor-post-type=\"page\">\n\t\t\t\t<div class=\"elementor-element elementor-element-59005db9 e-flex e-con-boxed e-con e-parent\" data-id=\"59005db9\" data-element_type=\"container\" data-e-type=\"container\" data-settings=\"{&quot;background_background&quot;:&quot;classic&quot;,&quot;background_motion_fx_motion_fx_scrolling&quot;:&quot;yes&quot;,&quot;background_motion_fx_translateY_effect&quot;:&quot;yes&quot;,&quot;background_motion_fx_translateY_speed&quot;:{&quot;unit&quot;:&quot;px&quot;,&quot;size&quot;:6.5,&quot;sizes&quot;:[]},&quot;background_motion_fx_translateY_affectedRange&quot;:{&quot;unit&quot;:&quot;%&quot;,&quot;size&quot;:&quot;&quot;,&quot;sizes&quot;:{&quot;start&quot;:0,&quot;end&quot;:100}},&quot;background_motion_fx_devices&quot;:[&quot;desktop&quot;,&quot;tablet&quot;,&quot;mobile&quot;]}\">\n\t\t\t\t\t<div class=\"e-con-inner\">\n\t\t\t\t<div class=\"elementor-element elementor-element-fd1d582 elementor-invisible elementor-widget elementor-widget-heading\" data-id=\"fd1d582\" data-element_type=\"widget\" data-e-type=\"widget\" data-settings=\"{&quot;_animation&quot;:&quot;fadeIn&quot;}\" data-widget_type=\"heading.default\">\n\t\t\t\t\t<h1 class=\"elementor-heading-title elementor-size-default\">MCSB Summit<\/h1>\t\t\t\t<\/div>\n\t\t\t\t<div class=\"elementor-element elementor-element-79eb26ea elementor-invisible elementor-widget elementor-widget-text-editor\" data-id=\"79eb26ea\" data-element_type=\"widget\" data-e-type=\"widget\" data-settings=\"{&quot;_animation&quot;:&quot;fadeIn&quot;,&quot;_animation_delay&quot;:400}\" data-widget_type=\"text-editor.default\">\n\t\t\t\t\t\t\t\t\t<p>Learn, connect, and level up.<\/p><div>The MCSB Summit delivers powerful education, meaningful networking, and real connections\u2014designed to help Michigan small businesses grow stronger together.<\/div>\t\t\t\t\t\t\t\t<\/div>\n\t\t\t\t<div class=\"elementor-element elementor-element-50420d4 elementor-align-center elementor-widget elementor-widget-button\" data-id=\"50420d4\" data-element_type=\"widget\" data-e-type=\"widget\" data-widget_type=\"button.default\">\n\t\t\t\t\t\t\t\t\t\t<a class=\"elementor-button elementor-button-link elementor-size-sm\" href=\"https:\/\/app.resultsathand.com\/mcsb26#home\" target=\"_blank\">\n\t\t\t\t\t\t<span class=\"elementor-button-content-wrapper\">\n\t\t\t\t\t\t\t\t\t<span class=\"elementor-button-text\">Get the Event App<\/span>\n\t\t\t\t\t<\/span>\n\t\t\t\t\t<\/a>\n\t\t\t\t\t\t\t\t<\/div>\n\t\t\t\t\t<\/div>\n\t\t\t\t<\/div>\n\t\t<div class=\"elementor-element elementor-element-5c901b8 e-flex e-con-boxed e-con e-parent\" data-id=\"5c901b8\" data-element_type=\"container\" data-e-type=\"container\">\n\t\t\t\t\t<div class=\"e-con-inner\">\n\t\t\t\t<div class=\"elementor-element elementor-element-4e5202a elementor-widget elementor-widget-text-editor\" data-id=\"4e5202a\" data-element_type=\"widget\" data-e-type=\"widget\" data-widget_type=\"text-editor.default\">\n\t\t\t\t\t\t\t\t\t<h2>MCSB Summit | April 21, 2026<\/h2><p style=\"font-weight: 400;\">If you\u2019re building, growing, or supporting a Michigan small business, <strong>this Summit is for you<\/strong>.<\/p><ul><li style=\"font-weight: 400;\"><strong>Small business owners &amp; founders<\/strong> at any stage\u2014from startup to second\u2011stage growth<\/li><li><strong>Entrepreneurs and innovators<\/strong> ready to learn, connect, or compete in the Pitch Competition<\/li><li><strong>Business leaders and teams<\/strong> focused on leadership, operations, talent, and growth<\/li><li><strong>Second\u2011stage companies<\/strong> looking for strategy, peer connection, and momentum<\/li><li><strong>Ecosystem partners &amp; supporters<\/strong> committed to Michigan\u2019s small business success<\/li><\/ul><div>\u00a0<\/div><h2>Here&#8217;s what to expect:<\/h2>\t\t\t\t\t\t\t\t<\/div>\n\t\t<div class=\"elementor-element elementor-element-afadfb8 e-con-full e-flex e-con e-child\" data-id=\"afadfb8\" data-element_type=\"container\" data-e-type=\"container\">\n\t\t<div class=\"elementor-element elementor-element-e0caff9 e-con-full e-flex e-con e-child\" data-id=\"e0caff9\" data-element_type=\"container\" data-e-type=\"container\">\n\t\t\t\t<div class=\"elementor-element elementor-element-622a579 elementor-widget elementor-widget-heading\" data-id=\"622a579\" data-element_type=\"widget\" data-e-type=\"widget\" data-widget_type=\"heading.default\">\n\t\t\t\t\t<h2 class=\"elementor-heading-title elementor-size-default\">Education &amp; Connection<\/h2>\t\t\t\t<\/div>\n\t\t\t\t<div class=\"elementor-element elementor-element-3c76260 elementor-widget elementor-widget-text-editor\" data-id=\"3c76260\" data-element_type=\"widget\" data-e-type=\"widget\" data-widget_type=\"text-editor.default\">\n\t\t\t\t\t\t\t\t\t<div><div>Attendees can explore a variety of educational breakout sessions that promise to offer actionable insights, real\u2011world perspective, and strategic guidance.\u00a0<\/div><\/div>\t\t\t\t\t\t\t\t<\/div>\n\t\t\t\t<div class=\"elementor-element elementor-element-93b78e4 elementor-widget elementor-widget-text-editor\" data-id=\"93b78e4\" data-element_type=\"widget\" data-e-type=\"widget\" data-widget_type=\"text-editor.default\">\n\t\t\t\t\t\t\t\t\t<p>Justin Ayers \u2013 <em>AI on a Budget: Practical Automation Strategies<br \/><\/em>Jason Dodge \u2013 <em>Discovered, Not Clicked \u2013 AI Search Visibility<br \/><\/em>Lisa Cooper \u2013 <em>Building Your First HR Function<br \/><\/em>Kim Bode \u2013 <em>The Hard Costs of Soft Skills<br \/><\/em>Dr. Brenda Oldham \u2013 <em>Profit Power Moves<br \/><\/em>Jeffrey J Smith \u2013 <em>Creative Pathways to Engage Research Universities<br \/><\/em>Matthew Russell \u2013 <em>Digital Transformation or Digital Chaos?<br \/><\/em>Camron Gnass \u2013 <em>Brand Clarity Lab<br \/><\/em><span data-olk-copy-source=\"MessageBody\">Matt Jemilo and Marcy McMahon<\/span> \u2013 <em>Talent &amp; Culture Transformation<br \/><\/em>Elena Stegemann \u2013 <em>Fueling What\u2019s Next: Turning Strong Culture Into Scalable Performance<br \/><\/em>Jessica Starks \u2013 <em>How to Build a Sellable Business<br \/><\/em>Cynthia Kay \u2013 <em>Should You Stay or Should You Go?<br \/><\/em>Rich Miller \u2013 <em>Building Your Security Stack<br \/><\/em>Joshua Watson \u2013 <em>From Chaos to Clarity: CRM for Growth<br \/><\/em>Todd Gustafson \u2013 <em>Navigating Leadership in Change<br \/><\/em>Patti Eisenbraun \u2013 <em>Rise and Thrive: Building a Mindset that Works for You<br \/><\/em>Sheri Welsh \u2013 <em>Finders, Keepers: Retaining Talent<br \/><\/em>Nikki Thompson Frazier \u2013 <em>SYSTEMS: Roadmap to Sustainable Growth<\/em><\/p>\t\t\t\t\t\t\t\t<\/div>\n\t\t\t\t<div class=\"elementor-element elementor-element-a06636b elementor-widget elementor-widget-button\" data-id=\"a06636b\" data-element_type=\"widget\" data-e-type=\"widget\" data-widget_type=\"button.default\">\n\t\t\t\t\t\t\t\t\t\t<a class=\"elementor-button elementor-button-link elementor-size-sm\" href=\"https:\/\/michigancelebrates.org\/breakout-sessions-that-meet-the-moment-inside-the-speaker-lineup-at-the-michigan-celebrates-small-business-summit-2026\/\" target=\"_blank\">\n\t\t\t\t\t\t<span class=\"elementor-button-content-wrapper\">\n\t\t\t\t\t\t\t\t\t<span class=\"elementor-button-text\">Session Details<\/span>\n\t\t\t\t\t<\/span>\n\t\t\t\t\t<\/a>\n\t\t\t\t\t\t\t\t<\/div>\n\t\t\t\t<\/div>\n\t\t<div class=\"elementor-element elementor-element-3c92ae5 e-con-full e-flex e-con e-child\" data-id=\"3c92ae5\" data-element_type=\"container\" data-e-type=\"container\">\n\t\t\t\t<div class=\"elementor-element elementor-element-0152df9 elementor-widget elementor-widget-heading\" data-id=\"0152df9\" data-element_type=\"widget\" data-e-type=\"widget\" data-widget_type=\"heading.default\">\n\t\t\t\t\t<h2 class=\"elementor-heading-title elementor-size-default\">Lunch &amp; Panel Discussion<\/h2>\t\t\t\t<\/div>\n\t\t\t\t<div class=\"elementor-element elementor-element-d9f25e5 elementor-widget elementor-widget-image\" data-id=\"d9f25e5\" data-element_type=\"widget\" data-e-type=\"widget\" data-widget_type=\"image.default\">\n\t\t\t\t\t\t\t\t\t\t\t\t\t\t\t<img fetchpriority=\"high\" decoding=\"async\" width=\"700\" height=\"400\" src=\"https:\/\/michigancelebrates.org\/wp-content\/uploads\/2026\/04\/2026-MCSB-Email-Headers-1.png\" class=\"attachment-large size-large wp-image-1981\" alt=\"\" srcset=\"https:\/\/michigancelebrates.org\/wp-content\/uploads\/2026\/04\/2026-MCSB-Email-Headers-1.png 700w, https:\/\/michigancelebrates.org\/wp-content\/uploads\/2026\/04\/2026-MCSB-Email-Headers-1-300x171.png 300w, https:\/\/michigancelebrates.org\/wp-content\/uploads\/2026\/04\/2026-MCSB-Email-Headers-1-18x10.png 18w\" sizes=\"(max-width: 700px) 100vw, 700px\" \/>\t\t\t\t\t\t\t\t\t\t\t\t\t\t\t<\/div>\n\t\t\t\t<div class=\"elementor-element elementor-element-80cefaa elementor-widget elementor-widget-text-editor\" data-id=\"80cefaa\" data-element_type=\"widget\" data-e-type=\"widget\" data-widget_type=\"text-editor.default\">\n\t\t\t\t\t\t\t\t\t<p>All attendees are invited to join us for lunch and networking to kick off the Summit!\u00a0<\/p>\t\t\t\t\t\t\t\t<\/div>\n\t\t\t\t<div class=\"elementor-element elementor-element-648ee52 elementor-widget elementor-widget-heading\" data-id=\"648ee52\" data-element_type=\"widget\" data-e-type=\"widget\" data-widget_type=\"heading.default\">\n\t\t\t\t\t<h2 class=\"elementor-heading-title elementor-size-default\">pitch competition<\/h2>\t\t\t\t<\/div>\n\t\t\t\t<div class=\"elementor-element elementor-element-e09ec7c elementor-widget elementor-widget-text-editor\" data-id=\"e09ec7c\" data-element_type=\"widget\" data-e-type=\"widget\" data-widget_type=\"text-editor.default\">\n\t\t\t\t\t\t\t\t\t<p><style>\na {<br \/>    text-decoration: none;<br \/>    color: #464feb;<br \/>}<br \/>tr th, tr td {<br \/>    border: 1px solid #e6e6e6;<br \/>}<br \/>tr th {<br \/>    background-color: #f5f5f5;<br \/>}<br \/><\/style><\/p><div><p>New for 2026, <strong>Michigan\u2019s Next Big Idea Pitch Competition<\/strong> puts innovation front and center at the Summit. This live pitch experience gives high\u2011potential Michigan businesses the opportunity to take the stage, share their vision, and compete for <strong>$10,000 and statewide visibility<\/strong>. Finalists will pitch in front of a live audience and expert judges, making this a high\u2011energy moment that celebrates bold ideas, entrepreneurial courage, and what\u2019s next for Michigan small business.\u00a0<\/p><p><strong>Attendees will experience the excitement of the live pitch competition AND have a say in part of the judging process. You won&#8217;t want to miss this exciting addition to the MCSB Summit!<\/strong><\/p><\/div>\t\t\t\t\t\t\t\t<\/div>\n\t\t\t\t<div class=\"elementor-element elementor-element-4b15e62 elementor-widget elementor-widget-button\" data-id=\"4b15e62\" data-element_type=\"widget\" data-e-type=\"widget\" data-widget_type=\"button.default\">\n\t\t\t\t\t\t\t\t\t\t<a class=\"elementor-button elementor-button-link elementor-size-sm\" href=\"https:\/\/michigancelebrates.org\/2026-pitch-competition\/\" target=\"_blank\">\n\t\t\t\t\t\t<span class=\"elementor-button-content-wrapper\">\n\t\t\t\t\t\t\t\t\t<span class=\"elementor-button-text\">Meet the Finalists<\/span>\n\t\t\t\t\t<\/span>\n\t\t\t\t\t<\/a>\n\t\t\t\t\t\t\t\t<\/div>\n\t\t\t\t<\/div>\n\t\t\t\t<\/div>\n\t\t\t\t\t<\/div>\n\t\t\t\t<\/div>\n\t\t<div class=\"elementor-element elementor-element-d25ac51 e-flex e-con-boxed e-con e-parent\" data-id=\"d25ac51\" data-element_type=\"container\" data-e-type=\"container\" data-settings=\"{&quot;background_background&quot;:&quot;classic&quot;}\">\n\t\t\t\t\t<div class=\"e-con-inner\">\n\t\t\t\t<div class=\"elementor-element elementor-element-83b8203 elementor-widget elementor-widget-heading\" data-id=\"83b8203\" data-element_type=\"widget\" data-e-type=\"widget\" data-widget_type=\"heading.default\">\n\t\t\t\t\t<h3 class=\"elementor-heading-title elementor-size-default\">full schedule of events<\/h3>\t\t\t\t<\/div>\n\t\t\t\t<div class=\"elementor-element elementor-element-fb59ca4 elementor-widget elementor-widget-text-editor\" data-id=\"fb59ca4\" data-element_type=\"widget\" data-e-type=\"widget\" data-widget_type=\"text-editor.default\">\n\t\t\t\t\t\t\t\t\t<p>11am: Registration Opens<\/p><p>11:30am &#8211; Noon: Lunch Buffet &amp; Networking<\/p><p>Noon &#8211; 1pm: Keynote Presentation<\/p><p>1:15pm &#8211; 2pm Breakout Sessions<\/p><p>2:15pm &#8211; 3:15pm: Michigan&#8217;s Next Big Idea Pitch Competition<\/p><p>2:15pm &#8211; 2:45pm: 50 Companies to Watch Edward Lowe Foundation Session (optional for 50 Companies to Watch awardees only)<\/p><p>3:30pm &#8211; 4:15pm: Breakout Sessions<\/p><p>4:25pm &#8211; 4:50pm: SBAM Foundation Presents the Entrepreneurial Score Card with Remarks by Brian Calley<\/p><p>5pm &#8211; 5:45pm: Breakout Sessions<\/p><p>5:45pm &#8211; 7:15pm: VIP Reception <em>(separate ticket required)<\/em><\/p><p><em>*Subject to change. All times in Eastern<\/em><\/p><p>Ticket prices are $159 each, or bundle with the VIP Reception for $189. Online registration is closed but if you call us at (517) 482-8788 or email\u00a0<a href=\"mailto:info@michigancelebrates.org\">info@michigancelebrates.org<\/a> we can help you obtain tickets!<\/p>\t\t\t\t\t\t\t\t<\/div>\n\t\t\t\t<div class=\"elementor-element elementor-element-c0a7edf elementor-align-left elementor-widget elementor-widget-button\" data-id=\"c0a7edf\" data-element_type=\"widget\" data-e-type=\"widget\" data-widget_type=\"button.default\">\n\t\t\t\t\t\t\t\t\t\t<a class=\"elementor-button elementor-button-link elementor-size-sm\" href=\"https:\/\/app.resultsathand.com\/mcsb26#home\" target=\"_blank\">\n\t\t\t\t\t\t<span class=\"elementor-button-content-wrapper\">\n\t\t\t\t\t\t\t\t\t<span class=\"elementor-button-text\">Get the Event App<\/span>\n\t\t\t\t\t<\/span>\n\t\t\t\t\t<\/a>\n\t\t\t\t\t\t\t\t<\/div>\n\t\t\t\t\t<\/div>\n\t\t\t\t<\/div>\n\t\t<div class=\"elementor-element elementor-element-84dcf24 e-flex e-con-boxed e-con e-parent\" data-id=\"84dcf24\" data-element_type=\"container\" data-e-type=\"container\">\n\t\t\t\t\t<div class=\"e-con-inner\">\n\t\t\t\t\t<\/div>\n\t\t\t\t<\/div>\n\t\t<div class=\"elementor-element elementor-element-c53abe3 e-flex e-con-boxed e-con e-parent\" data-id=\"c53abe3\" data-element_type=\"container\" data-e-type=\"container\">\n\t\t\t\t\t<div class=\"e-con-inner\">\n\t\t\t\t\t<\/div>\n\t\t\t\t<\/div>\n\t\t\t\t<\/div>\n\t\t","protected":false},"excerpt":{"rendered":"<p>MCSB Summit Learn, connect, and level up. The MCSB Summit delivers powerful education, meaningful networking, and real connections\u2014designed to help Michigan small businesses grow stronger together. Get the Event App MCSB Summit | April 21, 2026 If you\u2019re building, growing, or supporting a Michigan small business, this Summit is for you. Small business owners &amp; [&hellip;]<\/p>\n","protected":false},"author":2,"featured_media":0,"parent":593,"menu_order":0,"comment_status":"closed","ping_status":"closed","template":"","meta":{"footnotes":""},"class_list":["post-1610","page","type-page","status-publish","hentry"],"yoast_head":"<!-- This site is optimized with the Yoast SEO plugin v27.3 - https:\/\/yoast.com\/product\/yoast-seo-wordpress\/ -->\n<title>MCSB Summit | Michigan Celebrates Small Business<\/title>\n<meta name=\"description\" content=\"Gain exposure at Michigan\u2019s premier small business event. Connect with leaders, investors, and entrepreneurs while competing to win $10,000.\" \/>\n<meta name=\"robots\" content=\"index, follow, max-snippet:-1, max-image-preview:large, max-video-preview:-1\" \/>\n<link rel=\"canonical\" href=\"https:\/\/michigancelebrates.org\/es\/2026-events\/mcsb-summit\/\" \/>\n<meta property=\"og:locale\" content=\"es_MX\" \/>\n<meta property=\"og:type\" content=\"article\" \/>\n<meta property=\"og:title\" content=\"MCSB Summit | Michigan Celebrates Small Business\" \/>\n<meta property=\"og:description\" content=\"Gain exposure at Michigan\u2019s premier small business event. Connect with leaders, investors, and entrepreneurs while competing to win $10,000.\" \/>\n<meta property=\"og:url\" content=\"https:\/\/michigancelebrates.org\/es\/2026-events\/mcsb-summit\/\" \/>\n<meta property=\"og:site_name\" content=\"Michigan Celebrates Small Business\" \/>\n<meta property=\"article:publisher\" content=\"https:\/\/www.facebook.com\/theMCSB\" \/>\n<meta property=\"article:modified_time\" content=\"2026-04-16T12:45:12+00:00\" \/>\n<meta property=\"og:image\" content=\"https:\/\/michigancelebrates.org\/wp-content\/uploads\/2026\/04\/2026-MCSB-Email-Headers-1.png\" \/>\n\t<meta property=\"og:image:width\" content=\"700\" \/>\n\t<meta property=\"og:image:height\" content=\"400\" \/>\n\t<meta property=\"og:image:type\" content=\"image\/png\" \/>\n<meta name=\"twitter:card\" content=\"summary_large_image\" \/>\n<meta name=\"twitter:site\" content=\"@theMCSB\" \/>\n<meta name=\"twitter:label1\" content=\"Tiempo de lectura\" \/>\n\t<meta name=\"twitter:data1\" content=\"3 minutos\" \/>\n<script type=\"application\/ld+json\" class=\"yoast-schema-graph\">{\"@context\":\"https:\\\/\\\/schema.org\",\"@graph\":[{\"@type\":\"WebPage\",\"@id\":\"https:\\\/\\\/michigancelebrates.org\\\/2026-events\\\/mcsb-summit\\\/\",\"url\":\"https:\\\/\\\/michigancelebrates.org\\\/2026-events\\\/mcsb-summit\\\/\",\"name\":\"MCSB Summit | Michigan Celebrates Small Business\",\"isPartOf\":{\"@id\":\"https:\\\/\\\/michigancelebrates.org\\\/#website\"},\"primaryImageOfPage\":{\"@id\":\"https:\\\/\\\/michigancelebrates.org\\\/2026-events\\\/mcsb-summit\\\/#primaryimage\"},\"image\":{\"@id\":\"https:\\\/\\\/michigancelebrates.org\\\/2026-events\\\/mcsb-summit\\\/#primaryimage\"},\"thumbnailUrl\":\"https:\\\/\\\/michigancelebrates.org\\\/wp-content\\\/uploads\\\/2026\\\/04\\\/2026-MCSB-Email-Headers-1.png\",\"datePublished\":\"2026-02-11T16:04:29+00:00\",\"dateModified\":\"2026-04-16T12:45:12+00:00\",\"description\":\"Gain exposure at Michigan\u2019s premier small business event. Connect with leaders, investors, and entrepreneurs while competing to win $10,000.\",\"breadcrumb\":{\"@id\":\"https:\\\/\\\/michigancelebrates.org\\\/2026-events\\\/mcsb-summit\\\/#breadcrumb\"},\"inLanguage\":\"es\",\"potentialAction\":[{\"@type\":\"ReadAction\",\"target\":[\"https:\\\/\\\/michigancelebrates.org\\\/2026-events\\\/mcsb-summit\\\/\"]}]},{\"@type\":\"ImageObject\",\"inLanguage\":\"es\",\"@id\":\"https:\\\/\\\/michigancelebrates.org\\\/2026-events\\\/mcsb-summit\\\/#primaryimage\",\"url\":\"https:\\\/\\\/michigancelebrates.org\\\/wp-content\\\/uploads\\\/2026\\\/04\\\/2026-MCSB-Email-Headers-1.png\",\"contentUrl\":\"https:\\\/\\\/michigancelebrates.org\\\/wp-content\\\/uploads\\\/2026\\\/04\\\/2026-MCSB-Email-Headers-1.png\"},{\"@type\":\"BreadcrumbList\",\"@id\":\"https:\\\/\\\/michigancelebrates.org\\\/2026-events\\\/mcsb-summit\\\/#breadcrumb\",\"itemListElement\":[{\"@type\":\"ListItem\",\"position\":1,\"name\":\"Home\",\"item\":\"https:\\\/\\\/michigancelebrates.org\\\/\"},{\"@type\":\"ListItem\",\"position\":2,\"name\":\"2026 Events\",\"item\":\"https:\\\/\\\/michigancelebrates.org\\\/2026-events\\\/\"},{\"@type\":\"ListItem\",\"position\":3,\"name\":\"MCSB Summit\"}]},{\"@type\":\"WebSite\",\"@id\":\"https:\\\/\\\/michigancelebrates.org\\\/#website\",\"url\":\"https:\\\/\\\/michigancelebrates.org\\\/\",\"name\":\"Michigan Celebrates Small Business\",\"description\":\"\",\"publisher\":{\"@id\":\"https:\\\/\\\/michigancelebrates.org\\\/#organization\"},\"potentialAction\":[{\"@type\":\"SearchAction\",\"target\":{\"@type\":\"EntryPoint\",\"urlTemplate\":\"https:\\\/\\\/michigancelebrates.org\\\/?s={search_term_string}\"},\"query-input\":{\"@type\":\"PropertyValueSpecification\",\"valueRequired\":true,\"valueName\":\"search_term_string\"}}],\"inLanguage\":\"es\"},{\"@type\":\"Organization\",\"@id\":\"https:\\\/\\\/michigancelebrates.org\\\/#organization\",\"name\":\"Michigan Celebrates Small Business\",\"url\":\"https:\\\/\\\/michigancelebrates.org\\\/\",\"logo\":{\"@type\":\"ImageObject\",\"inLanguage\":\"es\",\"@id\":\"https:\\\/\\\/michigancelebrates.org\\\/#\\\/schema\\\/logo\\\/image\\\/\",\"url\":\"https:\\\/\\\/michigancelebrates.org\\\/wp-content\\\/uploads\\\/2025\\\/08\\\/MCSB-Logo.webp\",\"contentUrl\":\"https:\\\/\\\/michigancelebrates.org\\\/wp-content\\\/uploads\\\/2025\\\/08\\\/MCSB-Logo.webp\",\"width\":1200,\"height\":283,\"caption\":\"Michigan Celebrates Small Business\"},\"image\":{\"@id\":\"https:\\\/\\\/michigancelebrates.org\\\/#\\\/schema\\\/logo\\\/image\\\/\"},\"sameAs\":[\"https:\\\/\\\/www.facebook.com\\\/theMCSB\",\"https:\\\/\\\/x.com\\\/theMCSB\",\"https:\\\/\\\/www.linkedin.com\\\/company\\\/mcsb\\\/\",\"https:\\\/\\\/www.youtube.com\\\/channel\\\/UC03OWtnmxyjq_pKdOt8vDHg\\\/\"]}]}<\/script>\n<!-- \/ Yoast SEO plugin. -->","yoast_head_json":{"title":"MCSB Summit | Michigan Celebrates Small Business","description":"Consigue visibilidad en el evento m\u00e1s importante para peque\u00f1as empresas de Michigan. Conecta con l\u00edderes, inversionistas y emprendedores mientras compites por ganar $10,000.","robots":{"index":"index","follow":"follow","max-snippet":"max-snippet:-1","max-image-preview":"max-image-preview:large","max-video-preview":"max-video-preview:-1"},"canonical":"https:\/\/michigancelebrates.org\/es\/2026-events\/mcsb-summit\/","og_locale":"es_MX","og_type":"article","og_title":"MCSB Summit | Michigan Celebrates Small Business","og_description":"Gain exposure at Michigan\u2019s premier small business event. Connect with leaders, investors, and entrepreneurs while competing to win $10,000.","og_url":"https:\/\/michigancelebrates.org\/es\/2026-events\/mcsb-summit\/","og_site_name":"Michigan Celebrates Small Business","article_publisher":"https:\/\/www.facebook.com\/theMCSB","article_modified_time":"2026-04-16T12:45:12+00:00","og_image":[{"width":700,"height":400,"url":"https:\/\/michigancelebrates.org\/wp-content\/uploads\/2026\/04\/2026-MCSB-Email-Headers-1.png","type":"image\/png"}],"twitter_card":"summary_large_image","twitter_site":"@theMCSB","twitter_misc":{"Tiempo de lectura":"3 minutos"},"schema":{"@context":"https:\/\/schema.org","@graph":[{"@type":"WebPage","@id":"https:\/\/michigancelebrates.org\/2026-events\/mcsb-summit\/","url":"https:\/\/michigancelebrates.org\/2026-events\/mcsb-summit\/","name":"MCSB Summit | Michigan Celebrates Small Business","isPartOf":{"@id":"https:\/\/michigancelebrates.org\/#website"},"primaryImageOfPage":{"@id":"https:\/\/michigancelebrates.org\/2026-events\/mcsb-summit\/#primaryimage"},"image":{"@id":"https:\/\/michigancelebrates.org\/2026-events\/mcsb-summit\/#primaryimage"},"thumbnailUrl":"https:\/\/michigancelebrates.org\/wp-content\/uploads\/2026\/04\/2026-MCSB-Email-Headers-1.png","datePublished":"2026-02-11T16:04:29+00:00","dateModified":"2026-04-16T12:45:12+00:00","description":"Consigue visibilidad en el evento m\u00e1s importante para peque\u00f1as empresas de Michigan. Conecta con l\u00edderes, inversionistas y emprendedores mientras compites por ganar $10,000.","breadcrumb":{"@id":"https:\/\/michigancelebrates.org\/2026-events\/mcsb-summit\/#breadcrumb"},"inLanguage":"es","potentialAction":[{"@type":"ReadAction","target":["https:\/\/michigancelebrates.org\/2026-events\/mcsb-summit\/"]}]},{"@type":"ImageObject","inLanguage":"es","@id":"https:\/\/michigancelebrates.org\/2026-events\/mcsb-summit\/#primaryimage","url":"https:\/\/michigancelebrates.org\/wp-content\/uploads\/2026\/04\/2026-MCSB-Email-Headers-1.png","contentUrl":"https:\/\/michigancelebrates.org\/wp-content\/uploads\/2026\/04\/2026-MCSB-Email-Headers-1.png"},{"@type":"BreadcrumbList","@id":"https:\/\/michigancelebrates.org\/2026-events\/mcsb-summit\/#breadcrumb","itemListElement":[{"@type":"ListItem","position":1,"name":"Home","item":"https:\/\/michigancelebrates.org\/"},{"@type":"ListItem","position":2,"name":"2026 Events","item":"https:\/\/michigancelebrates.org\/2026-events\/"},{"@type":"ListItem","position":3,"name":"MCSB Summit"}]},{"@type":"WebSite","@id":"https:\/\/michigancelebrates.org\/#website","url":"https:\/\/michigancelebrates.org\/","name":"Michigan celebra la peque\u00f1a empresa","description":"","publisher":{"@id":"https:\/\/michigancelebrates.org\/#organization"},"potentialAction":[{"@type":"SearchAction","target":{"@type":"EntryPoint","urlTemplate":"https:\/\/michigancelebrates.org\/?s={search_term_string}"},"query-input":{"@type":"PropertyValueSpecification","valueRequired":true,"valueName":"search_term_string"}}],"inLanguage":"es"},{"@type":"Organization","@id":"https:\/\/michigancelebrates.org\/#organization","name":"Michigan celebra la peque\u00f1a empresa","url":"https:\/\/michigancelebrates.org\/","logo":{"@type":"ImageObject","inLanguage":"es","@id":"https:\/\/michigancelebrates.org\/#\/schema\/logo\/image\/","url":"https:\/\/michigancelebrates.org\/wp-content\/uploads\/2025\/08\/MCSB-Logo.webp","contentUrl":"https:\/\/michigancelebrates.org\/wp-content\/uploads\/2025\/08\/MCSB-Logo.webp","width":1200,"height":283,"caption":"Michigan Celebrates Small Business"},"image":{"@id":"https:\/\/michigancelebrates.org\/#\/schema\/logo\/image\/"},"sameAs":["https:\/\/www.facebook.com\/theMCSB","https:\/\/x.com\/theMCSB","https:\/\/www.linkedin.com\/company\/mcsb\/","https:\/\/www.youtube.com\/channel\/UC03OWtnmxyjq_pKdOt8vDHg\/"]}]}},"_links":{"self":[{"href":"https:\/\/michigancelebrates.org\/es\/wp-json\/wp\/v2\/pages\/1610","targetHints":{"allow":["GET"]}}],"collection":[{"href":"https:\/\/michigancelebrates.org\/es\/wp-json\/wp\/v2\/pages"}],"about":[{"href":"https:\/\/michigancelebrates.org\/es\/wp-json\/wp\/v2\/types\/page"}],"author":[{"embeddable":true,"href":"https:\/\/michigancelebrates.org\/es\/wp-json\/wp\/v2\/users\/2"}],"replies":[{"embeddable":true,"href":"https:\/\/michigancelebrates.org\/es\/wp-json\/wp\/v2\/comments?post=1610"}],"version-history":[{"count":56,"href":"https:\/\/michigancelebrates.org\/es\/wp-json\/wp\/v2\/pages\/1610\/revisions"}],"predecessor-version":[{"id":2013,"href":"https:\/\/michigancelebrates.org\/es\/wp-json\/wp\/v2\/pages\/1610\/revisions\/2013"}],"up":[{"embeddable":true,"href":"https:\/\/michigancelebrates.org\/es\/wp-json\/wp\/v2\/pages\/593"}],"wp:attachment":[{"href":"https:\/\/michigancelebrates.org\/es\/wp-json\/wp\/v2\/media?parent=1610"}],"curies":[{"name":"wp","href":"https:\/\/api.w.org\/{rel}","templated":true}]}}