{"id":1511,"date":"2026-01-21T15:41:17","date_gmt":"2026-01-21T15:41:17","guid":{"rendered":"https:\/\/michigancelebrates.org\/?page_id=1511"},"modified":"2026-04-07T12:03:15","modified_gmt":"2026-04-07T12:03:15","slug":"2026-pitch-competition","status":"publish","type":"page","link":"https:\/\/michigancelebrates.org\/es\/2026-pitch-competition\/","title":{"rendered":"Concurso de presentaciones 2026"},"content":{"rendered":"\t\t<div data-elementor-type=\"wp-page\" data-elementor-id=\"1511\" class=\"elementor elementor-1511\" data-elementor-post-type=\"page\">\n\t\t\t\t<div class=\"elementor-element elementor-element-59005db9 e-flex e-con-boxed e-con e-parent\" data-id=\"59005db9\" data-element_type=\"container\" data-e-type=\"container\" data-settings=\"{&quot;background_background&quot;:&quot;classic&quot;,&quot;background_motion_fx_motion_fx_scrolling&quot;:&quot;yes&quot;,&quot;background_motion_fx_translateY_effect&quot;:&quot;yes&quot;,&quot;background_motion_fx_translateY_speed&quot;:{&quot;unit&quot;:&quot;px&quot;,&quot;size&quot;:6.5,&quot;sizes&quot;:[]},&quot;background_motion_fx_translateY_affectedRange&quot;:{&quot;unit&quot;:&quot;%&quot;,&quot;size&quot;:&quot;&quot;,&quot;sizes&quot;:{&quot;start&quot;:0,&quot;end&quot;:100}},&quot;background_motion_fx_devices&quot;:[&quot;desktop&quot;,&quot;tablet&quot;,&quot;mobile&quot;]}\">\n\t\t\t\t\t<div class=\"e-con-inner\">\n\t\t\t\t<div class=\"elementor-element elementor-element-fd1d582 elementor-invisible elementor-widget elementor-widget-heading\" data-id=\"fd1d582\" data-element_type=\"widget\" data-e-type=\"widget\" data-settings=\"{&quot;_animation&quot;:&quot;fadeIn&quot;}\" data-widget_type=\"heading.default\">\n\t\t\t\t\t<h1 class=\"elementor-heading-title elementor-size-default\">2026 Pitch Competition<\/h1>\t\t\t\t<\/div>\n\t\t\t\t<div class=\"elementor-element elementor-element-79eb26ea elementor-invisible elementor-widget elementor-widget-text-editor\" data-id=\"79eb26ea\" data-element_type=\"widget\" data-e-type=\"widget\" data-settings=\"{&quot;_animation&quot;:&quot;fadeIn&quot;,&quot;_animation_delay&quot;:400}\" data-widget_type=\"text-editor.default\">\n\t\t\t\t\t\t\t\t\t<p>Meet the five finalists chosen to showcase their ideas and compete for a $10,000 prize at the <strong>2026 MCSB Summit!<\/strong><\/p>\t\t\t\t\t\t\t\t<\/div>\n\t\t\t\t\t<\/div>\n\t\t\t\t<\/div>\n\t\t<div class=\"elementor-element elementor-element-5c901b8 e-flex e-con-boxed e-con e-parent\" data-id=\"5c901b8\" data-element_type=\"container\" data-e-type=\"container\">\n\t\t\t\t\t<div class=\"e-con-inner\">\n\t\t\t\t\t<\/div>\n\t\t\t\t<\/div>\n\t\t<div class=\"elementor-element elementor-element-84dcf24 e-flex e-con-boxed e-con e-parent\" data-id=\"84dcf24\" data-element_type=\"container\" data-e-type=\"container\">\n\t\t\t\t\t<div class=\"e-con-inner\">\n\t\t\t\t<div class=\"elementor-element elementor-element-ebeade2 elementor-widget elementor-widget-heading\" data-id=\"ebeade2\" data-element_type=\"widget\" data-e-type=\"widget\" data-widget_type=\"heading.default\">\n\t\t\t\t\t<h3 class=\"elementor-heading-title elementor-size-default\">Five Finalists will pitch live at the 2026 MCSB Summit! <br><\/h3>\t\t\t\t<\/div>\n\t\t\t\t<div class=\"elementor-element elementor-element-361ed5d elementor-widget elementor-widget-text-editor\" data-id=\"361ed5d\" data-element_type=\"widget\" data-e-type=\"widget\" data-widget_type=\"text-editor.default\">\n\t\t\t\t\t\t\t\t\t<div class=\"wp-block wp-block-paragraph\"><p><strong>Gauged Hemp Block Systems, Stevensville:<\/strong>\u00a0GHBS produces eco-friendly, structural hempcrete blocks that lock in carbon, slash energy use, and speed up construction. Its hempcrete block wall system replaces multiple conventional layers (framing, insulation, vapor barriers, and cladding) with a single, fire resistant, non-toxic assembly.<\/p><\/div><div class=\"wp-block wp-block-paragraph\"><p><strong>Retreat Detroit, Detroit:<\/strong>\u00a0Retreat Detroit is a tech-enabled neighborhood wellness hub that integrates plant-based food retail, advanced wellness services, and career pathways into one scalable urban ecosystem.<\/p><\/div><div class=\"wp-block wp-block-paragraph\"><p><strong>Vetr Health, Grand Rapids:\u00a0<\/strong>Vetr Health is building an AI-native operating system and integrated diagnostics platform that empowers mobile veterinarians to run profitable, autonomous practices with lower costs and less administrative burden.<\/p><\/div><div class=\"wp-block wp-block-paragraph\"><p><strong>Wimage Technology\/Wimee\u2019s World AI, Grand Rapids:<\/strong>\u00a0Wimee\u2019s World AI is an interactive, AI-powered literacy platform that helps young children build reading skills, creativity, and empathy through safe digital storytelling and conversational learning.<\/p><\/div><div class=\"wp-block wp-block-paragraph\"><p><strong>Zo\u2019s Mini Donuts, St. Joseph:\u00a0<\/strong>Zo\u2019s Mini Donuts is the go-to stop of Southwest Michigan\u2019s coastal towns -a budget-conscious third space for teens and families looking for a late-night, alcohol-free, post-sunset treat.<\/p><\/div><p>Thank You to Our Pitch Competition Sponsor<\/p>\t\t\t\t\t\t\t\t<\/div>\n\t\t\t\t<div class=\"elementor-element elementor-element-f4b6f5f elementor-widget elementor-widget-image\" data-id=\"f4b6f5f\" data-element_type=\"widget\" data-e-type=\"widget\" data-widget_type=\"image.default\">\n\t\t\t\t\t\t\t\t\t\t\t\t\t\t\t<img decoding=\"async\" width=\"300\" height=\"104\" src=\"https:\/\/michigancelebrates.org\/wp-content\/uploads\/2026\/03\/CB_logo_color_rgb-300x104.png\" class=\"attachment-medium size-medium wp-image-1941\" alt=\"\" srcset=\"https:\/\/michigancelebrates.org\/wp-content\/uploads\/2026\/03\/CB_logo_color_rgb-300x104.png 300w, https:\/\/michigancelebrates.org\/wp-content\/uploads\/2026\/03\/CB_logo_color_rgb-1024x355.png 1024w, https:\/\/michigancelebrates.org\/wp-content\/uploads\/2026\/03\/CB_logo_color_rgb-768x266.png 768w, https:\/\/michigancelebrates.org\/wp-content\/uploads\/2026\/03\/CB_logo_color_rgb-1536x532.png 1536w, https:\/\/michigancelebrates.org\/wp-content\/uploads\/2026\/03\/CB_logo_color_rgb-2048x709.png 2048w, https:\/\/michigancelebrates.org\/wp-content\/uploads\/2026\/03\/CB_logo_color_rgb-18x6.png 18w\" sizes=\"(max-width: 300px) 100vw, 300px\" \/>\t\t\t\t\t\t\t\t\t\t\t\t\t\t\t<\/div>\n\t\t\t\t\t<\/div>\n\t\t\t\t<\/div>\n\t\t<div class=\"elementor-element elementor-element-c53abe3 e-flex e-con-boxed e-con e-parent\" data-id=\"c53abe3\" data-element_type=\"container\" data-e-type=\"container\">\n\t\t\t\t\t<div class=\"e-con-inner\">\n\t\t\t\t\t<\/div>\n\t\t\t\t<\/div>\n\t\t\t\t<\/div>\n\t\t","protected":false},"excerpt":{"rendered":"<p>2026 Pitch Competition Meet the five finalists chosen to showcase their ideas and compete for a $10,000 prize at the 2026 MCSB Summit! Five Finalists will pitch live at the 2026 MCSB Summit! Gauged Hemp Block Systems, Stevensville:\u00a0GHBS produces eco-friendly, structural hempcrete blocks that lock in carbon, slash energy use, and speed up construction. Its [&hellip;]<\/p>\n","protected":false},"author":1,"featured_media":0,"parent":0,"menu_order":0,"comment_status":"closed","ping_status":"closed","template":"","meta":{"footnotes":""},"class_list":["post-1511","page","type-page","status-publish","hentry"],"yoast_head":"<!-- This site is optimized with the Yoast SEO plugin v27.3 - https:\/\/yoast.com\/product\/yoast-seo-wordpress\/ -->\n<title>2026 Pitch Competition | Michigan Celebrates Small Business<\/title>\n<meta name=\"description\" content=\"Gain exposure at Michigan\u2019s premier small business event. Connect with leaders, investors, and entrepreneurs while competing to win $10,000.\" \/>\n<meta name=\"robots\" content=\"index, follow, max-snippet:-1, max-image-preview:large, max-video-preview:-1\" \/>\n<link rel=\"canonical\" href=\"https:\/\/michigancelebrates.org\/es\/2026-pitch-competition\/\" \/>\n<meta property=\"og:locale\" content=\"es_MX\" \/>\n<meta property=\"og:type\" content=\"article\" \/>\n<meta property=\"og:title\" content=\"2026 Pitch Competition | Michigan Celebrates Small Business\" \/>\n<meta property=\"og:description\" content=\"Gain exposure at Michigan\u2019s premier small business event. Connect with leaders, investors, and entrepreneurs while competing to win $10,000.\" \/>\n<meta property=\"og:url\" content=\"https:\/\/michigancelebrates.org\/es\/2026-pitch-competition\/\" \/>\n<meta property=\"og:site_name\" content=\"Michigan Celebrates Small Business\" \/>\n<meta property=\"article:publisher\" content=\"https:\/\/www.facebook.com\/theMCSB\" \/>\n<meta property=\"article:modified_time\" content=\"2026-04-07T12:03:15+00:00\" \/>\n<meta property=\"og:image\" content=\"https:\/\/michigancelebrates.org\/wp-content\/uploads\/2026\/03\/CB_logo_color_rgb.png\" \/>\n\t<meta property=\"og:image:width\" content=\"2500\" \/>\n\t<meta property=\"og:image:height\" content=\"866\" \/>\n\t<meta property=\"og:image:type\" content=\"image\/png\" \/>\n<meta name=\"twitter:card\" content=\"summary_large_image\" \/>\n<meta name=\"twitter:site\" content=\"@theMCSB\" \/>\n<meta name=\"twitter:label1\" content=\"Tiempo de lectura\" \/>\n\t<meta name=\"twitter:data1\" content=\"1 minuto\" \/>\n<script type=\"application\/ld+json\" class=\"yoast-schema-graph\">{\"@context\":\"https:\\\/\\\/schema.org\",\"@graph\":[{\"@type\":\"WebPage\",\"@id\":\"https:\\\/\\\/michigancelebrates.org\\\/2026-pitch-competition\\\/\",\"url\":\"https:\\\/\\\/michigancelebrates.org\\\/2026-pitch-competition\\\/\",\"name\":\"2026 Pitch Competition | Michigan Celebrates Small Business\",\"isPartOf\":{\"@id\":\"https:\\\/\\\/michigancelebrates.org\\\/#website\"},\"primaryImageOfPage\":{\"@id\":\"https:\\\/\\\/michigancelebrates.org\\\/2026-pitch-competition\\\/#primaryimage\"},\"image\":{\"@id\":\"https:\\\/\\\/michigancelebrates.org\\\/2026-pitch-competition\\\/#primaryimage\"},\"thumbnailUrl\":\"https:\\\/\\\/michigancelebrates.org\\\/wp-content\\\/uploads\\\/2026\\\/03\\\/CB_logo_color_rgb-300x104.png\",\"datePublished\":\"2026-01-21T15:41:17+00:00\",\"dateModified\":\"2026-04-07T12:03:15+00:00\",\"description\":\"Gain exposure at Michigan\u2019s premier small business event. Connect with leaders, investors, and entrepreneurs while competing to win $10,000.\",\"breadcrumb\":{\"@id\":\"https:\\\/\\\/michigancelebrates.org\\\/2026-pitch-competition\\\/#breadcrumb\"},\"inLanguage\":\"es\",\"potentialAction\":[{\"@type\":\"ReadAction\",\"target\":[\"https:\\\/\\\/michigancelebrates.org\\\/2026-pitch-competition\\\/\"]}]},{\"@type\":\"ImageObject\",\"inLanguage\":\"es\",\"@id\":\"https:\\\/\\\/michigancelebrates.org\\\/2026-pitch-competition\\\/#primaryimage\",\"url\":\"https:\\\/\\\/michigancelebrates.org\\\/wp-content\\\/uploads\\\/2026\\\/03\\\/CB_logo_color_rgb-300x104.png\",\"contentUrl\":\"https:\\\/\\\/michigancelebrates.org\\\/wp-content\\\/uploads\\\/2026\\\/03\\\/CB_logo_color_rgb-300x104.png\"},{\"@type\":\"BreadcrumbList\",\"@id\":\"https:\\\/\\\/michigancelebrates.org\\\/2026-pitch-competition\\\/#breadcrumb\",\"itemListElement\":[{\"@type\":\"ListItem\",\"position\":1,\"name\":\"Home\",\"item\":\"https:\\\/\\\/michigancelebrates.org\\\/\"},{\"@type\":\"ListItem\",\"position\":2,\"name\":\"2026 Pitch Competition\"}]},{\"@type\":\"WebSite\",\"@id\":\"https:\\\/\\\/michigancelebrates.org\\\/#website\",\"url\":\"https:\\\/\\\/michigancelebrates.org\\\/\",\"name\":\"Michigan Celebrates Small Business\",\"description\":\"\",\"publisher\":{\"@id\":\"https:\\\/\\\/michigancelebrates.org\\\/#organization\"},\"potentialAction\":[{\"@type\":\"SearchAction\",\"target\":{\"@type\":\"EntryPoint\",\"urlTemplate\":\"https:\\\/\\\/michigancelebrates.org\\\/?s={search_term_string}\"},\"query-input\":{\"@type\":\"PropertyValueSpecification\",\"valueRequired\":true,\"valueName\":\"search_term_string\"}}],\"inLanguage\":\"es\"},{\"@type\":\"Organization\",\"@id\":\"https:\\\/\\\/michigancelebrates.org\\\/#organization\",\"name\":\"Michigan Celebrates Small Business\",\"url\":\"https:\\\/\\\/michigancelebrates.org\\\/\",\"logo\":{\"@type\":\"ImageObject\",\"inLanguage\":\"es\",\"@id\":\"https:\\\/\\\/michigancelebrates.org\\\/#\\\/schema\\\/logo\\\/image\\\/\",\"url\":\"https:\\\/\\\/michigancelebrates.org\\\/wp-content\\\/uploads\\\/2025\\\/08\\\/MCSB-Logo.webp\",\"contentUrl\":\"https:\\\/\\\/michigancelebrates.org\\\/wp-content\\\/uploads\\\/2025\\\/08\\\/MCSB-Logo.webp\",\"width\":1200,\"height\":283,\"caption\":\"Michigan Celebrates Small Business\"},\"image\":{\"@id\":\"https:\\\/\\\/michigancelebrates.org\\\/#\\\/schema\\\/logo\\\/image\\\/\"},\"sameAs\":[\"https:\\\/\\\/www.facebook.com\\\/theMCSB\",\"https:\\\/\\\/x.com\\\/theMCSB\",\"https:\\\/\\\/www.linkedin.com\\\/company\\\/mcsb\\\/\",\"https:\\\/\\\/www.youtube.com\\\/channel\\\/UC03OWtnmxyjq_pKdOt8vDHg\\\/\"]}]}<\/script>\n<!-- \/ Yoast SEO plugin. -->","yoast_head_json":{"title":"Concurso de presentaciones 2026 | Michigan celebra las peque\u00f1as empresas","description":"Consigue visibilidad en el evento m\u00e1s importante para peque\u00f1as empresas de Michigan. Conecta con l\u00edderes, inversionistas y emprendedores mientras compites por ganar $10,000.","robots":{"index":"index","follow":"follow","max-snippet":"max-snippet:-1","max-image-preview":"max-image-preview:large","max-video-preview":"max-video-preview:-1"},"canonical":"https:\/\/michigancelebrates.org\/es\/2026-pitch-competition\/","og_locale":"es_MX","og_type":"article","og_title":"2026 Pitch Competition | Michigan Celebrates Small Business","og_description":"Gain exposure at Michigan\u2019s premier small business event. Connect with leaders, investors, and entrepreneurs while competing to win $10,000.","og_url":"https:\/\/michigancelebrates.org\/es\/2026-pitch-competition\/","og_site_name":"Michigan Celebrates Small Business","article_publisher":"https:\/\/www.facebook.com\/theMCSB","article_modified_time":"2026-04-07T12:03:15+00:00","og_image":[{"width":2500,"height":866,"url":"https:\/\/michigancelebrates.org\/wp-content\/uploads\/2026\/03\/CB_logo_color_rgb.png","type":"image\/png"}],"twitter_card":"summary_large_image","twitter_site":"@theMCSB","twitter_misc":{"Tiempo de lectura":"1 minuto"},"schema":{"@context":"https:\/\/schema.org","@graph":[{"@type":"WebPage","@id":"https:\/\/michigancelebrates.org\/2026-pitch-competition\/","url":"https:\/\/michigancelebrates.org\/2026-pitch-competition\/","name":"Concurso de presentaciones 2026 | Michigan celebra las peque\u00f1as empresas","isPartOf":{"@id":"https:\/\/michigancelebrates.org\/#website"},"primaryImageOfPage":{"@id":"https:\/\/michigancelebrates.org\/2026-pitch-competition\/#primaryimage"},"image":{"@id":"https:\/\/michigancelebrates.org\/2026-pitch-competition\/#primaryimage"},"thumbnailUrl":"https:\/\/michigancelebrates.org\/wp-content\/uploads\/2026\/03\/CB_logo_color_rgb-300x104.png","datePublished":"2026-01-21T15:41:17+00:00","dateModified":"2026-04-07T12:03:15+00:00","description":"Consigue visibilidad en el evento m\u00e1s importante para peque\u00f1as empresas de Michigan. Conecta con l\u00edderes, inversionistas y emprendedores mientras compites por ganar $10,000.","breadcrumb":{"@id":"https:\/\/michigancelebrates.org\/2026-pitch-competition\/#breadcrumb"},"inLanguage":"es","potentialAction":[{"@type":"ReadAction","target":["https:\/\/michigancelebrates.org\/2026-pitch-competition\/"]}]},{"@type":"ImageObject","inLanguage":"es","@id":"https:\/\/michigancelebrates.org\/2026-pitch-competition\/#primaryimage","url":"https:\/\/michigancelebrates.org\/wp-content\/uploads\/2026\/03\/CB_logo_color_rgb-300x104.png","contentUrl":"https:\/\/michigancelebrates.org\/wp-content\/uploads\/2026\/03\/CB_logo_color_rgb-300x104.png"},{"@type":"BreadcrumbList","@id":"https:\/\/michigancelebrates.org\/2026-pitch-competition\/#breadcrumb","itemListElement":[{"@type":"ListItem","position":1,"name":"Home","item":"https:\/\/michigancelebrates.org\/"},{"@type":"ListItem","position":2,"name":"2026 Pitch Competition"}]},{"@type":"WebSite","@id":"https:\/\/michigancelebrates.org\/#website","url":"https:\/\/michigancelebrates.org\/","name":"Michigan celebra la peque\u00f1a empresa","description":"","publisher":{"@id":"https:\/\/michigancelebrates.org\/#organization"},"potentialAction":[{"@type":"SearchAction","target":{"@type":"EntryPoint","urlTemplate":"https:\/\/michigancelebrates.org\/?s={search_term_string}"},"query-input":{"@type":"PropertyValueSpecification","valueRequired":true,"valueName":"search_term_string"}}],"inLanguage":"es"},{"@type":"Organization","@id":"https:\/\/michigancelebrates.org\/#organization","name":"Michigan celebra la peque\u00f1a empresa","url":"https:\/\/michigancelebrates.org\/","logo":{"@type":"ImageObject","inLanguage":"es","@id":"https:\/\/michigancelebrates.org\/#\/schema\/logo\/image\/","url":"https:\/\/michigancelebrates.org\/wp-content\/uploads\/2025\/08\/MCSB-Logo.webp","contentUrl":"https:\/\/michigancelebrates.org\/wp-content\/uploads\/2025\/08\/MCSB-Logo.webp","width":1200,"height":283,"caption":"Michigan Celebrates Small Business"},"image":{"@id":"https:\/\/michigancelebrates.org\/#\/schema\/logo\/image\/"},"sameAs":["https:\/\/www.facebook.com\/theMCSB","https:\/\/x.com\/theMCSB","https:\/\/www.linkedin.com\/company\/mcsb\/","https:\/\/www.youtube.com\/channel\/UC03OWtnmxyjq_pKdOt8vDHg\/"]}]}},"_links":{"self":[{"href":"https:\/\/michigancelebrates.org\/es\/wp-json\/wp\/v2\/pages\/1511","targetHints":{"allow":["GET"]}}],"collection":[{"href":"https:\/\/michigancelebrates.org\/es\/wp-json\/wp\/v2\/pages"}],"about":[{"href":"https:\/\/michigancelebrates.org\/es\/wp-json\/wp\/v2\/types\/page"}],"author":[{"embeddable":true,"href":"https:\/\/michigancelebrates.org\/es\/wp-json\/wp\/v2\/users\/1"}],"replies":[{"embeddable":true,"href":"https:\/\/michigancelebrates.org\/es\/wp-json\/wp\/v2\/comments?post=1511"}],"version-history":[{"count":55,"href":"https:\/\/michigancelebrates.org\/es\/wp-json\/wp\/v2\/pages\/1511\/revisions"}],"predecessor-version":[{"id":1969,"href":"https:\/\/michigancelebrates.org\/es\/wp-json\/wp\/v2\/pages\/1511\/revisions\/1969"}],"wp:attachment":[{"href":"https:\/\/michigancelebrates.org\/es\/wp-json\/wp\/v2\/media?parent=1511"}],"curies":[{"name":"wp","href":"https:\/\/api.w.org\/{rel}","templated":true}]}}