{"id":12,"date":"2025-08-13T20:26:34","date_gmt":"2025-08-13T20:26:34","guid":{"rendered":"https:\/\/michigancelebrates.org\/mcsbv4\/?page_id=12"},"modified":"2026-04-16T12:36:19","modified_gmt":"2026-04-16T12:36:19","slug":"michigan-celebrates-small-business","status":"publish","type":"page","link":"https:\/\/michigancelebrates.org\/es\/","title":{"rendered":"Michigan celebra la peque\u00f1a empresa"},"content":{"rendered":"\t\t<div data-elementor-type=\"wp-page\" data-elementor-id=\"12\" class=\"elementor elementor-12\" data-elementor-post-type=\"page\">\n\t\t\t\t<div class=\"elementor-element elementor-element-cc6e96a elementor-hidden-desktop elementor-hidden-tablet elementor-hidden-mobile e-flex e-con-boxed e-con e-parent\" data-id=\"cc6e96a\" data-element_type=\"container\" data-e-type=\"container\" data-settings=\"{&quot;background_background&quot;:&quot;video&quot;,&quot;background_video_link&quot;:&quot;https:\\\/\\\/www.youtube.com\\\/watch?v=JChgTp99gjc&quot;,&quot;background_video_start&quot;:11,&quot;background_video_end&quot;:80,&quot;background_play_on_mobile&quot;:&quot;yes&quot;}\">\n\t\t\t\t\t<div class=\"e-con-inner\">\n\t\t<div class=\"elementor-background-video-container\">\n\t\t\t\t\t\t\t<div class=\"elementor-background-video-embed\" role=\"presentation\"><\/div>\n\t\t\t\t\t\t<\/div>\t\t<div class=\"elementor-element elementor-element-a82c896 elementor-invisible elementor-widget elementor-widget-heading\" data-id=\"a82c896\" data-element_type=\"widget\" data-e-type=\"widget\" data-settings=\"{&quot;_animation&quot;:&quot;fadeIn&quot;}\" data-widget_type=\"heading.default\">\n\t\t\t\t\t<h1 class=\"elementor-heading-title elementor-size-default\">Nominations for the 2026 MCSB Awards Open in Early September. Stay Tuned!<\/h1>\t\t\t\t<\/div>\n\t\t\t\t\t<\/div>\n\t\t\t\t<\/div>\n\t\t<div class=\"elementor-element elementor-element-20c354b e-flex e-con-boxed e-con e-parent\" data-id=\"20c354b\" data-element_type=\"container\" data-e-type=\"container\" data-settings=\"{&quot;background_background&quot;:&quot;video&quot;,&quot;background_video_link&quot;:&quot;https:\\\/\\\/www.youtube.com\\\/watch?v=JChgTp99gjc&quot;,&quot;background_video_start&quot;:11,&quot;background_video_end&quot;:80,&quot;background_play_on_mobile&quot;:&quot;yes&quot;}\">\n\t\t\t\t\t<div class=\"e-con-inner\">\n\t\t<div class=\"elementor-background-video-container\">\n\t\t\t\t\t\t\t<div class=\"elementor-background-video-embed\" role=\"presentation\"><\/div>\n\t\t\t\t\t\t<\/div>\t\t<div class=\"elementor-element elementor-element-bbad366 elementor-invisible elementor-widget elementor-widget-heading\" data-id=\"bbad366\" data-element_type=\"widget\" data-e-type=\"widget\" data-settings=\"{&quot;_animation&quot;:&quot;fadeIn&quot;}\" data-widget_type=\"heading.default\">\n\t\t\t\t\t<h1 class=\"elementor-heading-title elementor-size-default\">congratulations to our 2026 award winners<\/h1>\t\t\t\t<\/div>\n\t\t\t\t<div class=\"elementor-element elementor-element-2e3c58b elementor-widget elementor-widget-button\" data-id=\"2e3c58b\" data-element_type=\"widget\" data-e-type=\"widget\" data-widget_type=\"button.default\">\n\t\t\t\t\t\t\t\t\t\t<a class=\"elementor-button elementor-button-link elementor-size-sm\" href=\"https:\/\/michigancelebrates.org\/more-than-90-small-businesses-from-across-the-state-recognized-as-2026-michigan-celebrates-small-business-award-winners\/\" target=\"_blank\">\n\t\t\t\t\t\t<span class=\"elementor-button-content-wrapper\">\n\t\t\t\t\t\t\t\t\t<span class=\"elementor-button-text\">2026 Awardees<\/span>\n\t\t\t\t\t<\/span>\n\t\t\t\t\t<\/a>\n\t\t\t\t\t\t\t\t<\/div>\n\t\t\t\t<div class=\"elementor-element elementor-element-1aeb057 elementor-invisible elementor-widget elementor-widget-heading\" data-id=\"1aeb057\" data-element_type=\"widget\" data-e-type=\"widget\" data-settings=\"{&quot;_animation&quot;:&quot;fadeIn&quot;}\" data-widget_type=\"heading.default\">\n\t\t\t\t\t<h3 class=\"elementor-heading-title elementor-size-default\"><a href=\"https:\/\/michigancelebrates.org\/2026-mcsb-award-winners\/\">All the details you need for our april 21 &amp; 22 events<\/a><\/h3>\t\t\t\t<\/div>\n\t\t\t\t<div class=\"elementor-element elementor-element-25aa691 elementor-widget elementor-widget-button\" data-id=\"25aa691\" data-element_type=\"widget\" data-e-type=\"widget\" data-widget_type=\"button.default\">\n\t\t\t\t\t\t\t\t\t\t<a class=\"elementor-button elementor-button-link elementor-size-sm\" href=\"https:\/\/michigancelebrates.org\/2026-events\/\" target=\"_blank\">\n\t\t\t\t\t\t<span class=\"elementor-button-content-wrapper\">\n\t\t\t\t\t\t\t\t\t<span class=\"elementor-button-text\">Event Details<\/span>\n\t\t\t\t\t<\/span>\n\t\t\t\t\t<\/a>\n\t\t\t\t\t\t\t\t<\/div>\n\t\t\t\t\t<\/div>\n\t\t\t\t<\/div>\n\t\t<div class=\"elementor-element elementor-element-b1362da e-con-full e-flex e-con e-parent\" data-id=\"b1362da\" data-element_type=\"container\" data-e-type=\"container\" data-settings=\"{&quot;background_background&quot;:&quot;classic&quot;}\">\n\t\t<div class=\"elementor-element elementor-element-aa4c3da e-con-full e-flex e-con e-child\" data-id=\"aa4c3da\" data-element_type=\"container\" data-e-type=\"container\" data-settings=\"{&quot;background_background&quot;:&quot;classic&quot;,&quot;background_motion_fx_motion_fx_scrolling&quot;:&quot;yes&quot;,&quot;background_motion_fx_translateY_effect&quot;:&quot;yes&quot;,&quot;background_motion_fx_translateY_speed&quot;:{&quot;unit&quot;:&quot;px&quot;,&quot;size&quot;:6,&quot;sizes&quot;:[]},&quot;background_motion_fx_translateY_affectedRange&quot;:{&quot;unit&quot;:&quot;%&quot;,&quot;size&quot;:&quot;&quot;,&quot;sizes&quot;:{&quot;start&quot;:0,&quot;end&quot;:100}},&quot;background_motion_fx_devices&quot;:[&quot;desktop&quot;,&quot;tablet&quot;,&quot;mobile&quot;]}\">\n\t\t\t\t<div class=\"elementor-element elementor-element-3957ec5 elementor-widget elementor-widget-heading\" data-id=\"3957ec5\" data-element_type=\"widget\" data-e-type=\"widget\" data-widget_type=\"heading.default\">\n\t\t\t\t\t<h2 class=\"elementor-heading-title elementor-size-default\">Fostering Michigan\u2019s Entrepreneurial Spirit<\/h2>\t\t\t\t<\/div>\n\t\t\t\t<div class=\"elementor-element elementor-element-38a01c1 elementor-widget elementor-widget-text-editor\" data-id=\"38a01c1\" data-element_type=\"widget\" data-e-type=\"widget\" data-widget_type=\"text-editor.default\">\n\t\t\t\t\t\t\t\t\t<p>The mission of the program is to honor and recognize Michigan\u2019s small businesses and the champions and advocates who support them.<\/p>\t\t\t\t\t\t\t\t<\/div>\n\t\t\t\t<div class=\"elementor-element elementor-element-46b1a12 elementor-align-center elementor-widget elementor-widget-button\" data-id=\"46b1a12\" data-element_type=\"widget\" data-e-type=\"widget\" data-widget_type=\"button.default\">\n\t\t\t\t\t\t\t\t\t\t<a class=\"elementor-button elementor-button-link elementor-size-sm elementor-animation-push\" href=\"https:\/\/michigancelebrates.org\/es\/about-our-awards\/\">\n\t\t\t\t\t\t<span class=\"elementor-button-content-wrapper\">\n\t\t\t\t\t\t\t\t\t<span class=\"elementor-button-text\">About Our Awards<\/span>\n\t\t\t\t\t<\/span>\n\t\t\t\t\t<\/a>\n\t\t\t\t\t\t\t\t<\/div>\n\t\t\t\t<\/div>\n\t\t<div class=\"elementor-element elementor-element-8a43562 e-con-full e-flex e-con e-child\" data-id=\"8a43562\" data-element_type=\"container\" data-e-type=\"container\" data-settings=\"{&quot;background_background&quot;:&quot;video&quot;,&quot;background_video_link&quot;:&quot;https:\\\/\\\/www.youtube.com\\\/watch?v=5aReiI2ljFI&quot;,&quot;background_play_on_mobile&quot;:&quot;yes&quot;}\">\n\t\t<div class=\"elementor-background-video-container\">\n\t\t\t\t\t\t\t<div class=\"elementor-background-video-embed\" role=\"presentation\"><\/div>\n\t\t\t\t\t\t<\/div>\t\t<div class=\"elementor-element elementor-element-7a9b5ae open-2025-homepage-video elementor-widget elementor-widget-image\" data-id=\"7a9b5ae\" data-element_type=\"widget\" data-e-type=\"widget\" data-widget_type=\"image.default\">\n\t\t\t\t\t\t\t\t\t\t\t\t\t\t\t<img decoding=\"async\" width=\"80\" height=\"80\" src=\"https:\/\/michigancelebrates.org\/wp-content\/uploads\/2025\/08\/Play-Button.png\" class=\"attachment-large size-large wp-image-257\" alt=\"\" \/>\t\t\t\t\t\t\t\t\t\t\t\t\t\t\t<\/div>\n\t\t\t\t<\/div>\n\t\t\t\t<\/div>\n\t\t<div class=\"elementor-element elementor-element-f86ff4a e-flex e-con-boxed e-con e-parent\" data-id=\"f86ff4a\" data-element_type=\"container\" data-e-type=\"container\" data-settings=\"{&quot;background_background&quot;:&quot;classic&quot;}\">\n\t\t\t\t\t<div class=\"e-con-inner\">\n\t\t<div class=\"elementor-element elementor-element-d936cda e-con-full e-flex e-con e-child\" data-id=\"d936cda\" data-element_type=\"container\" data-e-type=\"container\">\n\t\t\t\t<div class=\"elementor-element elementor-element-9e8d5e1 elementor-view-stacked animated-fast elementor-shape-circle elementor-position-block-start elementor-mobile-position-block-start elementor-widget elementor-widget-icon-box\" data-id=\"9e8d5e1\" data-element_type=\"widget\" data-e-type=\"widget\" data-settings=\"{&quot;_animation&quot;:&quot;none&quot;}\" data-widget_type=\"icon-box.default\">\n\t\t\t\t\t\t\t<div class=\"elementor-icon-box-wrapper\">\n\n\t\t\t\t\t\t<div class=\"elementor-icon-box-icon\">\n\t\t\t\t<a href=\"https:\/\/michigancelebrates.org\/es\/mcsb-awardees\/\" class=\"elementor-icon\" tabindex=\"-1\" aria-label=\"The Award Winners\">\n\t\t\t\t<svg aria-hidden=\"true\" class=\"e-font-icon-svg e-fas-trophy\" viewBox=\"0 0 576 512\" xmlns=\"http:\/\/www.w3.org\/2000\/svg\"><path d=\"M552 64H448V24c0-13.3-10.7-24-24-24H152c-13.3 0-24 10.7-24 24v40H24C10.7 64 0 74.7 0 88v56c0 35.7 22.5 72.4 61.9 100.7 31.5 22.7 69.8 37.1 110 41.7C203.3 338.5 240 360 240 360v72h-48c-35.3 0-64 20.7-64 56v12c0 6.6 5.4 12 12 12h296c6.6 0 12-5.4 12-12v-12c0-35.3-28.7-56-64-56h-48v-72s36.7-21.5 68.1-73.6c40.3-4.6 78.6-19 110-41.7 39.3-28.3 61.9-65 61.9-100.7V88c0-13.3-10.7-24-24-24zM99.3 192.8C74.9 175.2 64 155.6 64 144v-16h64.2c1 32.6 5.8 61.2 12.8 86.2-15.1-5.2-29.2-12.4-41.7-21.4zM512 144c0 16.1-17.7 36.1-35.3 48.8-12.5 9-26.7 16.2-41.8 21.4 7-25 11.8-53.6 12.8-86.2H512v16z\"><\/path><\/svg>\t\t\t\t<\/a>\n\t\t\t<\/div>\n\t\t\t\n\t\t\t\t\t\t<div class=\"elementor-icon-box-content\">\n\n\t\t\t\t\t\t\t\t\t<h3 class=\"elementor-icon-box-title\">\n\t\t\t\t\t\t<a href=\"https:\/\/michigancelebrates.org\/es\/mcsb-awardees\/\" >\n\t\t\t\t\t\t\tThe Award Winners\t\t\t\t\t\t<\/a>\n\t\t\t\t\t<\/h3>\n\t\t\t\t\n\t\t\t\t\t\t\t\t\t<p class=\"elementor-icon-box-description\">\n\t\t\t\t\t\tView the Full List of Our\n1,000+ Award Alumni\t\t\t\t\t<\/p>\n\t\t\t\t\n\t\t\t<\/div>\n\t\t\t\n\t\t<\/div>\n\t\t\t\t\t\t<\/div>\n\t\t\t\t<\/div>\n\t\t<div class=\"elementor-element elementor-element-874b929 e-con-full e-flex e-con e-child\" data-id=\"874b929\" data-element_type=\"container\" data-e-type=\"container\">\n\t\t\t\t<div class=\"elementor-element elementor-element-d4e7b3b elementor-view-stacked animated-fast elementor-shape-circle elementor-position-block-start elementor-mobile-position-block-start elementor-widget elementor-widget-icon-box\" data-id=\"d4e7b3b\" data-element_type=\"widget\" data-e-type=\"widget\" data-settings=\"{&quot;_animation&quot;:&quot;none&quot;}\" data-widget_type=\"icon-box.default\">\n\t\t\t\t\t\t\t<div class=\"elementor-icon-box-wrapper\">\n\n\t\t\t\t\t\t<div class=\"elementor-icon-box-icon\">\n\t\t\t\t<a href=\"https:\/\/michigancelebrates.org\/es\/2026-events\/\" class=\"elementor-icon\" tabindex=\"-1\" aria-label=\"The events\">\n\t\t\t\t<svg aria-hidden=\"true\" class=\"e-font-icon-svg e-fas-glass-cheers\" viewBox=\"0 0 640 512\" xmlns=\"http:\/\/www.w3.org\/2000\/svg\"><path d=\"M639.4 433.6c-8.4-20.4-31.8-30.1-52.2-21.6l-22.1 9.2-38.7-101.9c47.9-35 64.8-100.3 34.5-152.8L474.3 16c-8-13.9-25.1-19.7-40-13.6L320 49.8 205.7 2.4c-14.9-6.2-32-.3-40 13.6L79.1 166.5C48.9 219 65.7 284.3 113.6 319.2L74.9 421.1l-22.1-9.2c-20.4-8.5-43.7 1.2-52.2 21.6-1.7 4.1.2 8.8 4.3 10.5l162.3 67.4c4.1 1.7 8.7-.2 10.4-4.3 8.4-20.4-1.2-43.8-21.6-52.3l-22.1-9.2L173.3 342c4.4.5 8.8 1.3 13.1 1.3 51.7 0 99.4-33.1 113.4-85.3l20.2-75.4 20.2 75.4c14 52.2 61.7 85.3 113.4 85.3 4.3 0 8.7-.8 13.1-1.3L506 445.6l-22.1 9.2c-20.4 8.5-30.1 31.9-21.6 52.3 1.7 4.1 6.4 6 10.4 4.3L635.1 444c4-1.7 6-6.3 4.3-10.4zM275.9 162.1l-112.1-46.5 36.5-63.4 94.5 39.2-18.9 70.7zm88.2 0l-18.9-70.7 94.5-39.2 36.5 63.4-112.1 46.5z\"><\/path><\/svg>\t\t\t\t<\/a>\n\t\t\t<\/div>\n\t\t\t\n\t\t\t\t\t\t<div class=\"elementor-icon-box-content\">\n\n\t\t\t\t\t\t\t\t\t<h3 class=\"elementor-icon-box-title\">\n\t\t\t\t\t\t<a href=\"https:\/\/michigancelebrates.org\/es\/2026-events\/\" >\n\t\t\t\t\t\t\tThe events\t\t\t\t\t\t<\/a>\n\t\t\t\t\t<\/h3>\n\t\t\t\t\n\t\t\t\t\t\t\t\t\t<p class=\"elementor-icon-box-description\">\n\t\t\t\t\t\tLearn More About Our Upcoming 2026 Celebrations\t\t\t\t\t<\/p>\n\t\t\t\t\n\t\t\t<\/div>\n\t\t\t\n\t\t<\/div>\n\t\t\t\t\t\t<\/div>\n\t\t\t\t<\/div>\n\t\t<div class=\"elementor-element elementor-element-7a740bf e-con-full e-flex e-con e-child\" data-id=\"7a740bf\" data-element_type=\"container\" data-e-type=\"container\">\n\t\t\t\t<div class=\"elementor-element elementor-element-b6dc109 elementor-view-stacked animated-fast elementor-shape-circle elementor-position-block-start elementor-mobile-position-block-start elementor-widget elementor-widget-icon-box\" data-id=\"b6dc109\" data-element_type=\"widget\" data-e-type=\"widget\" data-settings=\"{&quot;_animation&quot;:&quot;none&quot;}\" data-widget_type=\"icon-box.default\">\n\t\t\t\t\t\t\t<div class=\"elementor-icon-box-wrapper\">\n\n\t\t\t\t\t\t<div class=\"elementor-icon-box-icon\">\n\t\t\t\t<a href=\"https:\/\/michigancelebrates.org\/es\/supporters\/\" class=\"elementor-icon\" tabindex=\"-1\" aria-label=\"Our Supporters\">\n\t\t\t\t<svg aria-hidden=\"true\" class=\"e-font-icon-svg e-fas-handshake\" viewBox=\"0 0 640 512\" xmlns=\"http:\/\/www.w3.org\/2000\/svg\"><path d=\"M434.7 64h-85.9c-8 0-15.7 3-21.6 8.4l-98.3 90c-.1.1-.2.3-.3.4-16.6 15.6-16.3 40.5-2.1 56 12.7 13.9 39.4 17.6 56.1 2.7.1-.1.3-.1.4-.2l79.9-73.2c6.5-5.9 16.7-5.5 22.6 1 6 6.5 5.5 16.6-1 22.6l-26.1 23.9L504 313.8c2.9 2.4 5.5 5 7.9 7.7V128l-54.6-54.6c-5.9-6-14.1-9.4-22.6-9.4zM544 128.2v223.9c0 17.7 14.3 32 32 32h64V128.2h-96zm48 223.9c-8.8 0-16-7.2-16-16s7.2-16 16-16 16 7.2 16 16-7.2 16-16 16zM0 384h64c17.7 0 32-14.3 32-32V128.2H0V384zm48-63.9c8.8 0 16 7.2 16 16s-7.2 16-16 16-16-7.2-16-16c0-8.9 7.2-16 16-16zm435.9 18.6L334.6 217.5l-30 27.5c-29.7 27.1-75.2 24.5-101.7-4.4-26.9-29.4-24.8-74.9 4.4-101.7L289.1 64h-83.8c-8.5 0-16.6 3.4-22.6 9.4L128 128v223.9h18.3l90.5 81.9c27.4 22.3 67.7 18.1 90-9.3l.2-.2 17.9 15.5c15.9 13 39.4 10.5 52.3-5.4l31.4-38.6 5.4 4.4c13.7 11.1 33.9 9.1 45-4.7l9.5-11.7c11.2-13.8 9.1-33.9-4.6-45.1z\"><\/path><\/svg>\t\t\t\t<\/a>\n\t\t\t<\/div>\n\t\t\t\n\t\t\t\t\t\t<div class=\"elementor-icon-box-content\">\n\n\t\t\t\t\t\t\t\t\t<h3 class=\"elementor-icon-box-title\">\n\t\t\t\t\t\t<a href=\"https:\/\/michigancelebrates.org\/es\/supporters\/\" >\n\t\t\t\t\t\t\tOur Supporters\t\t\t\t\t\t<\/a>\n\t\t\t\t\t<\/h3>\n\t\t\t\t\n\t\t\t\t\t\t\t\t\t<p class=\"elementor-icon-box-description\">\n\t\t\t\t\t\tMCSB is the Largest Collaboration of Small Business Supporters in the State\t\t\t\t\t<\/p>\n\t\t\t\t\n\t\t\t<\/div>\n\t\t\t\n\t\t<\/div>\n\t\t\t\t\t\t<\/div>\n\t\t\t\t<\/div>\n\t\t\t\t\t<\/div>\n\t\t\t\t<\/div>\n\t\t\t\t<\/div>\n\t\t","protected":false},"excerpt":{"rendered":"<p>Nominations for the 2026 MCSB Awards Open in Early September. Stay Tuned! congratulations to our 2026 award winners 2026 Awardees All the details you need for our april 21 &amp; 22 events Event Details Fostering Michigan\u2019s Entrepreneurial Spirit The mission of the program is to honor and recognize Michigan\u2019s small businesses and the champions and [&hellip;]<\/p>\n","protected":false},"author":1,"featured_media":0,"parent":0,"menu_order":0,"comment_status":"closed","ping_status":"closed","template":"","meta":{"footnotes":""},"class_list":["post-12","page","type-page","status-publish","hentry"],"yoast_head":"<!-- This site is optimized with the Yoast SEO plugin v27.3 - https:\/\/yoast.com\/product\/yoast-seo-wordpress\/ -->\n<title>Michigan Celebrates Small Business | The Premier Event for Michigan Small Business Owners<\/title>\n<meta name=\"description\" content=\"Michigan Celebrates Small Business (MCSB) Summit is the premier event for small business owners in Michigan.\" \/>\n<meta name=\"robots\" content=\"index, follow, max-snippet:-1, max-image-preview:large, max-video-preview:-1\" \/>\n<link rel=\"canonical\" href=\"https:\/\/michigancelebrates.org\/es\/\" \/>\n<meta property=\"og:locale\" content=\"es_MX\" \/>\n<meta property=\"og:type\" content=\"article\" \/>\n<meta property=\"og:title\" content=\"Michigan Celebrates Small Business | The Premier Event for Michigan Small Business Owners\" \/>\n<meta property=\"og:description\" content=\"Michigan Celebrates Small Business (MCSB) Summit is the premier event for small business owners in Michigan.\" \/>\n<meta property=\"og:url\" content=\"https:\/\/michigancelebrates.org\/es\/\" \/>\n<meta property=\"og:site_name\" content=\"Michigan Celebrates Small Business\" \/>\n<meta property=\"article:publisher\" content=\"https:\/\/www.facebook.com\/theMCSB\" \/>\n<meta property=\"article:modified_time\" content=\"2026-04-16T12:36:19+00:00\" \/>\n<meta property=\"og:image\" content=\"https:\/\/michigancelebrates.org\/wp-content\/uploads\/2025\/08\/Play-Button.png\" \/>\n\t<meta property=\"og:image:width\" content=\"80\" \/>\n\t<meta property=\"og:image:height\" content=\"80\" \/>\n\t<meta property=\"og:image:type\" content=\"image\/png\" \/>\n<meta name=\"twitter:card\" content=\"summary_large_image\" \/>\n<meta name=\"twitter:site\" content=\"@theMCSB\" \/>\n<script type=\"application\/ld+json\" class=\"yoast-schema-graph\">{\"@context\":\"https:\\\/\\\/schema.org\",\"@graph\":[{\"@type\":\"WebPage\",\"@id\":\"https:\\\/\\\/michigancelebrates.org\\\/\",\"url\":\"https:\\\/\\\/michigancelebrates.org\\\/\",\"name\":\"Michigan Celebrates Small Business | The Premier Event for Michigan Small Business Owners\",\"isPartOf\":{\"@id\":\"https:\\\/\\\/michigancelebrates.org\\\/#website\"},\"primaryImageOfPage\":{\"@id\":\"https:\\\/\\\/michigancelebrates.org\\\/#primaryimage\"},\"image\":{\"@id\":\"https:\\\/\\\/michigancelebrates.org\\\/#primaryimage\"},\"thumbnailUrl\":\"https:\\\/\\\/michigancelebrates.org\\\/wp-content\\\/uploads\\\/2025\\\/08\\\/Play-Button.png\",\"datePublished\":\"2025-08-13T20:26:34+00:00\",\"dateModified\":\"2026-04-16T12:36:19+00:00\",\"description\":\"Michigan Celebrates Small Business (MCSB) Summit is the premier event for small business owners in Michigan.\",\"breadcrumb\":{\"@id\":\"https:\\\/\\\/michigancelebrates.org\\\/#breadcrumb\"},\"inLanguage\":\"es\",\"potentialAction\":[{\"@type\":\"ReadAction\",\"target\":[\"https:\\\/\\\/michigancelebrates.org\\\/\"]}]},{\"@type\":\"ImageObject\",\"inLanguage\":\"es\",\"@id\":\"https:\\\/\\\/michigancelebrates.org\\\/#primaryimage\",\"url\":\"https:\\\/\\\/michigancelebrates.org\\\/wp-content\\\/uploads\\\/2025\\\/08\\\/Play-Button.png\",\"contentUrl\":\"https:\\\/\\\/michigancelebrates.org\\\/wp-content\\\/uploads\\\/2025\\\/08\\\/Play-Button.png\"},{\"@type\":\"BreadcrumbList\",\"@id\":\"https:\\\/\\\/michigancelebrates.org\\\/#breadcrumb\",\"itemListElement\":[{\"@type\":\"ListItem\",\"position\":1,\"name\":\"Home\",\"item\":\"https:\\\/\\\/michigancelebrates.org\\\/\"},{\"@type\":\"ListItem\",\"position\":2,\"name\":\"Michigan Celebrates Small Business\"}]},{\"@type\":\"WebSite\",\"@id\":\"https:\\\/\\\/michigancelebrates.org\\\/#website\",\"url\":\"https:\\\/\\\/michigancelebrates.org\\\/\",\"name\":\"Michigan Celebrates Small Business\",\"description\":\"\",\"publisher\":{\"@id\":\"https:\\\/\\\/michigancelebrates.org\\\/#organization\"},\"potentialAction\":[{\"@type\":\"SearchAction\",\"target\":{\"@type\":\"EntryPoint\",\"urlTemplate\":\"https:\\\/\\\/michigancelebrates.org\\\/?s={search_term_string}\"},\"query-input\":{\"@type\":\"PropertyValueSpecification\",\"valueRequired\":true,\"valueName\":\"search_term_string\"}}],\"inLanguage\":\"es\"},{\"@type\":\"Organization\",\"@id\":\"https:\\\/\\\/michigancelebrates.org\\\/#organization\",\"name\":\"Michigan Celebrates Small Business\",\"url\":\"https:\\\/\\\/michigancelebrates.org\\\/\",\"logo\":{\"@type\":\"ImageObject\",\"inLanguage\":\"es\",\"@id\":\"https:\\\/\\\/michigancelebrates.org\\\/#\\\/schema\\\/logo\\\/image\\\/\",\"url\":\"https:\\\/\\\/michigancelebrates.org\\\/wp-content\\\/uploads\\\/2025\\\/08\\\/MCSB-Logo.webp\",\"contentUrl\":\"https:\\\/\\\/michigancelebrates.org\\\/wp-content\\\/uploads\\\/2025\\\/08\\\/MCSB-Logo.webp\",\"width\":1200,\"height\":283,\"caption\":\"Michigan Celebrates Small Business\"},\"image\":{\"@id\":\"https:\\\/\\\/michigancelebrates.org\\\/#\\\/schema\\\/logo\\\/image\\\/\"},\"sameAs\":[\"https:\\\/\\\/www.facebook.com\\\/theMCSB\",\"https:\\\/\\\/x.com\\\/theMCSB\",\"https:\\\/\\\/www.linkedin.com\\\/company\\\/mcsb\\\/\",\"https:\\\/\\\/www.youtube.com\\\/channel\\\/UC03OWtnmxyjq_pKdOt8vDHg\\\/\"]}]}<\/script>\n<!-- \/ Yoast SEO plugin. -->","yoast_head_json":{"title":"Michigan Celebra la Peque\u00f1a Empresa | El principal acontecimiento para los propietarios de peque\u00f1as empresas de Michigan","description":"La Cumbre Michigan Celebra la Peque\u00f1a Empresa (MCSB) es el principal acontecimiento para los propietarios de peque\u00f1as empresas de Michigan.","robots":{"index":"index","follow":"follow","max-snippet":"max-snippet:-1","max-image-preview":"max-image-preview:large","max-video-preview":"max-video-preview:-1"},"canonical":"https:\/\/michigancelebrates.org\/es\/","og_locale":"es_MX","og_type":"article","og_title":"Michigan Celebrates Small Business | The Premier Event for Michigan Small Business Owners","og_description":"Michigan Celebrates Small Business (MCSB) Summit is the premier event for small business owners in Michigan.","og_url":"https:\/\/michigancelebrates.org\/es\/","og_site_name":"Michigan Celebrates Small Business","article_publisher":"https:\/\/www.facebook.com\/theMCSB","article_modified_time":"2026-04-16T12:36:19+00:00","og_image":[{"width":80,"height":80,"url":"https:\/\/michigancelebrates.org\/wp-content\/uploads\/2025\/08\/Play-Button.png","type":"image\/png"}],"twitter_card":"summary_large_image","twitter_site":"@theMCSB","schema":{"@context":"https:\/\/schema.org","@graph":[{"@type":"WebPage","@id":"https:\/\/michigancelebrates.org\/","url":"https:\/\/michigancelebrates.org\/","name":"Michigan Celebra la Peque\u00f1a Empresa | El principal acontecimiento para los propietarios de peque\u00f1as empresas de Michigan","isPartOf":{"@id":"https:\/\/michigancelebrates.org\/#website"},"primaryImageOfPage":{"@id":"https:\/\/michigancelebrates.org\/#primaryimage"},"image":{"@id":"https:\/\/michigancelebrates.org\/#primaryimage"},"thumbnailUrl":"https:\/\/michigancelebrates.org\/wp-content\/uploads\/2025\/08\/Play-Button.png","datePublished":"2025-08-13T20:26:34+00:00","dateModified":"2026-04-16T12:36:19+00:00","description":"La Cumbre Michigan Celebra la Peque\u00f1a Empresa (MCSB) es el principal acontecimiento para los propietarios de peque\u00f1as empresas de Michigan.","breadcrumb":{"@id":"https:\/\/michigancelebrates.org\/#breadcrumb"},"inLanguage":"es","potentialAction":[{"@type":"ReadAction","target":["https:\/\/michigancelebrates.org\/"]}]},{"@type":"ImageObject","inLanguage":"es","@id":"https:\/\/michigancelebrates.org\/#primaryimage","url":"https:\/\/michigancelebrates.org\/wp-content\/uploads\/2025\/08\/Play-Button.png","contentUrl":"https:\/\/michigancelebrates.org\/wp-content\/uploads\/2025\/08\/Play-Button.png"},{"@type":"BreadcrumbList","@id":"https:\/\/michigancelebrates.org\/#breadcrumb","itemListElement":[{"@type":"ListItem","position":1,"name":"Home","item":"https:\/\/michigancelebrates.org\/"},{"@type":"ListItem","position":2,"name":"Michigan Celebrates Small Business"}]},{"@type":"WebSite","@id":"https:\/\/michigancelebrates.org\/#website","url":"https:\/\/michigancelebrates.org\/","name":"Michigan celebra la peque\u00f1a empresa","description":"","publisher":{"@id":"https:\/\/michigancelebrates.org\/#organization"},"potentialAction":[{"@type":"SearchAction","target":{"@type":"EntryPoint","urlTemplate":"https:\/\/michigancelebrates.org\/?s={search_term_string}"},"query-input":{"@type":"PropertyValueSpecification","valueRequired":true,"valueName":"search_term_string"}}],"inLanguage":"es"},{"@type":"Organization","@id":"https:\/\/michigancelebrates.org\/#organization","name":"Michigan celebra la peque\u00f1a empresa","url":"https:\/\/michigancelebrates.org\/","logo":{"@type":"ImageObject","inLanguage":"es","@id":"https:\/\/michigancelebrates.org\/#\/schema\/logo\/image\/","url":"https:\/\/michigancelebrates.org\/wp-content\/uploads\/2025\/08\/MCSB-Logo.webp","contentUrl":"https:\/\/michigancelebrates.org\/wp-content\/uploads\/2025\/08\/MCSB-Logo.webp","width":1200,"height":283,"caption":"Michigan Celebrates Small Business"},"image":{"@id":"https:\/\/michigancelebrates.org\/#\/schema\/logo\/image\/"},"sameAs":["https:\/\/www.facebook.com\/theMCSB","https:\/\/x.com\/theMCSB","https:\/\/www.linkedin.com\/company\/mcsb\/","https:\/\/www.youtube.com\/channel\/UC03OWtnmxyjq_pKdOt8vDHg\/"]}]}},"_links":{"self":[{"href":"https:\/\/michigancelebrates.org\/es\/wp-json\/wp\/v2\/pages\/12","targetHints":{"allow":["GET"]}}],"collection":[{"href":"https:\/\/michigancelebrates.org\/es\/wp-json\/wp\/v2\/pages"}],"about":[{"href":"https:\/\/michigancelebrates.org\/es\/wp-json\/wp\/v2\/types\/page"}],"author":[{"embeddable":true,"href":"https:\/\/michigancelebrates.org\/es\/wp-json\/wp\/v2\/users\/1"}],"replies":[{"embeddable":true,"href":"https:\/\/michigancelebrates.org\/es\/wp-json\/wp\/v2\/comments?post=12"}],"version-history":[{"count":273,"href":"https:\/\/michigancelebrates.org\/es\/wp-json\/wp\/v2\/pages\/12\/revisions"}],"predecessor-version":[{"id":2001,"href":"https:\/\/michigancelebrates.org\/es\/wp-json\/wp\/v2\/pages\/12\/revisions\/2001"}],"wp:attachment":[{"href":"https:\/\/michigancelebrates.org\/es\/wp-json\/wp\/v2\/media?parent=12"}],"curies":[{"name":"wp","href":"https:\/\/api.w.org\/{rel}","templated":true}]}}